{"id":9718,"date":"2023-10-03T11:49:48","date_gmt":"2023-10-03T09:49:48","guid":{"rendered":"https:\/\/klinikadlamezczyzn.pl\/?page_id=9718"},"modified":"2023-11-06T13:07:38","modified_gmt":"2023-11-06T12:07:38","slug":"phimosis-2","status":"publish","type":"page","link":"https:\/\/klinikadlamezczyzn.pl\/en\/artykuly\/stulejka\/","title":{"rendered":"Phimosis"},"content":{"rendered":"<div data-elementor-type=\"wp-page\" data-elementor-id=\"9718\" class=\"elementor elementor-9718\">\n\t\t\t\t\t\t<section class=\"elementor-section elementor-top-section elementor-element elementor-element-2537ecd elementor-section-boxed elementor-section-height-default elementor-section-height-default\" data-id=\"2537ecd\" data-element_type=\"section\" data-e-type=\"section\" data-settings=\"{&quot;background_background&quot;:&quot;classic&quot;}\">\n\t\t\t\t\t\t<div class=\"elementor-container elementor-column-gap-default\">\n\t\t\t\t\t<div class=\"elementor-column elementor-col-100 elementor-top-column elementor-element elementor-element-9db84e5\" data-id=\"9db84e5\" data-element_type=\"column\" data-e-type=\"column\">\n\t\t\t<div class=\"elementor-widget-wrap elementor-element-populated\">\n\t\t\t\t\t\t<div class=\"elementor-element elementor-element-211dcb3 elementor-widget elementor-widget-heading\" data-id=\"211dcb3\" data-element_type=\"widget\" data-e-type=\"widget\" data-widget_type=\"heading.default\">\n\t\t\t\t<div class=\"elementor-widget-container\">\n\t\t\t\t\t<h1 class=\"elementor-heading-title elementor-size-default\">Phimosis\n<\/h1>\t\t\t\t<\/div>\n\t\t\t\t<\/div>\n\t\t\t\t\t<\/div>\n\t\t<\/div>\n\t\t\t\t\t<\/div>\n\t\t<\/section>\n\t\t\t\t<section class=\"elementor-section elementor-top-section elementor-element elementor-element-dd8abb9 elementor-section-boxed elementor-section-height-default elementor-section-height-default\" data-id=\"dd8abb9\" data-element_type=\"section\" data-e-type=\"section\">\n\t\t\t\t\t\t<div class=\"elementor-container elementor-column-gap-default\">\n\t\t\t\t\t<div class=\"elementor-column elementor-col-100 elementor-top-column elementor-element elementor-element-520a8e6\" data-id=\"520a8e6\" data-element_type=\"column\" data-e-type=\"column\">\n\t\t\t<div class=\"elementor-widget-wrap elementor-element-populated\">\n\t\t\t\t\t\t<div class=\"elementor-element elementor-element-c228365 elementor-widget elementor-widget-text-editor\" data-id=\"c228365\" data-element_type=\"widget\" data-e-type=\"widget\" data-widget_type=\"text-editor.default\">\n\t\t\t\t<div class=\"elementor-widget-container\">\n\t\t\t\t\t\t\t\t\t<h2><strong>What is phimosis? <\/strong><\/h2><p>Phimosis is a congenital or acquired defect of the penis. It is a condition characterized by a narrowing or adhesion of the foreskin at the end of the penis, preventing the free exposure of the glans by retracting the foreskin into the sulcus behind the glans. It is a relatively common condition, especially in children, but it can also occur in adult men. In adulthood, problems with the foreskin can have a huge impact on a man's mental health and general well-being.<\/p><p>Phimosis can cause severe pain during intercourse or when putting on a condom, problems with potency, and difficulty urinating. Additionally, phimosis can lead to inflammation of the foreskin, because it significantly impedes the maintenance of genital hygiene. The foreskin can collect remnants of urine, sperm, or sebum, which creates an ideal environment for the development of bacteria, and therefore inflammation. This is dangerous not only for the man suffering from phimosis, but also for his partner, because these bacterial infections can be transmitted sexually.<\/p><h2><strong>Rodzaje stulejki <\/strong><\/h2><p>Phimosis can be of different types depending on the cause of its occurrence. The most common types of phimosis are:<\/p><ul><li>Stulejka wrodzona (stulejka fizjologiczna) \u2013 w przypadku stulejki fizjologicznej stulejka rozpoczyna si\u0119 w wieku dzieci\u0119cym. U dzieci, stulejka fizjologiczna najcz\u0119\u015bciej rozwi\u0105zuje si\u0119 sama, jednak je\u015bli nie by\u0142a ona leczona prawid\u0142owo, potencjalnie mo\u017ce dokucza\u0107 m\u0119\u017cczy\u017anie przez wiele lat.<\/li><li>Stulejka nabyta (stulejka patologiczna) \u2013 czyli stulejka kt\u00f3ra powsta\u0142a w skutek nieodpowiedniej higieny narz\u0105d\u00f3w p\u0142ciowych, czy stan\u00f3w zapalnych napletka.<\/li><\/ul><p>Additionally, two types of phimosis can be distinguished depending on how much the glans penis is covered during erection:<\/p><ul><li>Stulejka ca\u0142kowita \u2013 w przypadku stulejki ca\u0142kowitej napletek w pe\u0142ni zas\u0142ania \u017co\u0142\u0105d\u017a pr\u0105cia przez co odprowadzenie napletka do rowka za\u017co\u0142\u0119dnego jest niemo\u017cliwe, nawet w stanie spoczynku penisa.<\/li><li>Stulejka cz\u0119\u015bciowa \u2013 w przypadku stulejki cz\u0119\u015bciowej \u017co\u0142\u0105d\u017a penisa w stanie wzwodu mo\u017cna ods\u0142oni\u0107 tylko cz\u0119\u015bciowo.<\/li><\/ul><h2><strong>Jakie s\u0105 przyczyny stulejki? <\/strong><\/h2><p>The causes of phimosis can vary and depend on the type. Congenital phimosis, also known as physiological phimosis, which occurs in infants and young children, is the result of the natural maturation of the foreskin. According to experts, about 96% of boys have the problem of physiological phimosis. In the case of physiological phimosis, this skin usually develops with the child's age and phimosis disappears in most cases by the time the child reaches 3-4 years of age. This means that treatment for phimosis is usually not necessary in children.<\/p><p>Pathological phimosis, which occurs in adult men, can be caused by various factors. One of the most common causes is poor intimate hygiene, which leads to inflammation of the foreskin and scarring, which in turn can lead to narrowing or adhesions of the foreskin. Inflammation related to the foreskin in adult men must be taken seriously, as it can lead to difficulties with intercourse or even be transferred to a sexual partner. Additionally, if acquired phimosis is not treated for a long time - it can lead to cancerous changes in the area of \u200b\u200bthe penis. Infections, such as sexually transmitted diseases, are also a common cause of pathological phimosis.<\/p><p>Dodatkowo, stulejka patologiczna mo\u017ce by\u0107 spowodowana przez urazy, takie jak urazy mechaniczne lub operacyjne, kt\u00f3re prowadz\u0105 do powstania blizn i zw\u0119\u017cenia sk\u00f3ry napletka. Cz\u0119sto te\u017c wyst\u0119puje u m\u0119\u017cczyzn z cukrzyc\u0105, kt\u00f3rzy maj\u0105 sk\u0142onno\u015b\u0107 do stan\u00f3w zapalnych sk\u00f3ry napletka. Patologiczn\u0105 stulejk\u0119 trzeba konsultowa\u0107 z lekarzem urologiem, kt\u00f3ry zaplanuje odpowiednie leczenie chirurgiczne.<\/p><p>In the case of pathological phimosis, it is important to identify its cause and treat it appropriately to prevent more serious health problems in the future. Regular intimate hygiene, as well as avoiding unsafe sexual behaviors, such as contact with people infected with sexually transmitted diseases, can help prevent pathological phimosis.<\/p><p>It should be emphasized that pathological phimosis does not go away on its own and requires appropriate treatment under the supervision of a urologist. Additionally, untreated phimosis can manifest as inflammation of the glans penis, inability to urinate, or erectile dysfunction.<\/p><h2><strong>Leczenie stulejki <\/strong><\/h2><p>Do leczenia stulejki nale\u017cy zaanga\u017cowa\u0107 urologa, kt\u00f3ry b\u0119dzie m\u00f3g\u0142 pom\u00f3c w diagnozie i zaplanowa\u0107 odpowiednie leczenie.<\/p><p>Do metod leczenia stulejki zaliczamy plastyk\u0119 stulejki lub w\u0119dzide\u0142ka, oraz obrzezanie. Zar\u00f3wno plastyka stulejki, jak i plastyka w\u0119dzide\u0142ka s\u0105 zabiegami chirurgicznymi wykonywanymi przez urologa w znieczuleniu miejscowym, w warunkach ambulatoryjnych.<\/p><p>W Vedi Warszawa zabieg usuwania stulejki u doros\u0142ych polega na poszerzeniu napletka, aby m\u0119\u017cczyzn m\u00f3g\u0142 go swobodnie zsun\u0105\u0107 z \u017co\u0142\u0119dzi, zar\u00f3wno w stanie spoczynku, jak i podczas wzwodu. Je\u015bli napletek jest bardzo uszkodzony, przez widoczne zbliznowacenia, urolog mo\u017ce podj\u0105\u0107 decyzj\u0119 o obrzezaniu, czyli ca\u0142kowitym usuni\u0119ciu napletka.<\/p><p>Plastyka w\u0119dzide\u0142ka r\u00f3wnie\u017c mo\u017ce by\u0107 zaliczona do metod leczenia stulejki. Ten zabieg polega na wyd\u0142u\u017ceniu w\u0119dzide\u0142ka poprzez jego naci\u0119cie, a nast\u0119pnie zszycie w taki spos\u00f3b aby zosta\u0142o wyd\u0142u\u017cone i wzmocnione.<\/p><h2><strong>Stulejka leczenie domowe<\/strong><\/h2><p>When treating phimosis, you should first and foremost remain under the care of a urologist. Any home remedies for phimosis may not only not bring the expected results, but may even worsen the condition of the foreskin.<\/p><p>On internet forums, you can often find ideas of \"foreskin training\" which involves aggressively pulling the foreskin off the glans, e.g. during bathing. We emphasize that this is a very dangerous behavior! It can lead to abrasions, rupture of the foreskin skin, bleeding, or infection. In men, phimosis is treated only by a urologist, most often using the surgical methods described above.<\/p><p>Nie jeste\u015b pewien jaki spos\u00f3b leczenia trzeba podj\u0105\u0107 w Twoim przypadku? Um\u00f3w si\u0119 na konsultacje w Vedi Clinic.<\/p>\t\t\t\t\t\t\t\t<\/div>\n\t\t\t\t<\/div>\n\t\t\t\t\t<\/div>\n\t\t<\/div>\n\t\t\t\t\t<\/div>\n\t\t<\/section>\n\t\t\t\t<section class=\"elementor-section elementor-top-section elementor-element elementor-element-be3945b elementor-section-boxed elementor-section-height-default elementor-section-height-default\" data-id=\"be3945b\" data-element_type=\"section\" data-e-type=\"section\">\n\t\t\t\t\t\t<div class=\"elementor-container elementor-column-gap-default\">\n\t\t\t\t\t<div class=\"elementor-column elementor-col-100 elementor-top-column elementor-element elementor-element-ea45cd0\" data-id=\"ea45cd0\" data-element_type=\"column\" data-e-type=\"column\">\n\t\t\t<div class=\"elementor-widget-wrap elementor-element-populated\">\n\t\t\t\t\t\t<div class=\"elementor-element elementor-element-50eaea0 elementor-widget elementor-widget-text-editor\" data-id=\"50eaea0\" data-element_type=\"widget\" data-e-type=\"widget\" data-widget_type=\"text-editor.default\">\n\t\t\t\t<div class=\"elementor-widget-container\">\n\t\t\t\t\t\t\t\t\t<p>Find out more about phimosis:<\/p><ul><li><span style=\"color: #0000ff;\"><a style=\"color: #0000ff;\" href=\"https:\/\/klinikadlamezczyzn.pl\/en\/articles\/phimosis-2\/\">Stulejka to stan, w kt\u00f3rym napletek (sk\u00f3ra pr\u0105cia) jest zbyt napi\u0119ty, aby mo\u017cna go by\u0142o swobodnie odprowadzi\u0107 z \u017co\u0142\u0119dzi.<\/a><\/span><\/li><li><span style=\"color: #0000ff;\"><a style=\"color: #0000ff;\" href=\"https:\/\/klinikadlamezczyzn.pl\/en\/articles\/phimosis-2\/foreskin-and-phimosis-plastic-surgery\/\"><span style=\"color: #0000ff;\">Foreskin plastic surgery and phimosis<\/span><\/a><\/span><\/li><li><span style=\"color: #0000ff;\"><a style=\"color: #0000ff;\" href=\"https:\/\/klinikadlamezczyzn.pl\/en\/articles\/phimosis-2\/recognition-and-treatment-of-phimosis\/\">Recognition and treatment of phimosis<\/a><\/span><\/li><\/ul>\t\t\t\t\t\t\t\t<\/div>\n\t\t\t\t<\/div>\n\t\t\t\t\t<\/div>\n\t\t<\/div>\n\t\t\t\t\t<\/div>\n\t\t<\/section>\n\t\t\t\t<\/div>","protected":false},"excerpt":{"rendered":"<p>Stulejka Czym jest stulejka? Stulejka jest wrodzonym lub nabytym defektem penisa. To dolegliwo\u015b\u0107, kt\u00f3r\u0105 charakteryzuje zw\u0119\u017cenie lub zrost sk\u00f3ry napletka na ko\u0144cu pr\u0105cia, uniemo\u017cliwiaj\u0105ce swobodne ods\u0142oni\u0119cie \u017co\u0142\u0119dzi poprzez odprowadzenie napletka do rowka za\u017co\u0142\u0119dnego. Jest to stosunkowo cz\u0119ste schorzenie, szczeg\u00f3lnie u dzieci, ale mo\u017ce wyst\u0119powa\u0107 r\u00f3wnie\u017c u doros\u0142ych m\u0119\u017cczyzn. W doros\u0142ym \u017cyciu m\u0119\u017cczyzny problemy z napletkiem [&hellip;]<\/p>\n","protected":false},"author":13,"featured_media":0,"parent":9461,"menu_order":0,"comment_status":"closed","ping_status":"closed","template":"","meta":{"footnotes":""},"class_list":["post-9718","page","type-page","status-publish","hentry"],"yoast_head":"<!-- This site is optimized with the Yoast SEO plugin v27.0 - https:\/\/yoast.com\/product\/yoast-seo-wordpress\/ -->\n<title>Zabieg usuwania stulejki u doros\u0142ych Warszawa - Klinika dla m\u0119\u017cczyzn Warszawa<\/title>\n<meta name=\"robots\" content=\"index, follow, max-snippet:-1, max-image-preview:large, max-video-preview:-1\" \/>\n<link rel=\"canonical\" href=\"https:\/\/klinikadlamezczyzn.pl\/en\/articles\/phimosis-2\/\" \/>\n<meta property=\"og:locale\" content=\"en_GB\" \/>\n<meta property=\"og:type\" content=\"article\" \/>\n<meta property=\"og:title\" content=\"Zabieg usuwania stulejki u doros\u0142ych Warszawa - Klinika dla m\u0119\u017cczyzn Warszawa\" \/>\n<meta property=\"og:description\" content=\"Stulejka Czym jest stulejka? Stulejka jest wrodzonym lub nabytym defektem penisa. To dolegliwo\u015b\u0107, kt\u00f3r\u0105 charakteryzuje zw\u0119\u017cenie lub zrost sk\u00f3ry napletka na ko\u0144cu pr\u0105cia, uniemo\u017cliwiaj\u0105ce swobodne ods\u0142oni\u0119cie \u017co\u0142\u0119dzi poprzez odprowadzenie napletka do rowka za\u017co\u0142\u0119dnego. Jest to stosunkowo cz\u0119ste schorzenie, szczeg\u00f3lnie u dzieci, ale mo\u017ce wyst\u0119powa\u0107 r\u00f3wnie\u017c u doros\u0142ych m\u0119\u017cczyzn. W doros\u0142ym \u017cyciu m\u0119\u017cczyzny problemy z napletkiem [&hellip;]\" \/>\n<meta property=\"og:url\" content=\"https:\/\/klinikadlamezczyzn.pl\/en\/articles\/phimosis-2\/\" \/>\n<meta property=\"og:site_name\" content=\"Klinika dla m\u0119\u017cczyzn Warszawa\" \/>\n<meta property=\"article:publisher\" content=\"https:\/\/www.facebook.com\/vediclinic\" \/>\n<meta property=\"article:modified_time\" content=\"2023-11-06T12:07:38+00:00\" \/>\n<meta name=\"twitter:card\" content=\"summary_large_image\" \/>\n<meta name=\"twitter:label1\" content=\"Estimated reading time\" \/>\n\t<meta name=\"twitter:data1\" content=\"5 minutes\" \/>\n<script type=\"application\/ld+json\" class=\"yoast-schema-graph\">{\"@context\":\"https:\/\/schema.org\",\"@graph\":[{\"@type\":\"WebPage\",\"@id\":\"https:\/\/klinikadlamezczyzn.pl\/artykuly\/stulejka\/\",\"url\":\"https:\/\/klinikadlamezczyzn.pl\/artykuly\/stulejka\/\",\"name\":\"Zabieg usuwania stulejki u doros\u0142ych Warszawa - Klinika dla m\u0119\u017cczyzn Warszawa\",\"isPartOf\":{\"@id\":\"https:\/\/klinikadlamezczyzn.pl\/#website\"},\"datePublished\":\"2023-10-03T09:49:48+00:00\",\"dateModified\":\"2023-11-06T12:07:38+00:00\",\"breadcrumb\":{\"@id\":\"https:\/\/klinikadlamezczyzn.pl\/artykuly\/stulejka\/#breadcrumb\"},\"inLanguage\":\"en-GB\",\"potentialAction\":[{\"@type\":\"ReadAction\",\"target\":[\"https:\/\/klinikadlamezczyzn.pl\/artykuly\/stulejka\/\"]}]},{\"@type\":\"BreadcrumbList\",\"@id\":\"https:\/\/klinikadlamezczyzn.pl\/artykuly\/stulejka\/#breadcrumb\",\"itemListElement\":[{\"@type\":\"ListItem\",\"position\":1,\"name\":\"Artyku\u0142y\",\"item\":\"https:\/\/klinikadlamezczyzn.pl\/artykuly\/\"},{\"@type\":\"ListItem\",\"position\":2,\"name\":\"Stulejka\"}]},{\"@type\":\"WebSite\",\"@id\":\"https:\/\/klinikadlamezczyzn.pl\/#website\",\"url\":\"https:\/\/klinikadlamezczyzn.pl\/\",\"name\":\"Klinika dla m\u0119\u017cczyzn Warszawa\",\"description\":\"\",\"publisher\":{\"@id\":\"https:\/\/klinikadlamezczyzn.pl\/#organization\"},\"potentialAction\":[{\"@type\":\"SearchAction\",\"target\":{\"@type\":\"EntryPoint\",\"urlTemplate\":\"https:\/\/klinikadlamezczyzn.pl\/?s={search_term_string}\"},\"query-input\":{\"@type\":\"PropertyValueSpecification\",\"valueRequired\":true,\"valueName\":\"search_term_string\"}}],\"inLanguage\":\"en-GB\"},{\"@type\":\"Organization\",\"@id\":\"https:\/\/klinikadlamezczyzn.pl\/#organization\",\"name\":\"VEDI Clinic\",\"url\":\"https:\/\/klinikadlamezczyzn.pl\/\",\"logo\":{\"@type\":\"ImageObject\",\"inLanguage\":\"en-GB\",\"@id\":\"https:\/\/klinikadlamezczyzn.pl\/#\/schema\/logo\/image\/\",\"url\":\"https:\/\/klinikadlamezczyzn.pl\/wp-content\/uploads\/2021\/10\/VEDI-logo-dark.png\",\"contentUrl\":\"https:\/\/klinikadlamezczyzn.pl\/wp-content\/uploads\/2021\/10\/VEDI-logo-dark.png\",\"width\":120,\"height\":56,\"caption\":\"VEDI Clinic\"},\"image\":{\"@id\":\"https:\/\/klinikadlamezczyzn.pl\/#\/schema\/logo\/image\/\"},\"sameAs\":[\"https:\/\/www.facebook.com\/vediclinic\"]}]}<\/script>\n<!-- \/ Yoast SEO plugin. -->","yoast_head_json":{"title":"Zabieg usuwania stulejki u doros\u0142ych Warszawa - Klinika dla m\u0119\u017cczyzn Warszawa","robots":{"index":"index","follow":"follow","max-snippet":"max-snippet:-1","max-image-preview":"max-image-preview:large","max-video-preview":"max-video-preview:-1"},"canonical":"https:\/\/klinikadlamezczyzn.pl\/en\/articles\/phimosis-2\/","og_locale":"en_GB","og_type":"article","og_title":"Zabieg usuwania stulejki u doros\u0142ych Warszawa - Klinika dla m\u0119\u017cczyzn Warszawa","og_description":"Stulejka Czym jest stulejka? Stulejka jest wrodzonym lub nabytym defektem penisa. To dolegliwo\u015b\u0107, kt\u00f3r\u0105 charakteryzuje zw\u0119\u017cenie lub zrost sk\u00f3ry napletka na ko\u0144cu pr\u0105cia, uniemo\u017cliwiaj\u0105ce swobodne ods\u0142oni\u0119cie \u017co\u0142\u0119dzi poprzez odprowadzenie napletka do rowka za\u017co\u0142\u0119dnego. Jest to stosunkowo cz\u0119ste schorzenie, szczeg\u00f3lnie u dzieci, ale mo\u017ce wyst\u0119powa\u0107 r\u00f3wnie\u017c u doros\u0142ych m\u0119\u017cczyzn. W doros\u0142ym \u017cyciu m\u0119\u017cczyzny problemy z napletkiem [&hellip;]","og_url":"https:\/\/klinikadlamezczyzn.pl\/en\/articles\/phimosis-2\/","og_site_name":"Klinika dla m\u0119\u017cczyzn Warszawa","article_publisher":"https:\/\/www.facebook.com\/vediclinic","article_modified_time":"2023-11-06T12:07:38+00:00","twitter_card":"summary_large_image","twitter_misc":{"Estimated reading time":"5 minutes"},"schema":{"@context":"https:\/\/schema.org","@graph":[{"@type":"WebPage","@id":"https:\/\/klinikadlamezczyzn.pl\/artykuly\/stulejka\/","url":"https:\/\/klinikadlamezczyzn.pl\/artykuly\/stulejka\/","name":"Zabieg usuwania stulejki u doros\u0142ych Warszawa - Klinika dla m\u0119\u017cczyzn Warszawa","isPartOf":{"@id":"https:\/\/klinikadlamezczyzn.pl\/#website"},"datePublished":"2023-10-03T09:49:48+00:00","dateModified":"2023-11-06T12:07:38+00:00","breadcrumb":{"@id":"https:\/\/klinikadlamezczyzn.pl\/artykuly\/stulejka\/#breadcrumb"},"inLanguage":"en-GB","potentialAction":[{"@type":"ReadAction","target":["https:\/\/klinikadlamezczyzn.pl\/artykuly\/stulejka\/"]}]},{"@type":"BreadcrumbList","@id":"https:\/\/klinikadlamezczyzn.pl\/artykuly\/stulejka\/#breadcrumb","itemListElement":[{"@type":"ListItem","position":1,"name":"Artyku\u0142y","item":"https:\/\/klinikadlamezczyzn.pl\/artykuly\/"},{"@type":"ListItem","position":2,"name":"Stulejka"}]},{"@type":"WebSite","@id":"https:\/\/klinikadlamezczyzn.pl\/#website","url":"https:\/\/klinikadlamezczyzn.pl\/","name":"Men's clinic Warsaw","description":"","publisher":{"@id":"https:\/\/klinikadlamezczyzn.pl\/#organization"},"potentialAction":[{"@type":"SearchAction","target":{"@type":"EntryPoint","urlTemplate":"https:\/\/klinikadlamezczyzn.pl\/?s={search_term_string}"},"query-input":{"@type":"PropertyValueSpecification","valueRequired":true,"valueName":"search_term_string"}}],"inLanguage":"en-GB"},{"@type":"Organization","@id":"https:\/\/klinikadlamezczyzn.pl\/#organization","name":"VEDI Clinic","url":"https:\/\/klinikadlamezczyzn.pl\/","logo":{"@type":"ImageObject","inLanguage":"en-GB","@id":"https:\/\/klinikadlamezczyzn.pl\/#\/schema\/logo\/image\/","url":"https:\/\/klinikadlamezczyzn.pl\/wp-content\/uploads\/2021\/10\/VEDI-logo-dark.png","contentUrl":"https:\/\/klinikadlamezczyzn.pl\/wp-content\/uploads\/2021\/10\/VEDI-logo-dark.png","width":120,"height":56,"caption":"VEDI Clinic"},"image":{"@id":"https:\/\/klinikadlamezczyzn.pl\/#\/schema\/logo\/image\/"},"sameAs":["https:\/\/www.facebook.com\/vediclinic"]}]}},"_links":{"self":[{"href":"https:\/\/klinikadlamezczyzn.pl\/en\/wp-json\/wp\/v2\/pages\/9718","targetHints":{"allow":["GET"]}}],"collection":[{"href":"https:\/\/klinikadlamezczyzn.pl\/en\/wp-json\/wp\/v2\/pages"}],"about":[{"href":"https:\/\/klinikadlamezczyzn.pl\/en\/wp-json\/wp\/v2\/types\/page"}],"author":[{"embeddable":true,"href":"https:\/\/klinikadlamezczyzn.pl\/en\/wp-json\/wp\/v2\/users\/13"}],"replies":[{"embeddable":true,"href":"https:\/\/klinikadlamezczyzn.pl\/en\/wp-json\/wp\/v2\/comments?post=9718"}],"version-history":[{"count":0,"href":"https:\/\/klinikadlamezczyzn.pl\/en\/wp-json\/wp\/v2\/pages\/9718\/revisions"}],"up":[{"embeddable":true,"href":"https:\/\/klinikadlamezczyzn.pl\/en\/wp-json\/wp\/v2\/pages\/9461"}],"wp:attachment":[{"href":"https:\/\/klinikadlamezczyzn.pl\/en\/wp-json\/wp\/v2\/media?parent=9718"}],"curies":[{"name":"WP","href":"https:\/\/api.w.org\/{rel}","templated":true}]}}