{"id":9708,"date":"2023-10-03T11:46:20","date_gmt":"2023-10-03T09:46:20","guid":{"rendered":"https:\/\/klinikadlamezczyzn.pl\/?page_id=9708"},"modified":"2023-10-25T10:47:04","modified_gmt":"2023-10-25T08:47:04","slug":"na-czym-polega-metoda-eswt","status":"publish","type":"page","link":"https:\/\/klinikadlamezczyzn.pl\/en\/artykuly\/terapia-fala-uderzeniowa-eswt\/na-czym-polega-metoda-eswt\/","title":{"rendered":"Na czym polega metoda ESWT?"},"content":{"rendered":"<div data-elementor-type=\"wp-page\" data-elementor-id=\"9708\" class=\"elementor elementor-9708\">\n\t\t\t\t\t\t<section class=\"elementor-section elementor-top-section elementor-element elementor-element-2537ecd elementor-section-boxed elementor-section-height-default elementor-section-height-default\" data-id=\"2537ecd\" data-element_type=\"section\" data-e-type=\"section\" data-settings=\"{&quot;background_background&quot;:&quot;classic&quot;}\">\n\t\t\t\t\t\t<div class=\"elementor-container elementor-column-gap-default\">\n\t\t\t\t\t<div class=\"elementor-column elementor-col-100 elementor-top-column elementor-element elementor-element-9db84e5\" data-id=\"9db84e5\" data-element_type=\"column\" data-e-type=\"column\">\n\t\t\t<div class=\"elementor-widget-wrap elementor-element-populated\">\n\t\t\t\t\t\t<div class=\"elementor-element elementor-element-211dcb3 elementor-widget elementor-widget-heading\" data-id=\"211dcb3\" data-element_type=\"widget\" data-e-type=\"widget\" data-widget_type=\"heading.default\">\n\t\t\t\t<div class=\"elementor-widget-container\">\n\t\t\t\t\t<h1 class=\"elementor-heading-title elementor-size-default\">Shock wave therapy - ESWT<\/h1>\t\t\t\t<\/div>\n\t\t\t\t<\/div>\n\t\t\t\t\t<\/div>\n\t\t<\/div>\n\t\t\t\t\t<\/div>\n\t\t<\/section>\n\t\t\t\t<section class=\"elementor-section elementor-top-section elementor-element elementor-element-dd8abb9 elementor-section-boxed elementor-section-height-default elementor-section-height-default\" data-id=\"dd8abb9\" data-element_type=\"section\" data-e-type=\"section\">\n\t\t\t\t\t\t<div class=\"elementor-container elementor-column-gap-default\">\n\t\t\t\t\t<div class=\"elementor-column elementor-col-100 elementor-top-column elementor-element elementor-element-520a8e6\" data-id=\"520a8e6\" data-element_type=\"column\" data-e-type=\"column\">\n\t\t\t<div class=\"elementor-widget-wrap elementor-element-populated\">\n\t\t\t\t\t\t<div class=\"elementor-element elementor-element-c228365 elementor-widget elementor-widget-text-editor\" data-id=\"c228365\" data-element_type=\"widget\" data-e-type=\"widget\" data-widget_type=\"text-editor.default\">\n\t\t\t\t<div class=\"elementor-widget-container\">\n\t\t\t\t\t\t\t\t\t<h2><strong>Na czym polega terapia fal\u0105 uderzeniow\u0105? <\/strong><\/h2><p>Terapia fal\u0105 uderzeniow\u0105 (ESWT &#8211; ang. Extracorporeal Shock Wave Therapy) jest innowacyjnym podej\u015bciem w leczeniu r\u00f3\u017cnych schorze\u0144 urologicznych, zyskuj\u0105c popularno\u015b\u0107 w\u015br\u00f3d urolog\u00f3w jak i pacjent\u00f3w. Metoda ta, wykorzystuj\u0105ca energi\u0119 akustyczn\u0105, ma na celu stymulowanie proces\u00f3w regeneracyjnych i przyspieszanie gojenia tkanek. Metoda ESWT charakteryzuje si\u0119 szybko\u015bci\u0105 dzia\u0142ania w obr\u0119bie leczenia, oraz mo\u017cliwo\u015bci\u0105 terapii problem\u00f3w urologicznych bez przeprowadzania operacji czy skomplikowanych zabieg\u00f3w.<\/p><p>ESWT to terapia wykorzystuj\u0105ca fal\u0119 uderzeniow\u0105, kt\u00f3ra jest w\u0142a\u015bciwie fal\u0105 akustyczn\u0105 o odpowiednio dobranej energii. Ta fala jest skierowana na uszkodzone tkanki, pobudzaj\u0105c procesy metaboliczne, poprawiaj\u0105c przep\u0142yw krwi i limfy, oraz stymuluj\u0105c powstawanie nowych naczy\u0144 krwiono\u015bnych i kom\u00f3rek. Z u\u017cyciem fali uderzeniowej stymulujemy procesy naprawcze i metaboliczne w organizmie, niejako wspieramy organizm aby sam rozpocz\u0105\u0142 regeneracj\u0119 i napraw\u0119 tkanek. Warto podkre\u015bli\u0107, \u017ce metoda wykorzystuj\u0105ca fale jest rekomendowana przez Europejskie Towarzystwo Urologiczne. Stale prowadzone s\u0105 dalsze badania, a metoda ESWT wykazuje potencja\u0142 leczniczy r\u00f3wnie\u017c w innych obszarach poza urologi\u0105.<\/p><p>W naszej warszawskiej plac\u00f3wce Vedi Clinic do leczenia i generowania fali uderzeniowej wykorzystujemy aparat o nazwie Duolith SD1 renomowanej, szwajcarskiej firmy Storz Medical. Podczas zabiegu fal\u0105 uderzeniow\u0105 specjalna g\u0142owica jest przyk\u0142adana do cia\u0142a pacjenta, generuj\u0105c fale akustyczne o okre\u015blonej cz\u0119stotliwo\u015bci i intensywno\u015bci. Fala uderzeniowa generuje energi\u0119, kt\u00f3ra jest absorbowana przez obszar na kt\u00f3rym wykonujemy zabieg. Zabieg ten jest przeprowadzany bezpo\u015brednio na sk\u00f3rze i jego czas trwania zale\u017cy od rozmiaru obszaru leczenia, a mo\u017ce wynosi\u0107 od kilkunastu do kilkudziesi\u0119ciu minut. Metoda ESWT charakteryzuje si\u0119 bardzo ma\u0142ym dyskomfortem dla pacjenta, poniewa\u017c zabieg jest nieinwazyjny, wykonywany w warunkach ambulatoryjnych oraz nie wymaga znieczulenia.<\/p><p>Dzia\u0142anie na tkanki i kom\u00f3rki, mimo \u017ce zawsze pobudza procesy naprawcze, r\u00f3\u017cni si\u0119 w zale\u017cno\u015bci od rodzaju choroby, kt\u00f3ra jest leczona za pomoc\u0105 terapii ESWT.<\/p><h2><strong>Jak dzia\u0142a metoda ESWT?<\/strong><\/h2><p>ESWT polega na generowaniu fal akustycznych o specjalnie dobranej energii, kt\u00f3re docieraj\u0105 do tkanki docelowej przez sk\u00f3r\u0119 i tkanki mi\u0119kkie. Fala wysokiej energii przenika przez sk\u00f3r\u0119 pacjenta i stymuluje procesy metaboliczne.<\/p><p>W przypadku schorze\u0144 urologicznych, takich jak kamica nerkowa, zaburzenia erekcji, choroba Peyroniego, czy niebakteryjne przewlek\u0142e zapalenie gruczo\u0142u krokowego, fale uderzeniowe dzia\u0142aj\u0105 na tkanek w nast\u0119puj\u0105cy spos\u00f3b:<\/p><p>\u00a0<\/p><ol><li>Uderzenie pocz\u0105tkowe: Z u\u017cyciem fali uderzeniowej energia akustyczna przenika przez tkanki mi\u0119kkie i wywo\u0142uje mikrotraumy w obszarze docelowym.<\/li><li>Stymulacja metaboliczna: To mikrotraumy powoduj\u0105 stymulacj\u0119 proces\u00f3w metabolicznych, takich jak uwalnianie czynnik\u00f3w wzrostu, aktywacj\u0119 fibroblast\u00f3w i popraw\u0119 przep\u0142ywu krwi w obszarze leczenia.<\/li><li>Regeneracja tkanek: Procesy metaboliczne pobudzone przez ESWT prowadz\u0105 do wzrostu nowych naczy\u0144 krwiono\u015bnych i regeneracji tkanek, co z kolei przyspiesza gojenie i zmniejsza objawy schorzenia.<\/li><\/ol><h2><strong>Jaka jest skuteczno\u015b\u0107 terapii fal\u0105 uderzeniow\u0105?<\/strong><\/h2><p>Przed zastosowaniem terapii fal\u0105 niezb\u0119dna jest konsultacja urologiczna, aby upewni\u0107 si\u0119 \u017ce schorzenie z kt\u00f3rym zg\u0142asza si\u0119 pacjent mo\u017ce by\u0107 wyleczone z u\u017cyciem fali. Do tej pory metoda ESWT znalaz\u0142a zastosowanie w leczeniu chronicznego b\u00f3lu, cz\u0119sto obecnego przy problemach natury urologicznej. Dodatkowo, terapia ESWT sprawdza si\u0119 r\u00f3wnie\u017c jako metoda leczenia przewlek\u0142ego zapalenie prostaty, kamicy nerkowej, zaburze\u0144 erekcji czy choroby Peyroniego.<\/p><h2>Niebakteryjne przewlek\u0142e zapalenie prostaty<\/h2><p>W Vedi Clinic oferujemy terapi\u0119 fal\u0105 uderzeniow\u0105 jako spos\u00f3b leczenia przewlek\u0142ego niebakteryjnego zapalenia gruczo\u0142u krokowego. Osoby dotkni\u0119te tym schorzeniem do\u015bwiadczaj\u0105 wielu nieprzyjemnych objaw\u00f3w zwi\u0105zanych z chronicznym b\u00f3lem w obszarze dna miednicy, dolnej cz\u0119\u015bci brzucha, oraz j\u0105der, jak i problemy z oddawaniem moczu. Tradycyjne metody leczenia s\u0105 czasoch\u0142onne i wymagaj\u0105 wielomiesi\u0119cznego, a czasem nawet wieloletniego \u0142agodzenia objaw\u00f3w b\u00f3lu. Przewag\u0105 terapii fal\u0105 jest jej szybkie dzia\u0142anie i ulga w b\u00f3lu dla pacjenta.<\/p><h2>Kamica nerkowa<\/h2><p>Badania kliniczne wykaza\u0142y, \u017ce ESWT mo\u017ce by\u0107 skuteczn\u0105 alternatyw\u0105 dla tradycyjnego leczenia kamicy nerkowej. Terapia ESWT prowadzi do rozbicia kamieni nerkowych na mniejsze fragmenty, u\u0142atwiaj\u0105c ich naturalne wydalanie z organizmu.<\/p><h2><strong>Erectile dysfunction<\/strong><\/h2><p>Metoda wykorzystuj\u0105ca fale uderzeniowe pomaga r\u00f3wnie\u017c przy zaburzeniach erekcji. ESWT wykazuje obiecuj\u0105ce wyniki w leczeniu nieorganicznych zaburze\u0144 erekcji. Fale uderzeniowe stymuluj\u0105 produkcj\u0119 nowych naczy\u0144 krwiono\u015bnych i poprawiaj\u0105 kr\u0105\u017cenie krwi w obszarze pr\u0105cia. Po u\u017cyciu fali uderzeniowej poprawia si\u0119 ukrwienie pr\u0105cia, co mo\u017ce prowadzi\u0107 do poprawy funkcji erekcyjnej.<\/p><h2>Peyronie's Disease<\/h2><p>W Vedi Clinic stosujemy terapi\u0119 fal\u0105 uderzeniow\u0105 ESWT r\u00f3wnie\u017c do leczenia choroby Peyroniego. Urolog kieruje fal\u0119 bezpo\u015brednio na obszar stwardnienia pod sk\u00f3r\u0105 pr\u0105cia za pomoc\u0105 specjalnej g\u0142owicy. Fale ESWT generuj\u0105 energi\u0119, kt\u00f3ra rozprasza stwardnienie, przywracaj\u0105c naturalny kszta\u0142t pr\u0105cia.<\/p><p>Wa\u017cne jest jednak zaznaczy\u0107, \u017ce skuteczno\u015b\u0107 ESWT mo\u017ce si\u0119 r\u00f3\u017cni\u0107 w zale\u017cno\u015bci od rodzaju schorzenia i indywidualnych cech pacjenta. Nie wszyscy pacjenci reaguj\u0105 na t\u0119 terapi\u0119 w ten sam spos\u00f3b, dlatego konieczne jest przeprowadzenie indywidualnej oceny przed zastosowaniem fali ESWT.<\/p><p>Do odbycia terapii fal\u0105 kwalifikuje pacjenta lekarz urolog, po wcze\u015bniejszej konsultacji i zapoznaniu si\u0119 z wynikami bada\u0144 laboratoryjnych oraz przeprowadzeniu wnikliwego wywiadu medycznego.<\/p><h2><strong>Podsumowanie<\/strong><\/h2><p>Terapia fal\u0105 uderzeniow\u0105 (ESWT) to innowacyjna i skuteczna metoda leczenia schorze\u0144 urologicznych. Jej mechanizm dzia\u0142ania polega na stymulowaniu proces\u00f3w regeneracyjnych i poprawie przep\u0142ywu krwi w obszarze wnikania fali. ESWT wykazuje skuteczno\u015b\u0107 w leczeniu kamicy nerkowej, zapalenia stawu \u0142okciowego i nieorganicznych zaburze\u0144 erekcji. Jednak przed zastosowaniem ESWT konieczne jest przeprowadzenie oceny indywidualnej, poniewa\u017c skuteczno\u015b\u0107 mo\u017ce si\u0119 r\u00f3\u017cni\u0107 w zale\u017cno\u015bci od przypadku. W przypadku schorze\u0144 urologicznych zawsze nale\u017cy skonsultowa\u0107 si\u0119 z lekarzem specjalist\u0105, kt\u00f3ry oceni najlepsze metody leczenia dla danego pacjenta.<\/p><p>Zapraszamy pacjent\u00f3w do leczenia fal\u0105 uderzeniow\u0105 metod\u0105 ESWT w Vedi Clinic!<\/p>\t\t\t\t\t\t\t\t<\/div>\n\t\t\t\t<\/div>\n\t\t\t\t\t<\/div>\n\t\t<\/div>\n\t\t\t\t\t<\/div>\n\t\t<\/section>\n\t\t\t\t<section class=\"elementor-section elementor-top-section elementor-element elementor-element-07573bb elementor-section-boxed elementor-section-height-default elementor-section-height-default\" data-id=\"07573bb\" data-element_type=\"section\" data-e-type=\"section\">\n\t\t\t\t\t\t<div class=\"elementor-container elementor-column-gap-default\">\n\t\t\t\t\t<div class=\"elementor-column elementor-col-100 elementor-top-column elementor-element elementor-element-b3e7bc5\" data-id=\"b3e7bc5\" data-element_type=\"column\" data-e-type=\"column\">\n\t\t\t<div class=\"elementor-widget-wrap elementor-element-populated\">\n\t\t\t\t\t\t<div class=\"elementor-element elementor-element-2219c32 elementor-widget elementor-widget-text-editor\" data-id=\"2219c32\" data-element_type=\"widget\" data-e-type=\"widget\" data-widget_type=\"text-editor.default\">\n\t\t\t\t<div class=\"elementor-widget-container\">\n\t\t\t\t\t\t\t\t\t<p>Find out more about shock wave therapy - ESWT:<\/p><ul><li><a href=\"https:\/\/klinikadlamezczyzn.pl\/en\/articles\/eswt-shock-wave-therapy\/\"><span style=\"color: #0000ff;\">Shock wave therapy<\/span><\/a><\/li><li><a href=\"https:\/\/klinikadlamezczyzn.pl\/en\/articles\/eswt-shock-wave-therapy\/jak-wyglada-zabieg-fala-uderzeniowa\/\"><span style=\"color: #0000ff;\">What shock wave therapy looks like<\/span><\/a><\/li><li><a href=\"https:\/\/klinikadlamezczyzn.pl\/en\/articles\/eswt-shock-wave-therapy\/na-czym-polega-metoda-eswt\/\"><span style=\"color: #0000ff;\">What shock wave therapy is all about<\/span><\/a><\/li><\/ul>\t\t\t\t\t\t\t\t<\/div>\n\t\t\t\t<\/div>\n\t\t\t\t\t<\/div>\n\t\t<\/div>\n\t\t\t\t\t<\/div>\n\t\t<\/section>\n\t\t\t\t<\/div>","protected":false},"excerpt":{"rendered":"<p>Terapia fal\u0105 uderzeniow\u0105 &#8211; ESWT Na czym polega terapia fal\u0105 uderzeniow\u0105? Terapia fal\u0105 uderzeniow\u0105 (ESWT &#8211; ang. Extracorporeal Shock Wave Therapy) jest innowacyjnym podej\u015bciem w leczeniu r\u00f3\u017cnych schorze\u0144 urologicznych, zyskuj\u0105c popularno\u015b\u0107 w\u015br\u00f3d urolog\u00f3w jak i pacjent\u00f3w. Metoda ta, wykorzystuj\u0105ca energi\u0119 akustyczn\u0105, ma na celu stymulowanie proces\u00f3w regeneracyjnych i przyspieszanie gojenia tkanek. Metoda ESWT charakteryzuje si\u0119 [&hellip;]<\/p>\n","protected":false},"author":13,"featured_media":0,"parent":9703,"menu_order":0,"comment_status":"closed","ping_status":"closed","template":"","meta":{"footnotes":""},"class_list":["post-9708","page","type-page","status-publish","hentry"],"yoast_head":"<!-- This site is optimized with the Yoast SEO plugin v27.0 - https:\/\/yoast.com\/product\/yoast-seo-wordpress\/ -->\n<title>Na czym polega metoda ESWT? - Klinika dla m\u0119\u017cczyzn Warszawa<\/title>\n<meta name=\"robots\" content=\"index, follow, max-snippet:-1, max-image-preview:large, max-video-preview:-1\" \/>\n<link rel=\"canonical\" href=\"https:\/\/klinikadlamezczyzn.pl\/en\/articles\/eswt-shock-wave-therapy\/na-czym-polega-metoda-eswt\/\" \/>\n<meta property=\"og:locale\" content=\"en_GB\" \/>\n<meta property=\"og:type\" content=\"article\" \/>\n<meta property=\"og:title\" content=\"Na czym polega metoda ESWT? - Klinika dla m\u0119\u017cczyzn Warszawa\" \/>\n<meta property=\"og:description\" content=\"Terapia fal\u0105 uderzeniow\u0105 &#8211; ESWT Na czym polega terapia fal\u0105 uderzeniow\u0105? Terapia fal\u0105 uderzeniow\u0105 (ESWT &#8211; ang. Extracorporeal Shock Wave Therapy) jest innowacyjnym podej\u015bciem w leczeniu r\u00f3\u017cnych schorze\u0144 urologicznych, zyskuj\u0105c popularno\u015b\u0107 w\u015br\u00f3d urolog\u00f3w jak i pacjent\u00f3w. Metoda ta, wykorzystuj\u0105ca energi\u0119 akustyczn\u0105, ma na celu stymulowanie proces\u00f3w regeneracyjnych i przyspieszanie gojenia tkanek. Metoda ESWT charakteryzuje si\u0119 [&hellip;]\" \/>\n<meta property=\"og:url\" content=\"https:\/\/klinikadlamezczyzn.pl\/en\/articles\/eswt-shock-wave-therapy\/na-czym-polega-metoda-eswt\/\" \/>\n<meta property=\"og:site_name\" content=\"Klinika dla m\u0119\u017cczyzn Warszawa\" \/>\n<meta property=\"article:publisher\" content=\"https:\/\/www.facebook.com\/vediclinic\" \/>\n<meta property=\"article:modified_time\" content=\"2023-10-25T08:47:04+00:00\" \/>\n<meta name=\"twitter:card\" content=\"summary_large_image\" \/>\n<meta name=\"twitter:label1\" content=\"Estimated reading time\" \/>\n\t<meta name=\"twitter:data1\" content=\"6 minutes\" \/>\n<script type=\"application\/ld+json\" class=\"yoast-schema-graph\">{\"@context\":\"https:\/\/schema.org\",\"@graph\":[{\"@type\":\"WebPage\",\"@id\":\"https:\/\/klinikadlamezczyzn.pl\/artykuly\/terapia-fala-uderzeniowa-eswt\/na-czym-polega-metoda-eswt\/\",\"url\":\"https:\/\/klinikadlamezczyzn.pl\/artykuly\/terapia-fala-uderzeniowa-eswt\/na-czym-polega-metoda-eswt\/\",\"name\":\"Na czym polega metoda ESWT? - Klinika dla m\u0119\u017cczyzn Warszawa\",\"isPartOf\":{\"@id\":\"https:\/\/klinikadlamezczyzn.pl\/#website\"},\"datePublished\":\"2023-10-03T09:46:20+00:00\",\"dateModified\":\"2023-10-25T08:47:04+00:00\",\"breadcrumb\":{\"@id\":\"https:\/\/klinikadlamezczyzn.pl\/artykuly\/terapia-fala-uderzeniowa-eswt\/na-czym-polega-metoda-eswt\/#breadcrumb\"},\"inLanguage\":\"en-GB\",\"potentialAction\":[{\"@type\":\"ReadAction\",\"target\":[\"https:\/\/klinikadlamezczyzn.pl\/artykuly\/terapia-fala-uderzeniowa-eswt\/na-czym-polega-metoda-eswt\/\"]}]},{\"@type\":\"BreadcrumbList\",\"@id\":\"https:\/\/klinikadlamezczyzn.pl\/artykuly\/terapia-fala-uderzeniowa-eswt\/na-czym-polega-metoda-eswt\/#breadcrumb\",\"itemListElement\":[{\"@type\":\"ListItem\",\"position\":1,\"name\":\"Artyku\u0142y\",\"item\":\"https:\/\/klinikadlamezczyzn.pl\/artykuly\/\"},{\"@type\":\"ListItem\",\"position\":2,\"name\":\"Terapia fal\u0105 uderzeniow\u0105 ESWT\",\"item\":\"https:\/\/klinikadlamezczyzn.pl\/artykuly\/terapia-fala-uderzeniowa-eswt\/\"},{\"@type\":\"ListItem\",\"position\":3,\"name\":\"Na czym polega metoda ESWT?\"}]},{\"@type\":\"WebSite\",\"@id\":\"https:\/\/klinikadlamezczyzn.pl\/#website\",\"url\":\"https:\/\/klinikadlamezczyzn.pl\/\",\"name\":\"Klinika dla m\u0119\u017cczyzn Warszawa\",\"description\":\"\",\"publisher\":{\"@id\":\"https:\/\/klinikadlamezczyzn.pl\/#organization\"},\"potentialAction\":[{\"@type\":\"SearchAction\",\"target\":{\"@type\":\"EntryPoint\",\"urlTemplate\":\"https:\/\/klinikadlamezczyzn.pl\/?s={search_term_string}\"},\"query-input\":{\"@type\":\"PropertyValueSpecification\",\"valueRequired\":true,\"valueName\":\"search_term_string\"}}],\"inLanguage\":\"en-GB\"},{\"@type\":\"Organization\",\"@id\":\"https:\/\/klinikadlamezczyzn.pl\/#organization\",\"name\":\"VEDI Clinic\",\"url\":\"https:\/\/klinikadlamezczyzn.pl\/\",\"logo\":{\"@type\":\"ImageObject\",\"inLanguage\":\"en-GB\",\"@id\":\"https:\/\/klinikadlamezczyzn.pl\/#\/schema\/logo\/image\/\",\"url\":\"https:\/\/klinikadlamezczyzn.pl\/wp-content\/uploads\/2021\/10\/VEDI-logo-dark.png\",\"contentUrl\":\"https:\/\/klinikadlamezczyzn.pl\/wp-content\/uploads\/2021\/10\/VEDI-logo-dark.png\",\"width\":120,\"height\":56,\"caption\":\"VEDI Clinic\"},\"image\":{\"@id\":\"https:\/\/klinikadlamezczyzn.pl\/#\/schema\/logo\/image\/\"},\"sameAs\":[\"https:\/\/www.facebook.com\/vediclinic\"]}]}<\/script>\n<!-- \/ Yoast SEO plugin. -->","yoast_head_json":{"title":"Na czym polega metoda ESWT? - Klinika dla m\u0119\u017cczyzn Warszawa","robots":{"index":"index","follow":"follow","max-snippet":"max-snippet:-1","max-image-preview":"max-image-preview:large","max-video-preview":"max-video-preview:-1"},"canonical":"https:\/\/klinikadlamezczyzn.pl\/en\/articles\/eswt-shock-wave-therapy\/na-czym-polega-metoda-eswt\/","og_locale":"en_GB","og_type":"article","og_title":"Na czym polega metoda ESWT? - Klinika dla m\u0119\u017cczyzn Warszawa","og_description":"Terapia fal\u0105 uderzeniow\u0105 &#8211; ESWT Na czym polega terapia fal\u0105 uderzeniow\u0105? Terapia fal\u0105 uderzeniow\u0105 (ESWT &#8211; ang. Extracorporeal Shock Wave Therapy) jest innowacyjnym podej\u015bciem w leczeniu r\u00f3\u017cnych schorze\u0144 urologicznych, zyskuj\u0105c popularno\u015b\u0107 w\u015br\u00f3d urolog\u00f3w jak i pacjent\u00f3w. Metoda ta, wykorzystuj\u0105ca energi\u0119 akustyczn\u0105, ma na celu stymulowanie proces\u00f3w regeneracyjnych i przyspieszanie gojenia tkanek. Metoda ESWT charakteryzuje si\u0119 [&hellip;]","og_url":"https:\/\/klinikadlamezczyzn.pl\/en\/articles\/eswt-shock-wave-therapy\/na-czym-polega-metoda-eswt\/","og_site_name":"Klinika dla m\u0119\u017cczyzn Warszawa","article_publisher":"https:\/\/www.facebook.com\/vediclinic","article_modified_time":"2023-10-25T08:47:04+00:00","twitter_card":"summary_large_image","twitter_misc":{"Estimated reading time":"6 minutes"},"schema":{"@context":"https:\/\/schema.org","@graph":[{"@type":"WebPage","@id":"https:\/\/klinikadlamezczyzn.pl\/artykuly\/terapia-fala-uderzeniowa-eswt\/na-czym-polega-metoda-eswt\/","url":"https:\/\/klinikadlamezczyzn.pl\/artykuly\/terapia-fala-uderzeniowa-eswt\/na-czym-polega-metoda-eswt\/","name":"Na czym polega metoda ESWT? - Klinika dla m\u0119\u017cczyzn Warszawa","isPartOf":{"@id":"https:\/\/klinikadlamezczyzn.pl\/#website"},"datePublished":"2023-10-03T09:46:20+00:00","dateModified":"2023-10-25T08:47:04+00:00","breadcrumb":{"@id":"https:\/\/klinikadlamezczyzn.pl\/artykuly\/terapia-fala-uderzeniowa-eswt\/na-czym-polega-metoda-eswt\/#breadcrumb"},"inLanguage":"en-GB","potentialAction":[{"@type":"ReadAction","target":["https:\/\/klinikadlamezczyzn.pl\/artykuly\/terapia-fala-uderzeniowa-eswt\/na-czym-polega-metoda-eswt\/"]}]},{"@type":"BreadcrumbList","@id":"https:\/\/klinikadlamezczyzn.pl\/artykuly\/terapia-fala-uderzeniowa-eswt\/na-czym-polega-metoda-eswt\/#breadcrumb","itemListElement":[{"@type":"ListItem","position":1,"name":"Artyku\u0142y","item":"https:\/\/klinikadlamezczyzn.pl\/artykuly\/"},{"@type":"ListItem","position":2,"name":"Terapia fal\u0105 uderzeniow\u0105 ESWT","item":"https:\/\/klinikadlamezczyzn.pl\/artykuly\/terapia-fala-uderzeniowa-eswt\/"},{"@type":"ListItem","position":3,"name":"Na czym polega metoda ESWT?"}]},{"@type":"WebSite","@id":"https:\/\/klinikadlamezczyzn.pl\/#website","url":"https:\/\/klinikadlamezczyzn.pl\/","name":"Men's clinic Warsaw","description":"","publisher":{"@id":"https:\/\/klinikadlamezczyzn.pl\/#organization"},"potentialAction":[{"@type":"SearchAction","target":{"@type":"EntryPoint","urlTemplate":"https:\/\/klinikadlamezczyzn.pl\/?s={search_term_string}"},"query-input":{"@type":"PropertyValueSpecification","valueRequired":true,"valueName":"search_term_string"}}],"inLanguage":"en-GB"},{"@type":"Organization","@id":"https:\/\/klinikadlamezczyzn.pl\/#organization","name":"VEDI Clinic","url":"https:\/\/klinikadlamezczyzn.pl\/","logo":{"@type":"ImageObject","inLanguage":"en-GB","@id":"https:\/\/klinikadlamezczyzn.pl\/#\/schema\/logo\/image\/","url":"https:\/\/klinikadlamezczyzn.pl\/wp-content\/uploads\/2021\/10\/VEDI-logo-dark.png","contentUrl":"https:\/\/klinikadlamezczyzn.pl\/wp-content\/uploads\/2021\/10\/VEDI-logo-dark.png","width":120,"height":56,"caption":"VEDI Clinic"},"image":{"@id":"https:\/\/klinikadlamezczyzn.pl\/#\/schema\/logo\/image\/"},"sameAs":["https:\/\/www.facebook.com\/vediclinic"]}]}},"_links":{"self":[{"href":"https:\/\/klinikadlamezczyzn.pl\/en\/wp-json\/wp\/v2\/pages\/9708","targetHints":{"allow":["GET"]}}],"collection":[{"href":"https:\/\/klinikadlamezczyzn.pl\/en\/wp-json\/wp\/v2\/pages"}],"about":[{"href":"https:\/\/klinikadlamezczyzn.pl\/en\/wp-json\/wp\/v2\/types\/page"}],"author":[{"embeddable":true,"href":"https:\/\/klinikadlamezczyzn.pl\/en\/wp-json\/wp\/v2\/users\/13"}],"replies":[{"embeddable":true,"href":"https:\/\/klinikadlamezczyzn.pl\/en\/wp-json\/wp\/v2\/comments?post=9708"}],"version-history":[{"count":0,"href":"https:\/\/klinikadlamezczyzn.pl\/en\/wp-json\/wp\/v2\/pages\/9708\/revisions"}],"up":[{"embeddable":true,"href":"https:\/\/klinikadlamezczyzn.pl\/en\/wp-json\/wp\/v2\/pages\/9703"}],"wp:attachment":[{"href":"https:\/\/klinikadlamezczyzn.pl\/en\/wp-json\/wp\/v2\/media?parent=9708"}],"curies":[{"name":"WP","href":"https:\/\/api.w.org\/{rel}","templated":true}]}}