{"id":9683,"date":"2023-10-03T11:35:51","date_gmt":"2023-10-03T09:35:51","guid":{"rendered":"https:\/\/klinikadlamezczyzn.pl\/?page_id=9683"},"modified":"2024-01-25T13:06:21","modified_gmt":"2024-01-25T12:06:21","slug":"czy-wazektomia-jest-odwracalna","status":"publish","type":"page","link":"https:\/\/klinikadlamezczyzn.pl\/en\/artykuly\/wazektomia\/czy-wazektomia-jest-odwracalna\/","title":{"rendered":"Czy wazektomia jest odwracalna?"},"content":{"rendered":"<div data-elementor-type=\"wp-page\" data-elementor-id=\"9683\" class=\"elementor elementor-9683\">\n\t\t\t\t\t\t<section class=\"elementor-section elementor-top-section elementor-element elementor-element-2537ecd elementor-section-boxed elementor-section-height-default elementor-section-height-default\" data-id=\"2537ecd\" data-element_type=\"section\" data-e-type=\"section\" data-settings=\"{&quot;background_background&quot;:&quot;classic&quot;}\">\n\t\t\t\t\t\t<div class=\"elementor-container elementor-column-gap-default\">\n\t\t\t\t\t<div class=\"elementor-column elementor-col-100 elementor-top-column elementor-element elementor-element-9db84e5\" data-id=\"9db84e5\" data-element_type=\"column\" data-e-type=\"column\">\n\t\t\t<div class=\"elementor-widget-wrap elementor-element-populated\">\n\t\t\t\t\t\t<div class=\"elementor-element elementor-element-211dcb3 elementor-widget elementor-widget-heading\" data-id=\"211dcb3\" data-element_type=\"widget\" data-e-type=\"widget\" data-widget_type=\"heading.default\">\n\t\t\t\t<div class=\"elementor-widget-container\">\n\t\t\t\t\t<h1 class=\"elementor-heading-title elementor-size-default\">Vasectomy\n<\/h1>\t\t\t\t<\/div>\n\t\t\t\t<\/div>\n\t\t\t\t\t<\/div>\n\t\t<\/div>\n\t\t\t\t\t<\/div>\n\t\t<\/section>\n\t\t\t\t<section class=\"elementor-section elementor-top-section elementor-element elementor-element-dd8abb9 elementor-section-boxed elementor-section-height-default elementor-section-height-default\" data-id=\"dd8abb9\" data-element_type=\"section\" data-e-type=\"section\">\n\t\t\t\t\t\t<div class=\"elementor-container elementor-column-gap-default\">\n\t\t\t\t\t<div class=\"elementor-column elementor-col-100 elementor-top-column elementor-element elementor-element-520a8e6\" data-id=\"520a8e6\" data-element_type=\"column\" data-e-type=\"column\">\n\t\t\t<div class=\"elementor-widget-wrap elementor-element-populated\">\n\t\t\t\t\t\t<div class=\"elementor-element elementor-element-c228365 elementor-widget elementor-widget-text-editor\" data-id=\"c228365\" data-element_type=\"widget\" data-e-type=\"widget\" data-widget_type=\"text-editor.default\">\n\t\t\t\t<div class=\"elementor-widget-container\">\n\t\t\t\t\t\t\t\t\t<h2><strong>Dlaczego m\u0119\u017cczy\u017ani decyduj\u0105 si\u0119 na wazektomi\u0119?<\/strong><\/h2><p>M\u0119\u017cczy\u017ani decyduj\u0105cy si\u0119 na wazektomi\u0119 wykonuj\u0105 zabieg z wielu r\u00f3\u017cnych powod\u00f3w. Niekt\u00f3rzy decyduj\u0105 si\u0119 na brak dzieci, niekt\u00f3rzy po prostu nie chc\u0105 ju\u017c kolejnych. S\u0105 r\u00f3wnie\u017c panowie, kt\u00f3rzy postanawiaj\u0105 odci\u0105\u017cy\u0107 swoj\u0105 partnerk\u0119 w przyjmowaniu \u015brodk\u00f3w antykoncepcyjnych. Zdarzaj\u0105 si\u0119 r\u00f3wnie\u017c przypadki, gdy m\u0119\u017cczyzna \u015bwiadomie odbiera sobie mo\u017cliwo\u015b\u0107 prokreacji z powodu przekazywanej choroby genetycznej. W ka\u017cdym z powy\u017cszych przypadk\u00f3w wazektomia jest traktowana jako najskuteczniejsza forma antykoncepcji.<\/p><h2><strong>Jak przebiega wazektomia?<\/strong><\/h2><p><strong>\u00a0<\/strong><a href=\"https:\/\/klinikadlamezczyzn.pl\/en\/our-offer\/vasectomy-male-contraception\/\">Vasectomy<\/a> jest zabiegiem mikrochirurgicznym, wykonywanym w znieczuleniu miejscowym. Zabieg polega na przeci\u0119ciu i podwi\u0105zaniu nasieniowod\u00f3w, zapobiegaj\u0105c tym samym przedostaniu si\u0119 plemnik\u00f3w do nasienia. Droga plemnik\u00f3w z j\u0105der do pr\u0105cia zostaje przerwana, przez co plemniki nie mog\u0105 pojawi\u0107 si\u0119 w nasieniu, a co za tym idzie, zap\u0142odni\u0107 partnerki.<\/p><p><a href=\"https:\/\/klinikadlamezczyzn.pl\/en\/our-offer\/vasectomy-male-contraception\/\">Vasectomy<\/a> nie boli, poniewa\u017c jest przeprowadzana w znieczuleniu miejscowym. Sam zabieg trwa od 15 do 30 minut, w zale\u017cno\u015bci od techniki na jak\u0105 zdecyduje si\u0119 specjalista urologii czy chirurg og\u00f3lny kt\u00f3ry przeprowadza zabieg.<\/p><h2><strong>\u00a0<\/strong><strong>Czy wazektomia jest odwracalna? <\/strong><\/h2><p><strong>\u00a0<\/strong>Czy mo\u017cna uzna\u0107 \u017ce wazektomia jest zabiegiem odwracalnym? Wbrew powszechnej opinii, wazektomia jest odwracalna, jednak nie jest o \u0142atwy zabieg. Wed\u0142ug statystyk wazektomia jest odwracalna w 80% przypadk\u00f3w, wi\u0119c panowie powinni podejmowa\u0107 decyzj\u0119 o zabiegu z za\u0142o\u017ceniem \u017ce zabieg odwr\u00f3cenia wazektomii mo\u017ce si\u0119 nie powie\u015b\u0107.<\/p><p>Jak przebiega zabieg rewazektomii? Specjalista urologii lub chirurg og\u00f3lny uzyskuje dost\u0119p do wcze\u015bniej przeci\u0119tego i podwi\u0105zanego nasieniowodu. Ci\u0105g\u0142o\u015b\u0107 nasieniowod\u00f3w przywraca si\u0119 poprzez ma\u0142y otw\u00f3r. Do zabiegu odwr\u00f3cenia wazektomii stosuje si\u0119 mikroskop lub specjalne lupy o bardzo wysokiej mocy. Zabieg jest o wiele d\u0142u\u017cszy ni\u017c wazektomia, poniewa\u017c mo\u017ce trwa\u0107 od 3,5 do 4,5 godzin.<\/p><h2><strong>Wazektomia jako bezpieczna i odwracalna metoda antykoncepcji \u2013 czy na pewno? <\/strong><\/h2><p><strong>\u00a0<\/strong>Jednak specjali\u015bci s\u0105 bardzo ostro\u017cni, aby nie twierdzi\u0107 \u017ce wazektomia to odwracalna metoda antykoncepcji, i jasno podkre\u015blaj\u0105, \u017ce nale\u017cy j\u0105 traktowa\u0107 jako zabieg o trwa\u0142ych konsekwencjach. Jest to spowodowane g\u0142\u00f3wnie tym, \u017ce nie ka\u017cd\u0105 wazektomi\u0119 mo\u017cna odwr\u00f3ci\u0107. Wed\u0142ug bada\u0144 im szybciej po zabiegu wazektomii, jest przeprowadzany zabieg odwr\u00f3cenia wazektomii tym wi\u0119ksza szansa \u017ce obecno\u015b\u0107 plemnik\u00f3w zostanie przywr\u00f3cona do nasienia. W ci\u0105gu pierwszych 3 lat po zabiegu, przywr\u00f3cenie plemnik\u00f3w do nasienia udaje si\u0119 osi\u0105gn\u0105\u0107 w 90% przypadkach. Jednak po d\u0142u\u017cszym okresie od zabiegu, ten odsetek stopniowo spada.<\/p>\t\t\t\t\t\t\t\t<\/div>\n\t\t\t\t<\/div>\n\t\t\t\t\t<\/div>\n\t\t<\/div>\n\t\t\t\t\t<\/div>\n\t\t<\/section>\n\t\t\t\t<section class=\"elementor-section elementor-top-section elementor-element elementor-element-deab90e elementor-section-boxed elementor-section-height-default elementor-section-height-default\" data-id=\"deab90e\" data-element_type=\"section\" data-e-type=\"section\">\n\t\t\t\t\t\t<div class=\"elementor-container elementor-column-gap-default\">\n\t\t\t\t\t<div class=\"elementor-column elementor-col-100 elementor-top-column elementor-element elementor-element-4e7d97e\" data-id=\"4e7d97e\" data-element_type=\"column\" data-e-type=\"column\">\n\t\t\t<div class=\"elementor-widget-wrap elementor-element-populated\">\n\t\t\t\t\t\t<div class=\"elementor-element elementor-element-9002860 elementor-widget elementor-widget-text-editor\" data-id=\"9002860\" data-element_type=\"widget\" data-e-type=\"widget\" data-widget_type=\"text-editor.default\">\n\t\t\t\t<div class=\"elementor-widget-container\">\n\t\t\t\t\t\t\t\t\t<p>Dowiedz si\u0119 wi\u0119cej o wazektomii:<\/p><ul><li><a href=\"https:\/\/klinikadlamezczyzn.pl\/en\/articles\/vasectomy\/\"><span style=\"color: #0000ff;\">Vasectomy<\/span><\/a><\/li><li><a href=\"https:\/\/klinikadlamezczyzn.pl\/en\/articles\/vasectomy\/czy-wazektomia-jest-odwracalna\/\"><span style=\"color: #0000ff;\">Czy wazektomia jest odwracalna?<\/span><\/a><\/li><li><a href=\"https:\/\/klinikadlamezczyzn.pl\/en\/articles\/vasectomy\/czym-jest-podwiazanie-nasieniowodow\/\"><span style=\"color: #0000ff;\">Czym jest podwi\u0105zanie nasieniowod\u00f3w?<\/span><\/a><\/li><li><a href=\"https:\/\/klinikadlamezczyzn.pl\/en\/articles\/vasectomy\/na-czym-polega-zabieg-wazektomii\/\"><span style=\"color: #0000ff;\">What is a vasectomy procedure?<\/span><\/a><\/li><\/ul>\t\t\t\t\t\t\t\t<\/div>\n\t\t\t\t<\/div>\n\t\t\t\t\t<\/div>\n\t\t<\/div>\n\t\t\t\t\t<\/div>\n\t\t<\/section>\n\t\t\t\t<\/div>","protected":false},"excerpt":{"rendered":"<p>Wazektomia Dlaczego m\u0119\u017cczy\u017ani decyduj\u0105 si\u0119 na wazektomi\u0119? M\u0119\u017cczy\u017ani decyduj\u0105cy si\u0119 na wazektomi\u0119 wykonuj\u0105 zabieg z wielu r\u00f3\u017cnych powod\u00f3w. Niekt\u00f3rzy decyduj\u0105 si\u0119 na brak dzieci, niekt\u00f3rzy po prostu nie chc\u0105 ju\u017c kolejnych. S\u0105 r\u00f3wnie\u017c panowie, kt\u00f3rzy postanawiaj\u0105 odci\u0105\u017cy\u0107 swoj\u0105 partnerk\u0119 w przyjmowaniu \u015brodk\u00f3w antykoncepcyjnych. Zdarzaj\u0105 si\u0119 r\u00f3wnie\u017c przypadki, gdy m\u0119\u017cczyzna \u015bwiadomie odbiera sobie mo\u017cliwo\u015b\u0107 prokreacji z [&hellip;]<\/p>\n","protected":false},"author":13,"featured_media":0,"parent":9678,"menu_order":0,"comment_status":"closed","ping_status":"closed","template":"","meta":{"footnotes":""},"class_list":["post-9683","page","type-page","status-publish","hentry"],"yoast_head":"<!-- This site is optimized with the Yoast SEO plugin v27.0 - https:\/\/yoast.com\/product\/yoast-seo-wordpress\/ -->\n<title>Czy wazektomia jest odwracalna? - Klinika dla m\u0119\u017cczyzn Warszawa<\/title>\n<meta name=\"robots\" content=\"index, follow, max-snippet:-1, max-image-preview:large, max-video-preview:-1\" \/>\n<link rel=\"canonical\" href=\"https:\/\/klinikadlamezczyzn.pl\/en\/articles\/vasectomy\/czy-wazektomia-jest-odwracalna\/\" \/>\n<meta property=\"og:locale\" content=\"en_GB\" \/>\n<meta property=\"og:type\" content=\"article\" \/>\n<meta property=\"og:title\" content=\"Czy wazektomia jest odwracalna? - Klinika dla m\u0119\u017cczyzn Warszawa\" \/>\n<meta property=\"og:description\" content=\"Wazektomia Dlaczego m\u0119\u017cczy\u017ani decyduj\u0105 si\u0119 na wazektomi\u0119? M\u0119\u017cczy\u017ani decyduj\u0105cy si\u0119 na wazektomi\u0119 wykonuj\u0105 zabieg z wielu r\u00f3\u017cnych powod\u00f3w. Niekt\u00f3rzy decyduj\u0105 si\u0119 na brak dzieci, niekt\u00f3rzy po prostu nie chc\u0105 ju\u017c kolejnych. S\u0105 r\u00f3wnie\u017c panowie, kt\u00f3rzy postanawiaj\u0105 odci\u0105\u017cy\u0107 swoj\u0105 partnerk\u0119 w przyjmowaniu \u015brodk\u00f3w antykoncepcyjnych. Zdarzaj\u0105 si\u0119 r\u00f3wnie\u017c przypadki, gdy m\u0119\u017cczyzna \u015bwiadomie odbiera sobie mo\u017cliwo\u015b\u0107 prokreacji z [&hellip;]\" \/>\n<meta property=\"og:url\" content=\"https:\/\/klinikadlamezczyzn.pl\/en\/articles\/vasectomy\/czy-wazektomia-jest-odwracalna\/\" \/>\n<meta property=\"og:site_name\" content=\"Klinika dla m\u0119\u017cczyzn Warszawa\" \/>\n<meta property=\"article:publisher\" content=\"https:\/\/www.facebook.com\/vediclinic\" \/>\n<meta property=\"article:modified_time\" content=\"2024-01-25T12:06:21+00:00\" \/>\n<meta name=\"twitter:card\" content=\"summary_large_image\" \/>\n<meta name=\"twitter:label1\" content=\"Estimated reading time\" \/>\n\t<meta name=\"twitter:data1\" content=\"3 minutes\" \/>\n<script type=\"application\/ld+json\" class=\"yoast-schema-graph\">{\"@context\":\"https:\/\/schema.org\",\"@graph\":[{\"@type\":\"WebPage\",\"@id\":\"https:\/\/klinikadlamezczyzn.pl\/artykuly\/wazektomia\/czy-wazektomia-jest-odwracalna\/\",\"url\":\"https:\/\/klinikadlamezczyzn.pl\/artykuly\/wazektomia\/czy-wazektomia-jest-odwracalna\/\",\"name\":\"Czy wazektomia jest odwracalna? - Klinika dla m\u0119\u017cczyzn Warszawa\",\"isPartOf\":{\"@id\":\"https:\/\/klinikadlamezczyzn.pl\/#website\"},\"datePublished\":\"2023-10-03T09:35:51+00:00\",\"dateModified\":\"2024-01-25T12:06:21+00:00\",\"breadcrumb\":{\"@id\":\"https:\/\/klinikadlamezczyzn.pl\/artykuly\/wazektomia\/czy-wazektomia-jest-odwracalna\/#breadcrumb\"},\"inLanguage\":\"en-GB\",\"potentialAction\":[{\"@type\":\"ReadAction\",\"target\":[\"https:\/\/klinikadlamezczyzn.pl\/artykuly\/wazektomia\/czy-wazektomia-jest-odwracalna\/\"]}]},{\"@type\":\"BreadcrumbList\",\"@id\":\"https:\/\/klinikadlamezczyzn.pl\/artykuly\/wazektomia\/czy-wazektomia-jest-odwracalna\/#breadcrumb\",\"itemListElement\":[{\"@type\":\"ListItem\",\"position\":1,\"name\":\"Artyku\u0142y\",\"item\":\"https:\/\/klinikadlamezczyzn.pl\/artykuly\/\"},{\"@type\":\"ListItem\",\"position\":2,\"name\":\"Wazektomia\",\"item\":\"https:\/\/klinikadlamezczyzn.pl\/artykuly\/wazektomia\/\"},{\"@type\":\"ListItem\",\"position\":3,\"name\":\"Czy wazektomia jest odwracalna?\"}]},{\"@type\":\"WebSite\",\"@id\":\"https:\/\/klinikadlamezczyzn.pl\/#website\",\"url\":\"https:\/\/klinikadlamezczyzn.pl\/\",\"name\":\"Klinika dla m\u0119\u017cczyzn Warszawa\",\"description\":\"\",\"publisher\":{\"@id\":\"https:\/\/klinikadlamezczyzn.pl\/#organization\"},\"potentialAction\":[{\"@type\":\"SearchAction\",\"target\":{\"@type\":\"EntryPoint\",\"urlTemplate\":\"https:\/\/klinikadlamezczyzn.pl\/?s={search_term_string}\"},\"query-input\":{\"@type\":\"PropertyValueSpecification\",\"valueRequired\":true,\"valueName\":\"search_term_string\"}}],\"inLanguage\":\"en-GB\"},{\"@type\":\"Organization\",\"@id\":\"https:\/\/klinikadlamezczyzn.pl\/#organization\",\"name\":\"VEDI Clinic\",\"url\":\"https:\/\/klinikadlamezczyzn.pl\/\",\"logo\":{\"@type\":\"ImageObject\",\"inLanguage\":\"en-GB\",\"@id\":\"https:\/\/klinikadlamezczyzn.pl\/#\/schema\/logo\/image\/\",\"url\":\"https:\/\/klinikadlamezczyzn.pl\/wp-content\/uploads\/2021\/10\/VEDI-logo-dark.png\",\"contentUrl\":\"https:\/\/klinikadlamezczyzn.pl\/wp-content\/uploads\/2021\/10\/VEDI-logo-dark.png\",\"width\":120,\"height\":56,\"caption\":\"VEDI Clinic\"},\"image\":{\"@id\":\"https:\/\/klinikadlamezczyzn.pl\/#\/schema\/logo\/image\/\"},\"sameAs\":[\"https:\/\/www.facebook.com\/vediclinic\"]}]}<\/script>\n<!-- \/ Yoast SEO plugin. -->","yoast_head_json":{"title":"Czy wazektomia jest odwracalna? - Klinika dla m\u0119\u017cczyzn Warszawa","robots":{"index":"index","follow":"follow","max-snippet":"max-snippet:-1","max-image-preview":"max-image-preview:large","max-video-preview":"max-video-preview:-1"},"canonical":"https:\/\/klinikadlamezczyzn.pl\/en\/articles\/vasectomy\/czy-wazektomia-jest-odwracalna\/","og_locale":"en_GB","og_type":"article","og_title":"Czy wazektomia jest odwracalna? - Klinika dla m\u0119\u017cczyzn Warszawa","og_description":"Wazektomia Dlaczego m\u0119\u017cczy\u017ani decyduj\u0105 si\u0119 na wazektomi\u0119? M\u0119\u017cczy\u017ani decyduj\u0105cy si\u0119 na wazektomi\u0119 wykonuj\u0105 zabieg z wielu r\u00f3\u017cnych powod\u00f3w. Niekt\u00f3rzy decyduj\u0105 si\u0119 na brak dzieci, niekt\u00f3rzy po prostu nie chc\u0105 ju\u017c kolejnych. S\u0105 r\u00f3wnie\u017c panowie, kt\u00f3rzy postanawiaj\u0105 odci\u0105\u017cy\u0107 swoj\u0105 partnerk\u0119 w przyjmowaniu \u015brodk\u00f3w antykoncepcyjnych. Zdarzaj\u0105 si\u0119 r\u00f3wnie\u017c przypadki, gdy m\u0119\u017cczyzna \u015bwiadomie odbiera sobie mo\u017cliwo\u015b\u0107 prokreacji z [&hellip;]","og_url":"https:\/\/klinikadlamezczyzn.pl\/en\/articles\/vasectomy\/czy-wazektomia-jest-odwracalna\/","og_site_name":"Klinika dla m\u0119\u017cczyzn Warszawa","article_publisher":"https:\/\/www.facebook.com\/vediclinic","article_modified_time":"2024-01-25T12:06:21+00:00","twitter_card":"summary_large_image","twitter_misc":{"Estimated reading time":"3 minutes"},"schema":{"@context":"https:\/\/schema.org","@graph":[{"@type":"WebPage","@id":"https:\/\/klinikadlamezczyzn.pl\/artykuly\/wazektomia\/czy-wazektomia-jest-odwracalna\/","url":"https:\/\/klinikadlamezczyzn.pl\/artykuly\/wazektomia\/czy-wazektomia-jest-odwracalna\/","name":"Czy wazektomia jest odwracalna? - Klinika dla m\u0119\u017cczyzn Warszawa","isPartOf":{"@id":"https:\/\/klinikadlamezczyzn.pl\/#website"},"datePublished":"2023-10-03T09:35:51+00:00","dateModified":"2024-01-25T12:06:21+00:00","breadcrumb":{"@id":"https:\/\/klinikadlamezczyzn.pl\/artykuly\/wazektomia\/czy-wazektomia-jest-odwracalna\/#breadcrumb"},"inLanguage":"en-GB","potentialAction":[{"@type":"ReadAction","target":["https:\/\/klinikadlamezczyzn.pl\/artykuly\/wazektomia\/czy-wazektomia-jest-odwracalna\/"]}]},{"@type":"BreadcrumbList","@id":"https:\/\/klinikadlamezczyzn.pl\/artykuly\/wazektomia\/czy-wazektomia-jest-odwracalna\/#breadcrumb","itemListElement":[{"@type":"ListItem","position":1,"name":"Artyku\u0142y","item":"https:\/\/klinikadlamezczyzn.pl\/artykuly\/"},{"@type":"ListItem","position":2,"name":"Wazektomia","item":"https:\/\/klinikadlamezczyzn.pl\/artykuly\/wazektomia\/"},{"@type":"ListItem","position":3,"name":"Czy wazektomia jest odwracalna?"}]},{"@type":"WebSite","@id":"https:\/\/klinikadlamezczyzn.pl\/#website","url":"https:\/\/klinikadlamezczyzn.pl\/","name":"Men's clinic Warsaw","description":"","publisher":{"@id":"https:\/\/klinikadlamezczyzn.pl\/#organization"},"potentialAction":[{"@type":"SearchAction","target":{"@type":"EntryPoint","urlTemplate":"https:\/\/klinikadlamezczyzn.pl\/?s={search_term_string}"},"query-input":{"@type":"PropertyValueSpecification","valueRequired":true,"valueName":"search_term_string"}}],"inLanguage":"en-GB"},{"@type":"Organization","@id":"https:\/\/klinikadlamezczyzn.pl\/#organization","name":"VEDI Clinic","url":"https:\/\/klinikadlamezczyzn.pl\/","logo":{"@type":"ImageObject","inLanguage":"en-GB","@id":"https:\/\/klinikadlamezczyzn.pl\/#\/schema\/logo\/image\/","url":"https:\/\/klinikadlamezczyzn.pl\/wp-content\/uploads\/2021\/10\/VEDI-logo-dark.png","contentUrl":"https:\/\/klinikadlamezczyzn.pl\/wp-content\/uploads\/2021\/10\/VEDI-logo-dark.png","width":120,"height":56,"caption":"VEDI Clinic"},"image":{"@id":"https:\/\/klinikadlamezczyzn.pl\/#\/schema\/logo\/image\/"},"sameAs":["https:\/\/www.facebook.com\/vediclinic"]}]}},"_links":{"self":[{"href":"https:\/\/klinikadlamezczyzn.pl\/en\/wp-json\/wp\/v2\/pages\/9683","targetHints":{"allow":["GET"]}}],"collection":[{"href":"https:\/\/klinikadlamezczyzn.pl\/en\/wp-json\/wp\/v2\/pages"}],"about":[{"href":"https:\/\/klinikadlamezczyzn.pl\/en\/wp-json\/wp\/v2\/types\/page"}],"author":[{"embeddable":true,"href":"https:\/\/klinikadlamezczyzn.pl\/en\/wp-json\/wp\/v2\/users\/13"}],"replies":[{"embeddable":true,"href":"https:\/\/klinikadlamezczyzn.pl\/en\/wp-json\/wp\/v2\/comments?post=9683"}],"version-history":[{"count":0,"href":"https:\/\/klinikadlamezczyzn.pl\/en\/wp-json\/wp\/v2\/pages\/9683\/revisions"}],"up":[{"embeddable":true,"href":"https:\/\/klinikadlamezczyzn.pl\/en\/wp-json\/wp\/v2\/pages\/9678"}],"wp:attachment":[{"href":"https:\/\/klinikadlamezczyzn.pl\/en\/wp-json\/wp\/v2\/media?parent=9683"}],"curies":[{"name":"WP","href":"https:\/\/api.w.org\/{rel}","templated":true}]}}