{"id":9669,"date":"2023-10-03T11:30:29","date_gmt":"2023-10-03T09:30:29","guid":{"rendered":"https:\/\/klinikadlamezczyzn.pl\/?page_id=9669"},"modified":"2023-10-03T12:12:13","modified_gmt":"2023-10-03T10:12:13","slug":"skutki-zbyt-szybkiego-wytrysku","status":"publish","type":"page","link":"https:\/\/klinikadlamezczyzn.pl\/en\/artykuly\/przedwczesny-wytrysk\/skutki-zbyt-szybkiego-wytrysku\/","title":{"rendered":"Skutki zbyt szybkiego wytrysku"},"content":{"rendered":"<div data-elementor-type=\"wp-page\" data-elementor-id=\"9669\" class=\"elementor elementor-9669\">\n\t\t\t\t\t\t<section class=\"elementor-section elementor-top-section elementor-element elementor-element-2537ecd elementor-section-boxed elementor-section-height-default elementor-section-height-default\" data-id=\"2537ecd\" data-element_type=\"section\" data-e-type=\"section\" data-settings=\"{&quot;background_background&quot;:&quot;classic&quot;}\">\n\t\t\t\t\t\t<div class=\"elementor-container elementor-column-gap-default\">\n\t\t\t\t\t<div class=\"elementor-column elementor-col-100 elementor-top-column elementor-element elementor-element-9db84e5\" data-id=\"9db84e5\" data-element_type=\"column\" data-e-type=\"column\">\n\t\t\t<div class=\"elementor-widget-wrap elementor-element-populated\">\n\t\t\t\t\t\t<div class=\"elementor-element elementor-element-211dcb3 elementor-widget elementor-widget-heading\" data-id=\"211dcb3\" data-element_type=\"widget\" data-e-type=\"widget\" data-widget_type=\"heading.default\">\n\t\t\t\t<div class=\"elementor-widget-container\">\n\t\t\t\t\t<h1 class=\"elementor-heading-title elementor-size-default\">Premature ejaculation\n<\/h1>\t\t\t\t<\/div>\n\t\t\t\t<\/div>\n\t\t\t\t\t<\/div>\n\t\t<\/div>\n\t\t\t\t\t<\/div>\n\t\t<\/section>\n\t\t\t\t<section class=\"elementor-section elementor-top-section elementor-element elementor-element-dd8abb9 elementor-section-boxed elementor-section-height-default elementor-section-height-default\" data-id=\"dd8abb9\" data-element_type=\"section\" data-e-type=\"section\">\n\t\t\t\t\t\t<div class=\"elementor-container elementor-column-gap-default\">\n\t\t\t\t\t<div class=\"elementor-column elementor-col-100 elementor-top-column elementor-element elementor-element-520a8e6\" data-id=\"520a8e6\" data-element_type=\"column\" data-e-type=\"column\">\n\t\t\t<div class=\"elementor-widget-wrap elementor-element-populated\">\n\t\t\t\t\t\t<div class=\"elementor-element elementor-element-c228365 elementor-widget elementor-widget-text-editor\" data-id=\"c228365\" data-element_type=\"widget\" data-e-type=\"widget\" data-widget_type=\"text-editor.default\">\n\t\t\t\t<div class=\"elementor-widget-container\">\n\t\t\t\t\t\t\t\t\t<h2><strong>Czy przedwczesny wytrysk zdarza si\u0119 cz\u0119sto? <\/strong><\/h2><p><a href=\"https:\/\/klinikadlamezczyzn.pl\/en\/articles\/premature-ejaculation\/\"><span style=\"color: #0000ff;\">Premature ejaculation<\/span><\/a> jest powszechnym problemem seksualnym, kt\u00f3ry dotyka wielu m\u0119\u017cczyzn na ca\u0142ym \u015bwiecie. Ka\u017cdemu mo\u017ce zdarzy\u0107 si\u0119 zbyt szybkie szczytowanie, jednak je\u015bli ejakulacja zawsze lub prawie zawsze pojawia si\u0119 w ci\u0105gu 1 minut od rozpocz\u0119cia zbli\u017cenia \u2013 jest to realny problem.<\/p><p>Postawieniem diagnozy i <span style=\"color: #0000ff;\"><a style=\"color: #0000ff;\" href=\"https:\/\/klinikadlamezczyzn.pl\/en\/articles\/premature-ejaculation\/leczenie-przedwczesnego-wytrysku\/\">leczeniem<\/a> <\/span>zajmuje si\u0119 lekarz urolog. Diagnoz\u0119 mo\u017cna postawi\u0107 w przypadku m\u0119\u017cczyzn, kt\u00f3rzy spe\u0142niaj\u0105 kryteria dysfunkcji seksualnych do kt\u00f3rych mo\u017cna zaliczy\u0107:<\/p><ul><li>Czas trwania problemu czy zaburzenia wynosi minimum 6 miesi\u0119cy<\/li><li>M\u0119\u017cczyzna nie mo\u017ce uczestniczy\u0107 w zaspokajaj\u0105cych dla niego zbli\u017ceniach seksualnych<\/li><li>Powodem tej dysfunkcji nie s\u0105 zaburzenia organiczne (np. uszkodzenie lub dysfunkcja m\u00f3zgu), zaburzenia psychiczne, endokrynologiczne, choroby somatyczne, jak i za\u017cywanie lek\u00f3w czy substancji<\/li><\/ul><h2><strong>Do czego prowadzi przedwczesny wytrysk? <\/strong><\/h2><p>Wytrysk zbyt przedwczesny jest dla m\u0119\u017cczyzny stresuj\u0105cy, mo\u017ce budzi\u0107 frustracj\u0119 czy l\u0119k przed stosunkiem seksualnym. Do powa\u017cniejszych skutk\u00f3w przedwczesnej ejakulacji mo\u017cna zaliczy\u0107 zaburzenia erekcji, zaburzenia nastroju, czy zaburzenia l\u0119kowe.<\/p><p>Dodatkowo, przedwczesny wytrysk oraz niezadowalaj\u0105cy czas trwania stosunku mog\u0105 prowadzi\u0107 do problem\u00f3w w zwi\u0105zkach. M\u0119\u017cczy\u017ani z tym problemem cz\u0119sto unikaj\u0105 kontakt\u00f3w seksualnych z partnerk\u0105 lub partnerem, co mo\u017ce prowadzi\u0107 do niezadowolenia i napi\u0119cia w zwi\u0105zku. To z kolei mo\u017ce prowadzi\u0107 do wi\u0119kszych problem\u00f3w emocjonalnych i powa\u017cniejszych trudno\u015bci w nawi\u0105zywaniu relacji i kontroli ejakulacji.<\/p><h2><strong>Jakie s\u0105 skutki przedwczesnego wytrysku?<\/strong><\/h2><p>Przedwczesny wytrysk mo\u017ce prowadzi\u0107 do zaburze\u0144 erekcji, poniewa\u017c m\u0119\u017cczy\u017ani z tym problemem cz\u0119sto czuj\u0105 si\u0119 sfrustrowani i niepewni siebie w \u0142\u00f3\u017cku. Ci\u0105g\u0142y strach przed ponownym do\u015bwiadczeniem przedwczesnego wytrysku mo\u017ce wp\u0142yn\u0105\u0107 na zdolno\u015b\u0107 do uzyskania i utrzymania erekcji. To mo\u017ce prowadzi\u0107 do jeszcze wi\u0119kszych problem\u00f3w seksualnych, takich jak impotencja. W przypadku rozpoznania u siebie zaburze\u0144 erekcji, warto jak najszybciej szuka\u0107 pomocy specjalistycznej aby przerwa\u0107 to b\u0142\u0119dne ko\u0142o i wr\u00f3ci\u0107 do satysfakcjonuj\u0105cego \u017cycia seksualnego.<\/p><p>Przedwczesny wytrysk mo\u017ce tak\u017ce prowadzi\u0107 do zaburze\u0144 nastroju, takich jak depresja i l\u0119k. M\u0119\u017cczy\u017ani z tym problemem cz\u0119sto czuj\u0105 si\u0119 sfrustrowani, zdezorientowani i zdeprymowani. Cz\u0119sto maj\u0105 niskie poczucie w\u0142asnej warto\u015bci i poczucie winy, co mo\u017ce prowadzi\u0107 do jeszcze wi\u0119kszych problem\u00f3w emocjonalnych, takich jak gniew czy agresja. Nie nale\u017cy lekcewa\u017cy\u0107 zaburze\u0144 nastroju spowodowanych przedwczesnym wytryskiem, poniewa\u017c mog\u0105 one przerodzi\u0107 si\u0119 w realny problem z zarz\u0105dzaniem emocjami. Je\u015bli takie zaburzenia seksualne pojawiaj\u0105 si\u0119 tu\u017c po inicjacji seksualnej m\u0119\u017cczyzny, i nie s\u0105 odpowiednio zaadresowane, m\u0119\u017cczyzna mo\u017ce mie\u0107 bardzo du\u017ce trudno\u015bci z prowadzeniem satysfakcjonuj\u0105cego i zdrowego \u017cycia seksualnego.<\/p><p>Przedwczesny wytrysk mo\u017ce r\u00f3wnie\u017c prowadzi\u0107 do zaburze\u0144 l\u0119kowych. M\u0119\u017cczy\u017ani z tym problemem cz\u0119sto maj\u0105 trudno\u015bci z relacjami seksualnymi i zwi\u0105zki. Mog\u0105 czu\u0107 si\u0119 niepewni i niepewni siebie, co prowadzi do zwi\u0119kszonego poziomu stresu i l\u0119ku wok\u00f3\u0142 seksu. To z kolei mo\u017ce prowadzi\u0107 do jeszcze wi\u0119kszych problem\u00f3w emocjonalnych i fizycznych.<\/p><p>W Vedi Clinic prze\u0142amujemy tabu i o przedwczesnym wytrysku m\u00f3wimy g\u0142o\u015bno i bez skr\u0119powania. Zapraszamy na konsultacje z naszymi specjalistami, kt\u00f3rzy empatycznie podchodz\u0105 do ka\u017cdego pacjenta.<\/p>\t\t\t\t\t\t\t\t<\/div>\n\t\t\t\t<\/div>\n\t\t\t\t\t<\/div>\n\t\t<\/div>\n\t\t\t\t\t<\/div>\n\t\t<\/section>\n\t\t\t\t<section class=\"elementor-section elementor-top-section elementor-element elementor-element-21ebfd3 elementor-section-boxed elementor-section-height-default elementor-section-height-default\" data-id=\"21ebfd3\" data-element_type=\"section\" data-e-type=\"section\">\n\t\t\t\t\t\t<div class=\"elementor-container elementor-column-gap-default\">\n\t\t\t\t\t<div class=\"elementor-column elementor-col-100 elementor-top-column elementor-element elementor-element-f29415d\" data-id=\"f29415d\" data-element_type=\"column\" data-e-type=\"column\">\n\t\t\t<div class=\"elementor-widget-wrap\">\n\t\t\t\t\t\t\t<\/div>\n\t\t<\/div>\n\t\t\t\t\t<\/div>\n\t\t<\/section>\n\t\t\t\t<section class=\"elementor-section elementor-top-section elementor-element elementor-element-46eeabc elementor-section-boxed elementor-section-height-default elementor-section-height-default\" data-id=\"46eeabc\" data-element_type=\"section\" data-e-type=\"section\">\n\t\t\t\t\t\t<div class=\"elementor-container elementor-column-gap-default\">\n\t\t\t\t\t<div class=\"elementor-column elementor-col-100 elementor-top-column elementor-element elementor-element-a97971f\" data-id=\"a97971f\" data-element_type=\"column\" data-e-type=\"column\">\n\t\t\t<div class=\"elementor-widget-wrap elementor-element-populated\">\n\t\t\t\t\t\t<div class=\"elementor-element elementor-element-8f56fac elementor-widget elementor-widget-text-editor\" data-id=\"8f56fac\" data-element_type=\"widget\" data-e-type=\"widget\" data-widget_type=\"text-editor.default\">\n\t\t\t\t<div class=\"elementor-widget-container\">\n\t\t\t\t\t\t\t\t\t<p>Find out more about premature ejaculation:<\/p><ul><li><span style=\"color: #0000ff;\"><a style=\"color: #0000ff;\" href=\"https:\/\/klinikadlamezczyzn.pl\/en\/articles\/premature-ejaculation\/\">What is premature ejaculation<\/a><\/span><\/li><li><span style=\"color: #0000ff;\"><a style=\"color: #0000ff;\" href=\"https:\/\/klinikadlamezczyzn.pl\/en\/articles\/premature-ejaculation\/leczenie-przedwczesnego-wytrysku\/\">Treatment of premature ejaculation<\/a><\/span><\/li><li><span style=\"color: #0000ff;\"><a style=\"color: #0000ff;\" href=\"https:\/\/klinikadlamezczyzn.pl\/en\/articles\/premature-ejaculation\/causes-of-premature-ejaculation\/\">Causes of premature ejaculation<\/a><\/span><\/li><li><span style=\"color: #0000ff;\"><a style=\"color: #0000ff;\" href=\"https:\/\/klinikadlamezczyzn.pl\/en\/articles\/premature-ejaculation\/skutki-zbyt-szybkiego-wytrysku\/\">Effects of premature ejaculation<\/a><\/span><\/li><\/ul>\t\t\t\t\t\t\t\t<\/div>\n\t\t\t\t<\/div>\n\t\t\t\t\t<\/div>\n\t\t<\/div>\n\t\t\t\t\t<\/div>\n\t\t<\/section>\n\t\t\t\t<\/div>","protected":false},"excerpt":{"rendered":"<p>Przedwczesny wytrysk Czy przedwczesny wytrysk zdarza si\u0119 cz\u0119sto? Przedwczesny wytrysk jest powszechnym problemem seksualnym, kt\u00f3ry dotyka wielu m\u0119\u017cczyzn na ca\u0142ym \u015bwiecie. Ka\u017cdemu mo\u017ce zdarzy\u0107 si\u0119 zbyt szybkie szczytowanie, jednak je\u015bli ejakulacja zawsze lub prawie zawsze pojawia si\u0119 w ci\u0105gu 1 minut od rozpocz\u0119cia zbli\u017cenia \u2013 jest to realny problem. Postawieniem diagnozy i leczeniem zajmuje si\u0119 [&hellip;]<\/p>\n","protected":false},"author":13,"featured_media":0,"parent":9466,"menu_order":0,"comment_status":"closed","ping_status":"closed","template":"","meta":{"footnotes":""},"class_list":["post-9669","page","type-page","status-publish","hentry"],"yoast_head":"<!-- This site is optimized with the Yoast SEO plugin v27.0 - https:\/\/yoast.com\/product\/yoast-seo-wordpress\/ -->\n<title>Skutki zbyt szybkiego wytrysku - Klinika dla m\u0119\u017cczyzn Warszawa<\/title>\n<meta name=\"robots\" content=\"index, follow, max-snippet:-1, max-image-preview:large, max-video-preview:-1\" \/>\n<link rel=\"canonical\" href=\"https:\/\/klinikadlamezczyzn.pl\/en\/articles\/premature-ejaculation\/skutki-zbyt-szybkiego-wytrysku\/\" \/>\n<meta property=\"og:locale\" content=\"en_GB\" \/>\n<meta property=\"og:type\" content=\"article\" \/>\n<meta property=\"og:title\" content=\"Skutki zbyt szybkiego wytrysku - Klinika dla m\u0119\u017cczyzn Warszawa\" \/>\n<meta property=\"og:description\" content=\"Przedwczesny wytrysk Czy przedwczesny wytrysk zdarza si\u0119 cz\u0119sto? Przedwczesny wytrysk jest powszechnym problemem seksualnym, kt\u00f3ry dotyka wielu m\u0119\u017cczyzn na ca\u0142ym \u015bwiecie. Ka\u017cdemu mo\u017ce zdarzy\u0107 si\u0119 zbyt szybkie szczytowanie, jednak je\u015bli ejakulacja zawsze lub prawie zawsze pojawia si\u0119 w ci\u0105gu 1 minut od rozpocz\u0119cia zbli\u017cenia \u2013 jest to realny problem. Postawieniem diagnozy i leczeniem zajmuje si\u0119 [&hellip;]\" \/>\n<meta property=\"og:url\" content=\"https:\/\/klinikadlamezczyzn.pl\/en\/articles\/premature-ejaculation\/skutki-zbyt-szybkiego-wytrysku\/\" \/>\n<meta property=\"og:site_name\" content=\"Klinika dla m\u0119\u017cczyzn Warszawa\" \/>\n<meta property=\"article:publisher\" content=\"https:\/\/www.facebook.com\/vediclinic\" \/>\n<meta property=\"article:modified_time\" content=\"2023-10-03T10:12:13+00:00\" \/>\n<meta name=\"twitter:card\" content=\"summary_large_image\" \/>\n<meta name=\"twitter:label1\" content=\"Estimated reading time\" \/>\n\t<meta name=\"twitter:data1\" content=\"3 minutes\" \/>\n<script type=\"application\/ld+json\" class=\"yoast-schema-graph\">{\"@context\":\"https:\/\/schema.org\",\"@graph\":[{\"@type\":\"WebPage\",\"@id\":\"https:\/\/klinikadlamezczyzn.pl\/artykuly\/przedwczesny-wytrysk\/skutki-zbyt-szybkiego-wytrysku\/\",\"url\":\"https:\/\/klinikadlamezczyzn.pl\/artykuly\/przedwczesny-wytrysk\/skutki-zbyt-szybkiego-wytrysku\/\",\"name\":\"Skutki zbyt szybkiego wytrysku - Klinika dla m\u0119\u017cczyzn Warszawa\",\"isPartOf\":{\"@id\":\"https:\/\/klinikadlamezczyzn.pl\/#website\"},\"datePublished\":\"2023-10-03T09:30:29+00:00\",\"dateModified\":\"2023-10-03T10:12:13+00:00\",\"breadcrumb\":{\"@id\":\"https:\/\/klinikadlamezczyzn.pl\/artykuly\/przedwczesny-wytrysk\/skutki-zbyt-szybkiego-wytrysku\/#breadcrumb\"},\"inLanguage\":\"en-GB\",\"potentialAction\":[{\"@type\":\"ReadAction\",\"target\":[\"https:\/\/klinikadlamezczyzn.pl\/artykuly\/przedwczesny-wytrysk\/skutki-zbyt-szybkiego-wytrysku\/\"]}]},{\"@type\":\"BreadcrumbList\",\"@id\":\"https:\/\/klinikadlamezczyzn.pl\/artykuly\/przedwczesny-wytrysk\/skutki-zbyt-szybkiego-wytrysku\/#breadcrumb\",\"itemListElement\":[{\"@type\":\"ListItem\",\"position\":1,\"name\":\"Artyku\u0142y\",\"item\":\"https:\/\/klinikadlamezczyzn.pl\/artykuly\/\"},{\"@type\":\"ListItem\",\"position\":2,\"name\":\"Przedwczesny wytrysk\",\"item\":\"https:\/\/klinikadlamezczyzn.pl\/artykuly\/przedwczesny-wytrysk\/\"},{\"@type\":\"ListItem\",\"position\":3,\"name\":\"Skutki zbyt szybkiego wytrysku\"}]},{\"@type\":\"WebSite\",\"@id\":\"https:\/\/klinikadlamezczyzn.pl\/#website\",\"url\":\"https:\/\/klinikadlamezczyzn.pl\/\",\"name\":\"Klinika dla m\u0119\u017cczyzn Warszawa\",\"description\":\"\",\"publisher\":{\"@id\":\"https:\/\/klinikadlamezczyzn.pl\/#organization\"},\"potentialAction\":[{\"@type\":\"SearchAction\",\"target\":{\"@type\":\"EntryPoint\",\"urlTemplate\":\"https:\/\/klinikadlamezczyzn.pl\/?s={search_term_string}\"},\"query-input\":{\"@type\":\"PropertyValueSpecification\",\"valueRequired\":true,\"valueName\":\"search_term_string\"}}],\"inLanguage\":\"en-GB\"},{\"@type\":\"Organization\",\"@id\":\"https:\/\/klinikadlamezczyzn.pl\/#organization\",\"name\":\"VEDI Clinic\",\"url\":\"https:\/\/klinikadlamezczyzn.pl\/\",\"logo\":{\"@type\":\"ImageObject\",\"inLanguage\":\"en-GB\",\"@id\":\"https:\/\/klinikadlamezczyzn.pl\/#\/schema\/logo\/image\/\",\"url\":\"https:\/\/klinikadlamezczyzn.pl\/wp-content\/uploads\/2021\/10\/VEDI-logo-dark.png\",\"contentUrl\":\"https:\/\/klinikadlamezczyzn.pl\/wp-content\/uploads\/2021\/10\/VEDI-logo-dark.png\",\"width\":120,\"height\":56,\"caption\":\"VEDI Clinic\"},\"image\":{\"@id\":\"https:\/\/klinikadlamezczyzn.pl\/#\/schema\/logo\/image\/\"},\"sameAs\":[\"https:\/\/www.facebook.com\/vediclinic\"]}]}<\/script>\n<!-- \/ Yoast SEO plugin. -->","yoast_head_json":{"title":"Skutki zbyt szybkiego wytrysku - Klinika dla m\u0119\u017cczyzn Warszawa","robots":{"index":"index","follow":"follow","max-snippet":"max-snippet:-1","max-image-preview":"max-image-preview:large","max-video-preview":"max-video-preview:-1"},"canonical":"https:\/\/klinikadlamezczyzn.pl\/en\/articles\/premature-ejaculation\/skutki-zbyt-szybkiego-wytrysku\/","og_locale":"en_GB","og_type":"article","og_title":"Skutki zbyt szybkiego wytrysku - Klinika dla m\u0119\u017cczyzn Warszawa","og_description":"Przedwczesny wytrysk Czy przedwczesny wytrysk zdarza si\u0119 cz\u0119sto? Przedwczesny wytrysk jest powszechnym problemem seksualnym, kt\u00f3ry dotyka wielu m\u0119\u017cczyzn na ca\u0142ym \u015bwiecie. Ka\u017cdemu mo\u017ce zdarzy\u0107 si\u0119 zbyt szybkie szczytowanie, jednak je\u015bli ejakulacja zawsze lub prawie zawsze pojawia si\u0119 w ci\u0105gu 1 minut od rozpocz\u0119cia zbli\u017cenia \u2013 jest to realny problem. Postawieniem diagnozy i leczeniem zajmuje si\u0119 [&hellip;]","og_url":"https:\/\/klinikadlamezczyzn.pl\/en\/articles\/premature-ejaculation\/skutki-zbyt-szybkiego-wytrysku\/","og_site_name":"Klinika dla m\u0119\u017cczyzn Warszawa","article_publisher":"https:\/\/www.facebook.com\/vediclinic","article_modified_time":"2023-10-03T10:12:13+00:00","twitter_card":"summary_large_image","twitter_misc":{"Estimated reading time":"3 minutes"},"schema":{"@context":"https:\/\/schema.org","@graph":[{"@type":"WebPage","@id":"https:\/\/klinikadlamezczyzn.pl\/artykuly\/przedwczesny-wytrysk\/skutki-zbyt-szybkiego-wytrysku\/","url":"https:\/\/klinikadlamezczyzn.pl\/artykuly\/przedwczesny-wytrysk\/skutki-zbyt-szybkiego-wytrysku\/","name":"Skutki zbyt szybkiego wytrysku - Klinika dla m\u0119\u017cczyzn Warszawa","isPartOf":{"@id":"https:\/\/klinikadlamezczyzn.pl\/#website"},"datePublished":"2023-10-03T09:30:29+00:00","dateModified":"2023-10-03T10:12:13+00:00","breadcrumb":{"@id":"https:\/\/klinikadlamezczyzn.pl\/artykuly\/przedwczesny-wytrysk\/skutki-zbyt-szybkiego-wytrysku\/#breadcrumb"},"inLanguage":"en-GB","potentialAction":[{"@type":"ReadAction","target":["https:\/\/klinikadlamezczyzn.pl\/artykuly\/przedwczesny-wytrysk\/skutki-zbyt-szybkiego-wytrysku\/"]}]},{"@type":"BreadcrumbList","@id":"https:\/\/klinikadlamezczyzn.pl\/artykuly\/przedwczesny-wytrysk\/skutki-zbyt-szybkiego-wytrysku\/#breadcrumb","itemListElement":[{"@type":"ListItem","position":1,"name":"Artyku\u0142y","item":"https:\/\/klinikadlamezczyzn.pl\/artykuly\/"},{"@type":"ListItem","position":2,"name":"Przedwczesny wytrysk","item":"https:\/\/klinikadlamezczyzn.pl\/artykuly\/przedwczesny-wytrysk\/"},{"@type":"ListItem","position":3,"name":"Skutki zbyt szybkiego wytrysku"}]},{"@type":"WebSite","@id":"https:\/\/klinikadlamezczyzn.pl\/#website","url":"https:\/\/klinikadlamezczyzn.pl\/","name":"Men's clinic Warsaw","description":"","publisher":{"@id":"https:\/\/klinikadlamezczyzn.pl\/#organization"},"potentialAction":[{"@type":"SearchAction","target":{"@type":"EntryPoint","urlTemplate":"https:\/\/klinikadlamezczyzn.pl\/?s={search_term_string}"},"query-input":{"@type":"PropertyValueSpecification","valueRequired":true,"valueName":"search_term_string"}}],"inLanguage":"en-GB"},{"@type":"Organization","@id":"https:\/\/klinikadlamezczyzn.pl\/#organization","name":"VEDI Clinic","url":"https:\/\/klinikadlamezczyzn.pl\/","logo":{"@type":"ImageObject","inLanguage":"en-GB","@id":"https:\/\/klinikadlamezczyzn.pl\/#\/schema\/logo\/image\/","url":"https:\/\/klinikadlamezczyzn.pl\/wp-content\/uploads\/2021\/10\/VEDI-logo-dark.png","contentUrl":"https:\/\/klinikadlamezczyzn.pl\/wp-content\/uploads\/2021\/10\/VEDI-logo-dark.png","width":120,"height":56,"caption":"VEDI Clinic"},"image":{"@id":"https:\/\/klinikadlamezczyzn.pl\/#\/schema\/logo\/image\/"},"sameAs":["https:\/\/www.facebook.com\/vediclinic"]}]}},"_links":{"self":[{"href":"https:\/\/klinikadlamezczyzn.pl\/en\/wp-json\/wp\/v2\/pages\/9669","targetHints":{"allow":["GET"]}}],"collection":[{"href":"https:\/\/klinikadlamezczyzn.pl\/en\/wp-json\/wp\/v2\/pages"}],"about":[{"href":"https:\/\/klinikadlamezczyzn.pl\/en\/wp-json\/wp\/v2\/types\/page"}],"author":[{"embeddable":true,"href":"https:\/\/klinikadlamezczyzn.pl\/en\/wp-json\/wp\/v2\/users\/13"}],"replies":[{"embeddable":true,"href":"https:\/\/klinikadlamezczyzn.pl\/en\/wp-json\/wp\/v2\/comments?post=9669"}],"version-history":[{"count":0,"href":"https:\/\/klinikadlamezczyzn.pl\/en\/wp-json\/wp\/v2\/pages\/9669\/revisions"}],"up":[{"embeddable":true,"href":"https:\/\/klinikadlamezczyzn.pl\/en\/wp-json\/wp\/v2\/pages\/9466"}],"wp:attachment":[{"href":"https:\/\/klinikadlamezczyzn.pl\/en\/wp-json\/wp\/v2\/media?parent=9669"}],"curies":[{"name":"WP","href":"https:\/\/api.w.org\/{rel}","templated":true}]}}