{"id":9481,"date":"2023-09-20T12:50:53","date_gmt":"2023-09-20T10:50:53","guid":{"rendered":"https:\/\/klinikadlamezczyzn.pl\/?page_id=9481"},"modified":"2024-02-26T10:11:50","modified_gmt":"2024-02-26T09:11:50","slug":"causes-of-premature-ejaculation","status":"publish","type":"page","link":"https:\/\/klinikadlamezczyzn.pl\/en\/artykuly\/przedwczesny-wytrysk\/przyczyny-przedwczesnego-wytrysku\/","title":{"rendered":"Causes of premature ejaculation"},"content":{"rendered":"<div data-elementor-type=\"wp-page\" data-elementor-id=\"9481\" class=\"elementor elementor-9481\">\n\t\t\t\t\t\t<section class=\"elementor-section elementor-top-section elementor-element elementor-element-2537ecd elementor-section-boxed elementor-section-height-default elementor-section-height-default\" data-id=\"2537ecd\" data-element_type=\"section\" data-e-type=\"section\" data-settings=\"{&quot;background_background&quot;:&quot;classic&quot;}\">\n\t\t\t\t\t\t<div class=\"elementor-container elementor-column-gap-default\">\n\t\t\t\t\t<div class=\"elementor-column elementor-col-100 elementor-top-column elementor-element elementor-element-9db84e5\" data-id=\"9db84e5\" data-element_type=\"column\" data-e-type=\"column\">\n\t\t\t<div class=\"elementor-widget-wrap elementor-element-populated\">\n\t\t\t\t\t\t<div class=\"elementor-element elementor-element-211dcb3 elementor-widget elementor-widget-heading\" data-id=\"211dcb3\" data-element_type=\"widget\" data-e-type=\"widget\" data-widget_type=\"heading.default\">\n\t\t\t\t<div class=\"elementor-widget-container\">\n\t\t\t\t\t<h1 class=\"elementor-heading-title elementor-size-default\">Premature ejaculation\n<\/h1>\t\t\t\t<\/div>\n\t\t\t\t<\/div>\n\t\t\t\t\t<\/div>\n\t\t<\/div>\n\t\t\t\t\t<\/div>\n\t\t<\/section>\n\t\t\t\t<section class=\"elementor-section elementor-top-section elementor-element elementor-element-dd8abb9 elementor-section-boxed elementor-section-height-default elementor-section-height-default\" data-id=\"dd8abb9\" data-element_type=\"section\" data-e-type=\"section\">\n\t\t\t\t\t\t<div class=\"elementor-container elementor-column-gap-default\">\n\t\t\t\t\t<div class=\"elementor-column elementor-col-100 elementor-top-column elementor-element elementor-element-520a8e6\" data-id=\"520a8e6\" data-element_type=\"column\" data-e-type=\"column\">\n\t\t\t<div class=\"elementor-widget-wrap elementor-element-populated\">\n\t\t\t\t\t\t<div class=\"elementor-element elementor-element-c228365 elementor-widget elementor-widget-text-editor\" data-id=\"c228365\" data-element_type=\"widget\" data-e-type=\"widget\" data-widget_type=\"text-editor.default\">\n\t\t\t\t<div class=\"elementor-widget-container\">\n\t\t\t\t\t\t\t\t\t<h2><strong>Early ejaculation - what is it? <\/strong><\/h2>\n<p><span style=\"color: #000000;\">Premature ejaculation<\/span>, early or rapid ejaculation in a man belongs to a group of sexual dysfunctions. Premature ejaculation occurs most often in young, sexually inexperienced men and involves rapid ejaculation with minimal sexual stimulation. Although premature ejaculation generally occurs in younger men, premature ejaculation affects the entire male population, and has happened to everyone at least once.<\/p>\n<p>Rapid ejaculation in young men is not immediately classed as a sexual dysfunction, but rather a natural rite of passage. However, when premature ejaculation happens repeatedly, long after the onset of sexual activity, and negatively affects the quality of sexual life - then the problem should be taken seriously.<\/p>\n<p>Premature ejaculation refers to ejaculation that occurs with minimal sexual stimulation, either just after the start of sexual intercourse or even before. Sometimes premature ejaculation also occurs when the erection of the penis is insufficient to initiate sexual intercourse.&nbsp;<\/p>\n<p>Ejaculation too soon can cause frustration and anxiety before intercourse. The feeling of not being able to control ejaculation and not being able to have satisfying sexual intercourse can negatively affect a man's self-esteem and confidence. For the quality of sex life to be at a good level, a man should be able to control the moment of ejaculation to some extent. On the other hand, if a man feels that he cannot delay ejaculation in any way - he may have a problem having sexual intercourse.<\/p>\n<p>What are the causes of premature ejaculation and can you get rid of the problem? Read on!<\/p>\n<h2><strong>Causes of premature ejaculation <\/strong><\/h2>\n<p>The causes of premature ejaculation can be divided into 3 main types: somatic, neurological, and psychological.<\/p>\n<p>Somatic causes refer to physical problems where premature ejaculation coexists or is a consequence of other diseases. Causes of ejaculatory disorders can include cardiovascular diseases such as hypertension or, for example, diabetes or hyperthyroidism. Often, however, premature ejaculation is caused by anatomical abnormalities, or diseases of the genitourinary system. Problems causing premature ejaculation can include urethritis, or inflammation or hypertrophy of the prostate.<\/p>\n<p>Far less frequently, too early ejaculation is <span style=\"color: #0000ff;\"><a style=\"color: #0000ff;\" href=\"https:\/\/klinikadlamezczyzn.pl\/en\/articles\/premature-ejaculation\/skutki-zbyt-szybkiego-wytrysku\/\">effect of<\/a> <\/span>neurological disorders or abnormalities. Researchers have found a link between premature primary ejaculation (premature ejaculation that accompanies a man from the onset of sexual activity) and the serotonin system and the activity of neurotransmitters in brain cells. It should be noted, however, that premature primary ejaculation is one of the rare sexual dysfunctions, and usually the reason for premature ejaculation is much simpler.<\/p>\n<p>Causes of premature ejaculation related to male psychology are very common, and explain why premature ejaculation can come and go. The most common problem is stress in one's life, but also the fear of being judged, or the frustration of worrying that one's partner will not be sexually satisfied. Of course, there are cases where premature ejaculation is the consequence of a serious trauma that needs to be worked through with a psychologist or psychotherapist.<\/p>\n<p>Premature ejaculation happens to everyone, but if it is not a one-off event that can be linked to fatigue or temporary stress - it should not be underestimated. Premature ejaculation often manifests itself as a manifestation of other diseases or disorders, therefore diagnosis of its cause and appropriate <span style=\"color: #0000ff;\">treatment <\/span>are very important.<\/p>\n<h2><strong>What to do about too rapid ejaculation?<\/strong><\/h2>\n<p>How to deal with premature ejaculation? First and foremost, if premature ejaculation occurs so frequently that a man feels a reduction in the quality of his sexual life, a urology specialist should be consulted. There is no reason to be ashamed or worried - the urologist is the doctor responsible for the health of the male genitourinary tract and approaches the problem of premature ejaculation with due attention and professionalism. A man's sex life is one of the spheres of life that allows him to realise himself and maintain a good quality of life, so any sexual disorders that negatively affect this sphere must be taken seriously.<\/p>\n<p>A urologist will help coordinate the diagnosis and treatment of premature ejaculation. If he does not detect a genitourinary abnormality himself, he will order consultations and tests from other specialties to get to the root of the problem.<\/p>\n<p>Sometimes psychological help is needed. Then, the urologist may recommend a consultation with a sexologist or a psychologist or psychotherapist. Psychological sexual dysfunctions should not be underestimated because, if left untreated, they can develop into sexual disorders that last for years. A specialist will help to work through psychological problems related to intercourse, erection or ejaculation and will also provide methods for delaying ejaculation that a man can use before or during intercourse.<\/p>\n<h2><strong>Exercises for premature ejaculation<\/strong><\/h2>\n<p>Apart from drug treatment or visits to a specialist, are there methods of delaying ejaculation that can be used at home? Questions entitled. \u201eIs it possible to practice premature ejaculation?\u201d come up frequently, both on the Internet and in doctors' offices. First of all, it depends on the cause of premature ejaculation. If premature ejaculation occurring in a man is the result of stress, anxiety or overexcitement, it will be easier for him to use methods to delay ejaculation than if rapid ejaculation is caused by an abnormal anatomy or other disease.<\/p>\n<p>In the absence of co-morbidities, an effective way to delay ejaculation during sexual intercourse is to withdraw the penis from the vagina when impending ejaculation is felt. After withdrawing the penis, it is important for the man to remain motionless for a few or several seconds. Deep diaphragmatic breathing and clenching of the abdominal muscles are also recommended. Only when the emotions have calmed down can intercourse be resumed.<\/p>\n<p>Sometimes premature ejaculation occurs because arousal is achieved very quickly. In such cases, to practice premature ejaculation, or to delay it, you can slow down the pace of intercourse. If the movements during intercourse are slow and gentle then arousal will occur gradually, effectively delaying ejaculation. It is also worth remembering that frequent sexual intercourse prolongs the time of intercourse and delays ejaculation.<\/p>\n<p>You can also use ointments or creams that have lidocaine and prilocaine in their composition. Such preparations applied to the glans of the penis about 15 minutes before intercourse have anaesthetic properties, which makes the penis less sensitive to stimulation and delays ejaculation.<\/p>\n<p>Would you like an expert opinion? Are you struggling with premature ejaculation and don't know how to help yourself? Take advantage of the diagnostic package available at Vedi Clinic Warsaw. Come for a diagnosis and consultation with outstanding specialists who will quickly and professionally find the cause of premature ejaculation and help you deal with it.<\/p>\t\t\t\t\t\t\t\t<\/div>\n\t\t\t\t<\/div>\n\t\t\t\t\t<\/div>\n\t\t<\/div>\n\t\t\t\t\t<\/div>\n\t\t<\/section>\n\t\t\t\t<section class=\"elementor-section elementor-top-section elementor-element elementor-element-21ebfd3 elementor-section-boxed elementor-section-height-default elementor-section-height-default\" data-id=\"21ebfd3\" data-element_type=\"section\" data-e-type=\"section\">\n\t\t\t\t\t\t<div class=\"elementor-container elementor-column-gap-default\">\n\t\t\t\t\t<div class=\"elementor-column elementor-col-100 elementor-top-column elementor-element elementor-element-f29415d\" data-id=\"f29415d\" data-element_type=\"column\" data-e-type=\"column\">\n\t\t\t<div class=\"elementor-widget-wrap\">\n\t\t\t\t\t\t\t<\/div>\n\t\t<\/div>\n\t\t\t\t\t<\/div>\n\t\t<\/section>\n\t\t\t\t<section class=\"elementor-section elementor-top-section elementor-element elementor-element-3f00054 elementor-section-boxed elementor-section-height-default elementor-section-height-default\" data-id=\"3f00054\" data-element_type=\"section\" data-e-type=\"section\">\n\t\t\t\t\t\t<div class=\"elementor-container elementor-column-gap-default\">\n\t\t\t\t\t<div class=\"elementor-column elementor-col-100 elementor-top-column elementor-element elementor-element-a7b08de\" data-id=\"a7b08de\" data-element_type=\"column\" data-e-type=\"column\">\n\t\t\t<div class=\"elementor-widget-wrap elementor-element-populated\">\n\t\t\t\t\t\t<div class=\"elementor-element elementor-element-2ca06d6 elementor-widget elementor-widget-text-editor\" data-id=\"2ca06d6\" data-element_type=\"widget\" data-e-type=\"widget\" data-widget_type=\"text-editor.default\">\n\t\t\t\t<div class=\"elementor-widget-container\">\n\t\t\t\t\t\t\t\t\t<p>Find out more about premature ejaculation:<\/p><ul><li><span style=\"color: #0000ff;\"><a style=\"color: #0000ff;\" href=\"https:\/\/klinikadlamezczyzn.pl\/en\/articles\/premature-ejaculation\/\">What is premature ejaculation<\/a><\/span><\/li><li><span style=\"color: #0000ff;\"><a style=\"color: #0000ff;\" href=\"https:\/\/klinikadlamezczyzn.pl\/en\/articles\/premature-ejaculation\/leczenie-przedwczesnego-wytrysku\/\">Treatment of premature ejaculation<\/a><\/span><\/li><li><span style=\"color: #0000ff;\"><a style=\"color: #0000ff;\" href=\"https:\/\/klinikadlamezczyzn.pl\/en\/articles\/premature-ejaculation\/causes-of-premature-ejaculation\/\">Causes of premature ejaculation<\/a><\/span><\/li><li><span style=\"color: #0000ff;\"><a style=\"color: #0000ff;\" href=\"https:\/\/klinikadlamezczyzn.pl\/en\/articles\/premature-ejaculation\/skutki-zbyt-szybkiego-wytrysku\/\">Effects of premature ejaculation<\/a><\/span><\/li><\/ul>\t\t\t\t\t\t\t\t<\/div>\n\t\t\t\t<\/div>\n\t\t\t\t\t<\/div>\n\t\t<\/div>\n\t\t\t\t\t<\/div>\n\t\t<\/section>\n\t\t\t\t<\/div>","protected":false},"excerpt":{"rendered":"<p>Przedwczesny wytrysk Wczesny wytrysk \u2013 co to? Przedwczesny wytrysk, wczesny lub szybki wytrysk u m\u0119\u017cczyzny nale\u017cy do grupy dysfunkcji seksualnych. Wytrysk przedwczesny pojawia si\u0119 najcz\u0119\u015bciej u m\u0142odych, niedo\u015bwiadczonych seksualnie m\u0119\u017cczyzn i polega na szybkiej ejakulacji przy minimalnej stymulacji seksualnej. Mimo, \u017ce z regu\u0142y przedwczesny wytrysk wyst\u0119puje u m\u0142odszych m\u0119\u017cczyzn, to przedwczesny wytrysk dotyczy ca\u0142ej populacji [&hellip;]<\/p>\n","protected":false},"author":13,"featured_media":0,"parent":9466,"menu_order":0,"comment_status":"closed","ping_status":"closed","template":"","meta":{"footnotes":""},"class_list":["post-9481","page","type-page","status-publish","hentry"],"yoast_head":"<!-- This site is optimized with the Yoast SEO plugin v27.0 - https:\/\/yoast.com\/product\/yoast-seo-wordpress\/ -->\n<title>Przedwczesny wczesny zbyt szybki wytrysk przyczyny leczenie u m\u0119\u017cczyzny<\/title>\n<meta name=\"robots\" content=\"index, follow, max-snippet:-1, max-image-preview:large, max-video-preview:-1\" \/>\n<link rel=\"canonical\" href=\"https:\/\/klinikadlamezczyzn.pl\/en\/articles\/premature-ejaculation\/causes-of-premature-ejaculation\/\" \/>\n<meta property=\"og:locale\" content=\"en_GB\" \/>\n<meta property=\"og:type\" content=\"article\" \/>\n<meta property=\"og:title\" content=\"Przedwczesny wczesny zbyt szybki wytrysk przyczyny leczenie u m\u0119\u017cczyzny\" \/>\n<meta property=\"og:description\" content=\"Przedwczesny wytrysk Wczesny wytrysk \u2013 co to? Przedwczesny wytrysk, wczesny lub szybki wytrysk u m\u0119\u017cczyzny nale\u017cy do grupy dysfunkcji seksualnych. Wytrysk przedwczesny pojawia si\u0119 najcz\u0119\u015bciej u m\u0142odych, niedo\u015bwiadczonych seksualnie m\u0119\u017cczyzn i polega na szybkiej ejakulacji przy minimalnej stymulacji seksualnej. Mimo, \u017ce z regu\u0142y przedwczesny wytrysk wyst\u0119puje u m\u0142odszych m\u0119\u017cczyzn, to przedwczesny wytrysk dotyczy ca\u0142ej populacji [&hellip;]\" \/>\n<meta property=\"og:url\" content=\"https:\/\/klinikadlamezczyzn.pl\/en\/articles\/premature-ejaculation\/causes-of-premature-ejaculation\/\" \/>\n<meta property=\"og:site_name\" content=\"Klinika dla m\u0119\u017cczyzn Warszawa\" \/>\n<meta property=\"article:publisher\" content=\"https:\/\/www.facebook.com\/vediclinic\" \/>\n<meta property=\"article:modified_time\" content=\"2024-02-26T09:11:50+00:00\" \/>\n<meta name=\"twitter:card\" content=\"summary_large_image\" \/>\n<meta name=\"twitter:label1\" content=\"Estimated reading time\" \/>\n\t<meta name=\"twitter:data1\" content=\"6 minutes\" \/>\n<script type=\"application\/ld+json\" class=\"yoast-schema-graph\">{\"@context\":\"https:\/\/schema.org\",\"@graph\":[{\"@type\":\"WebPage\",\"@id\":\"https:\/\/klinikadlamezczyzn.pl\/artykuly\/przedwczesny-wytrysk\/przyczyny-przedwczesnego-wytrysku\/\",\"url\":\"https:\/\/klinikadlamezczyzn.pl\/artykuly\/przedwczesny-wytrysk\/przyczyny-przedwczesnego-wytrysku\/\",\"name\":\"Przedwczesny wczesny zbyt szybki wytrysk przyczyny leczenie u m\u0119\u017cczyzny\",\"isPartOf\":{\"@id\":\"https:\/\/klinikadlamezczyzn.pl\/#website\"},\"datePublished\":\"2023-09-20T10:50:53+00:00\",\"dateModified\":\"2024-02-26T09:11:50+00:00\",\"breadcrumb\":{\"@id\":\"https:\/\/klinikadlamezczyzn.pl\/artykuly\/przedwczesny-wytrysk\/przyczyny-przedwczesnego-wytrysku\/#breadcrumb\"},\"inLanguage\":\"en-GB\",\"potentialAction\":[{\"@type\":\"ReadAction\",\"target\":[\"https:\/\/klinikadlamezczyzn.pl\/artykuly\/przedwczesny-wytrysk\/przyczyny-przedwczesnego-wytrysku\/\"]}]},{\"@type\":\"BreadcrumbList\",\"@id\":\"https:\/\/klinikadlamezczyzn.pl\/artykuly\/przedwczesny-wytrysk\/przyczyny-przedwczesnego-wytrysku\/#breadcrumb\",\"itemListElement\":[{\"@type\":\"ListItem\",\"position\":1,\"name\":\"Artyku\u0142y\",\"item\":\"https:\/\/klinikadlamezczyzn.pl\/artykuly\/\"},{\"@type\":\"ListItem\",\"position\":2,\"name\":\"Przedwczesny wytrysk\",\"item\":\"https:\/\/klinikadlamezczyzn.pl\/artykuly\/przedwczesny-wytrysk\/\"},{\"@type\":\"ListItem\",\"position\":3,\"name\":\"Przyczyny przedwczesnego wytrysku\"}]},{\"@type\":\"WebSite\",\"@id\":\"https:\/\/klinikadlamezczyzn.pl\/#website\",\"url\":\"https:\/\/klinikadlamezczyzn.pl\/\",\"name\":\"Klinika dla m\u0119\u017cczyzn Warszawa\",\"description\":\"\",\"publisher\":{\"@id\":\"https:\/\/klinikadlamezczyzn.pl\/#organization\"},\"potentialAction\":[{\"@type\":\"SearchAction\",\"target\":{\"@type\":\"EntryPoint\",\"urlTemplate\":\"https:\/\/klinikadlamezczyzn.pl\/?s={search_term_string}\"},\"query-input\":{\"@type\":\"PropertyValueSpecification\",\"valueRequired\":true,\"valueName\":\"search_term_string\"}}],\"inLanguage\":\"en-GB\"},{\"@type\":\"Organization\",\"@id\":\"https:\/\/klinikadlamezczyzn.pl\/#organization\",\"name\":\"VEDI Clinic\",\"url\":\"https:\/\/klinikadlamezczyzn.pl\/\",\"logo\":{\"@type\":\"ImageObject\",\"inLanguage\":\"en-GB\",\"@id\":\"https:\/\/klinikadlamezczyzn.pl\/#\/schema\/logo\/image\/\",\"url\":\"https:\/\/klinikadlamezczyzn.pl\/wp-content\/uploads\/2021\/10\/VEDI-logo-dark.png\",\"contentUrl\":\"https:\/\/klinikadlamezczyzn.pl\/wp-content\/uploads\/2021\/10\/VEDI-logo-dark.png\",\"width\":120,\"height\":56,\"caption\":\"VEDI Clinic\"},\"image\":{\"@id\":\"https:\/\/klinikadlamezczyzn.pl\/#\/schema\/logo\/image\/\"},\"sameAs\":[\"https:\/\/www.facebook.com\/vediclinic\"]}]}<\/script>\n<!-- \/ Yoast SEO plugin. -->","yoast_head_json":{"title":"Premature early too rapid ejaculation causes treatment in a man","robots":{"index":"index","follow":"follow","max-snippet":"max-snippet:-1","max-image-preview":"max-image-preview:large","max-video-preview":"max-video-preview:-1"},"canonical":"https:\/\/klinikadlamezczyzn.pl\/en\/articles\/premature-ejaculation\/causes-of-premature-ejaculation\/","og_locale":"en_GB","og_type":"article","og_title":"Przedwczesny wczesny zbyt szybki wytrysk przyczyny leczenie u m\u0119\u017cczyzny","og_description":"Przedwczesny wytrysk Wczesny wytrysk \u2013 co to? Przedwczesny wytrysk, wczesny lub szybki wytrysk u m\u0119\u017cczyzny nale\u017cy do grupy dysfunkcji seksualnych. Wytrysk przedwczesny pojawia si\u0119 najcz\u0119\u015bciej u m\u0142odych, niedo\u015bwiadczonych seksualnie m\u0119\u017cczyzn i polega na szybkiej ejakulacji przy minimalnej stymulacji seksualnej. Mimo, \u017ce z regu\u0142y przedwczesny wytrysk wyst\u0119puje u m\u0142odszych m\u0119\u017cczyzn, to przedwczesny wytrysk dotyczy ca\u0142ej populacji [&hellip;]","og_url":"https:\/\/klinikadlamezczyzn.pl\/en\/articles\/premature-ejaculation\/causes-of-premature-ejaculation\/","og_site_name":"Klinika dla m\u0119\u017cczyzn Warszawa","article_publisher":"https:\/\/www.facebook.com\/vediclinic","article_modified_time":"2024-02-26T09:11:50+00:00","twitter_card":"summary_large_image","twitter_misc":{"Estimated reading time":"6 minutes"},"schema":{"@context":"https:\/\/schema.org","@graph":[{"@type":"WebPage","@id":"https:\/\/klinikadlamezczyzn.pl\/artykuly\/przedwczesny-wytrysk\/przyczyny-przedwczesnego-wytrysku\/","url":"https:\/\/klinikadlamezczyzn.pl\/artykuly\/przedwczesny-wytrysk\/przyczyny-przedwczesnego-wytrysku\/","name":"Premature early too rapid ejaculation causes treatment in a man","isPartOf":{"@id":"https:\/\/klinikadlamezczyzn.pl\/#website"},"datePublished":"2023-09-20T10:50:53+00:00","dateModified":"2024-02-26T09:11:50+00:00","breadcrumb":{"@id":"https:\/\/klinikadlamezczyzn.pl\/artykuly\/przedwczesny-wytrysk\/przyczyny-przedwczesnego-wytrysku\/#breadcrumb"},"inLanguage":"en-GB","potentialAction":[{"@type":"ReadAction","target":["https:\/\/klinikadlamezczyzn.pl\/artykuly\/przedwczesny-wytrysk\/przyczyny-przedwczesnego-wytrysku\/"]}]},{"@type":"BreadcrumbList","@id":"https:\/\/klinikadlamezczyzn.pl\/artykuly\/przedwczesny-wytrysk\/przyczyny-przedwczesnego-wytrysku\/#breadcrumb","itemListElement":[{"@type":"ListItem","position":1,"name":"Artyku\u0142y","item":"https:\/\/klinikadlamezczyzn.pl\/artykuly\/"},{"@type":"ListItem","position":2,"name":"Przedwczesny wytrysk","item":"https:\/\/klinikadlamezczyzn.pl\/artykuly\/przedwczesny-wytrysk\/"},{"@type":"ListItem","position":3,"name":"Przyczyny przedwczesnego wytrysku"}]},{"@type":"WebSite","@id":"https:\/\/klinikadlamezczyzn.pl\/#website","url":"https:\/\/klinikadlamezczyzn.pl\/","name":"Men's clinic Warsaw","description":"","publisher":{"@id":"https:\/\/klinikadlamezczyzn.pl\/#organization"},"potentialAction":[{"@type":"SearchAction","target":{"@type":"EntryPoint","urlTemplate":"https:\/\/klinikadlamezczyzn.pl\/?s={search_term_string}"},"query-input":{"@type":"PropertyValueSpecification","valueRequired":true,"valueName":"search_term_string"}}],"inLanguage":"en-GB"},{"@type":"Organization","@id":"https:\/\/klinikadlamezczyzn.pl\/#organization","name":"VEDI Clinic","url":"https:\/\/klinikadlamezczyzn.pl\/","logo":{"@type":"ImageObject","inLanguage":"en-GB","@id":"https:\/\/klinikadlamezczyzn.pl\/#\/schema\/logo\/image\/","url":"https:\/\/klinikadlamezczyzn.pl\/wp-content\/uploads\/2021\/10\/VEDI-logo-dark.png","contentUrl":"https:\/\/klinikadlamezczyzn.pl\/wp-content\/uploads\/2021\/10\/VEDI-logo-dark.png","width":120,"height":56,"caption":"VEDI Clinic"},"image":{"@id":"https:\/\/klinikadlamezczyzn.pl\/#\/schema\/logo\/image\/"},"sameAs":["https:\/\/www.facebook.com\/vediclinic"]}]}},"_links":{"self":[{"href":"https:\/\/klinikadlamezczyzn.pl\/en\/wp-json\/wp\/v2\/pages\/9481","targetHints":{"allow":["GET"]}}],"collection":[{"href":"https:\/\/klinikadlamezczyzn.pl\/en\/wp-json\/wp\/v2\/pages"}],"about":[{"href":"https:\/\/klinikadlamezczyzn.pl\/en\/wp-json\/wp\/v2\/types\/page"}],"author":[{"embeddable":true,"href":"https:\/\/klinikadlamezczyzn.pl\/en\/wp-json\/wp\/v2\/users\/13"}],"replies":[{"embeddable":true,"href":"https:\/\/klinikadlamezczyzn.pl\/en\/wp-json\/wp\/v2\/comments?post=9481"}],"version-history":[{"count":0,"href":"https:\/\/klinikadlamezczyzn.pl\/en\/wp-json\/wp\/v2\/pages\/9481\/revisions"}],"up":[{"embeddable":true,"href":"https:\/\/klinikadlamezczyzn.pl\/en\/wp-json\/wp\/v2\/pages\/9466"}],"wp:attachment":[{"href":"https:\/\/klinikadlamezczyzn.pl\/en\/wp-json\/wp\/v2\/media?parent=9481"}],"curies":[{"name":"wp","href":"https:\/\/api.w.org\/{rel}","templated":true}]}}