{"id":9466,"date":"2023-09-20T12:22:11","date_gmt":"2023-09-20T10:22:11","guid":{"rendered":"https:\/\/klinikadlamezczyzn.pl\/?page_id=9466"},"modified":"2023-10-03T12:13:12","modified_gmt":"2023-10-03T10:13:12","slug":"premature-ejaculation","status":"publish","type":"page","link":"https:\/\/klinikadlamezczyzn.pl\/en\/artykuly\/przedwczesny-wytrysk\/","title":{"rendered":"Premature ejaculation"},"content":{"rendered":"<div data-elementor-type=\"wp-page\" data-elementor-id=\"9466\" class=\"elementor elementor-9466\">\n\t\t\t\t\t\t<section class=\"elementor-section elementor-top-section elementor-element elementor-element-2537ecd elementor-section-boxed elementor-section-height-default elementor-section-height-default\" data-id=\"2537ecd\" data-element_type=\"section\" data-e-type=\"section\" data-settings=\"{&quot;background_background&quot;:&quot;classic&quot;}\">\n\t\t\t\t\t\t<div class=\"elementor-container elementor-column-gap-default\">\n\t\t\t\t\t<div class=\"elementor-column elementor-col-100 elementor-top-column elementor-element elementor-element-9db84e5\" data-id=\"9db84e5\" data-element_type=\"column\" data-e-type=\"column\">\n\t\t\t<div class=\"elementor-widget-wrap elementor-element-populated\">\n\t\t\t\t\t\t<div class=\"elementor-element elementor-element-211dcb3 elementor-widget elementor-widget-heading\" data-id=\"211dcb3\" data-element_type=\"widget\" data-e-type=\"widget\" data-widget_type=\"heading.default\">\n\t\t\t\t<div class=\"elementor-widget-container\">\n\t\t\t\t\t<h1 class=\"elementor-heading-title elementor-size-default\">Przedwczesny wytrysk \u2013 co to?\n<\/h1>\t\t\t\t<\/div>\n\t\t\t\t<\/div>\n\t\t\t\t\t<\/div>\n\t\t<\/div>\n\t\t\t\t\t<\/div>\n\t\t<\/section>\n\t\t\t\t<section class=\"elementor-section elementor-top-section elementor-element elementor-element-dd8abb9 elementor-section-boxed elementor-section-height-default elementor-section-height-default\" data-id=\"dd8abb9\" data-element_type=\"section\" data-e-type=\"section\">\n\t\t\t\t\t\t<div class=\"elementor-container elementor-column-gap-default\">\n\t\t\t\t\t<div class=\"elementor-column elementor-col-100 elementor-top-column elementor-element elementor-element-520a8e6\" data-id=\"520a8e6\" data-element_type=\"column\" data-e-type=\"column\">\n\t\t\t<div class=\"elementor-widget-wrap elementor-element-populated\">\n\t\t\t\t\t\t<div class=\"elementor-element elementor-element-c228365 elementor-widget elementor-widget-text-editor\" data-id=\"c228365\" data-element_type=\"widget\" data-e-type=\"widget\" data-widget_type=\"text-editor.default\">\n\t\t\t\t<div class=\"elementor-widget-container\">\n\t\t\t\t\t\t\t\t\t<p>Wed\u0142ug Mi\u0119dzynarodowej Klasyfikacji Chor\u00f3b i Problem\u00f3w Zdrowotnych ICD-10 <a href=\"https:\/\/klinikadlamezczyzn.pl\/en\/our-offer\/premature-ejaculation\/\"><span style=\"color: #0000ff;\">premature ejaculation<\/span><\/a> charakteryzuje si\u0119 niezdolno\u015bci\u0105 do op\u00f3\u017anienia wytrysku wystarczaj\u0105cego do osi\u0105gni\u0119cia satysfakcji ze stosunku seksualnego. Zjawisko przedwczesnego wytrysku pojawia si\u0119 przed lub natychmiast po rozpocz\u0119ciu zbli\u017cenia. Mo\u017ce r\u00f3wnie\u017c wyst\u0119powa\u0107 w sytuacji wzwodu kt\u00f3ry nie jest wystarczaj\u0105cy aby dosz\u0142o do penetracji.<\/p><p>The diagnosis can be made for patients who meet the general criteria for sexual dysfunction, which include:<\/p><ul><li>The duration of the disorder or difficulty is a minimum of 6 months<\/li><li>Lack of ability of a person to participate in sexual relationships that satisfy them<\/li><li>Organic disorders (e.g. brain damage or dysfunction), psychiatric disorders, endocrinological disorders, somatic diseases (related to physical symptoms), as well as the use of drugs are excluded as a reason for this sexual dysfunction<\/li><\/ul><p>Premature ejaculation can cause frustration or even fear of intercourse. The awareness of not being able to satisfy a partner or partner creates anxiety and stress, which only exacerbates erection problems and ejaculation too quickly.<\/p><h2><strong>\u00a0<\/strong><strong>Zaburzenia wytrysku \u2013 u kogo wyst\u0119puj\u0105? <\/strong><\/h2><p>Oczywi\u015bcie m\u0119\u017cczy\u017ani kt\u00f3rzy dopiero co przeszli inicjacj\u0119 seksualn\u0105 mog\u0105 mie\u0107 problem z przedwczesnym wytryskiem kt\u00f3ry jest kompletnie naturalny i rozwi\u0105\u017ce si\u0119 z wiekiem. Og\u00f3lnie, zaburzenia wytrysku s\u0105 bardzo powszechne. Z problemem przedwczesnego wytrysku boryka si\u0119 oko\u0142o 20-30% populacji m\u0119\u017cczyzn. Wi\u0119ksz\u0105 cz\u0119\u015b\u0107 tej liczby stanowi\u0105 m\u0119\u017cczy\u017ani kt\u00f3rym czasami zdarza si\u0119 boryka\u0107 z problemem przedwczesnej ejakulacji lub osoby kt\u00f3re maj\u0105 tzw. przedwczesny wytrysk rzekomy. To oznacza, \u017ce s\u0105 to osoby ca\u0142kowicie zdrowe kt\u00f3re nie s\u0105 usatysfakcjonowanie z d\u0142ugo\u015bci stosunku, najcz\u0119\u015bciej z powodu nierealnych oczekiwa\u0144, lub braku wiedzy na temat m\u0119skiej fizjologii seksualnej.<\/p><p>On the other hand, in order to talk about the presence of somatic disorders of premature ejaculation, which are disorders that affect the whole life, a diagnosis must be obtained from an urology specialist. These disorders are much rarer and only occur in 5-10% of the male population.<\/p><h2><strong>Rodzaje wytrysku przedwczesnego <\/strong><\/h2><p>Rozr\u00f3\u017cnia si\u0119 kilka rodzaj\u00f3w przedwczesnego wytrysku: przedwczesny wytrysk pierwotny, przedwczesny wytrysk wt\u00f3rny, oraz wytrysk przedwczesny rzekomy. Przedwczesny wytrysk pierwotny wyst\u0119puje przez cale \u017cycie m\u0119\u017cczyzny, pocz\u0105wszy od jego inicjacji seksualnej. Do wytrysku nasienia dochodzi zawsze lub prawie zawsze jeszcze przed penetracj\u0105 partnerki, lub w ci\u0105gu 1 minuty od rozpocz\u0119cia penetracji pochwy. M\u0119\u017cczyzna nie mo\u017ce op\u00f3\u017ani\u0107 wytrysku, a aspekty przedwczesnego wytrysku prowadz\u0105 do negatywnych emocji takich jak niepok\u00f3j, stres, frustracja, oraz unikanie aktywno\u015bci seksualnej.<\/p><p>Przedwczesny wytrysk wt\u00f3rny jest nabyty w trakcie \u017cycia m\u0119\u017cczyzny. Objawia si\u0119 tym, \u017ce do wytrysku nasienia dochodzi o wiele szybciej, ni\u017c podczas wcze\u015bniejszego funkcjonowania seksualnego. Przedwczesny wytrysk wt\u00f3rny mo\u017ce pojawia\u0107 si\u0119 podczas stresuj\u0105cej sytuacji, i nast\u0119pnie znika\u0107 i nie manifestowa\u0107 si\u0119 przez d\u0142ugi okres czasu. Tutaj decyzja o podj\u0119ciu leczenia zale\u017cy od cz\u0119stotliwo\u015bci wyst\u0105pienia przedwczesnego wytrysku oraz od odczu\u0107 m\u0119\u017cczyzny. Je\u015bli m\u0119\u017cczyzna jest w stanie sam zarz\u0105dzi\u0107 swoim problemem przedwczesnego wytrysku poprzez \u0107wiczenia uspokajaj\u0105ce, lepsze zarz\u0105dzanie stresem, wizyta u specjalisty mo\u017ce nie by\u0107 konieczna.<\/p><p>Dodatkowo, czasami specjali\u015bci mog\u0105 okre\u015bli\u0107, \u017ce m\u0119\u017cczyzna cierpi na tzw. wytrysk przedwczesny rzekomy. To rozpoznanie oznacza, \u017ce m\u0119\u017cczyzna jest przekonany \u017ce wytrysk nast\u0119puje u niego zbyt wcze\u015bnie, jednak w rzeczywisto\u015bci zaburzenia przedwczesnego wytrysku nie wyst\u0119puj\u0105. Wytrysk przedwczesny rzekomy najcz\u0119\u015bciej jest spowodowany nierealnymi oczekiwaniami kt\u00f3re m\u0119\u017cczy\u017ani sami przed sob\u0105 stawiaj\u0105. Mo\u017cliwe, \u017ce jest to spowodowane ogl\u0105daniem film\u00f3w pornograficznych, gdzie stosunek sprawia wra\u017cenie niemaj\u0105cego ko\u0144ca. Z tego powodu m\u0119\u017cczyzna mo\u017ce uwa\u017ca\u0107, \u017ce r\u00f3wnie\u017c powinien m\u00f3c utrzyma\u0107 erekcj\u0119 i powstrzyma\u0107 si\u0119 od szczytowania przez bardzo d\u0142ugi czas. W rzeczywisto\u015bci nie jest to ani wymagane przez partnerk\u0119, ani mo\u017cliwe z fizjologicznego punktu widzenia.<\/p><h2><strong>Causes of premature ejaculation<\/strong><\/h2><p>Why do some men struggle with premature ejaculation, while others have never had this problem? This problem is most often approached in a very broad way, as it can be neurological, urological, endocrinological or a result of medication.<\/p><p>Jak w wielu innych przypad\u0142o\u015bciach, mo\u017cemy szuka\u0107 <span style=\"color: #0000ff;\"><a style=\"color: #0000ff;\" href=\"https:\/\/klinikadlamezczyzn.pl\/en\/articles\/premature-ejaculation\/causes-of-premature-ejaculation\/\">cause<\/a> <\/span>w predyspozycjach genetycznych i neurobiologicznych. Szczeg\u00f3lnie pierwotny przedwczesny wytrysk mo\u017ce by\u0107 uwarunkowany genetycznie, z powodu nieprawid\u0142owo\u015bci w aktywno\u015bci substancji przeka\u017anikowych w neuronach (kom\u00f3rkach m\u00f3zgu). Specjali\u015bci doszukuj\u0105 si\u0119 m.in. zwi\u0105zku mi\u0119dzy przedwczesnym wytryskiem a uk\u0142adem serotoninowym.<\/p><p>Przedwczesny wytrysk ma r\u00f3wnie\u017c wiele wsp\u00f3lnego z problemami psychologicznymi. Bardzo cz\u0119st\u0105 przyczyn\u0105 przedwczesnego wytrysku s\u0105 po prostu z\u0142e do\u015bwiadczenia seksualne, albo l\u0119ki (przed wieloma rzeczami, np. zbli\u017ceniem, blisko\u015bci\u0105, odrzuceniem, ci\u0105\u017c\u0105, brakiem akceptacji itp.).<\/p><h2><strong>Treatment of premature ejaculation<\/strong><\/h2><p>Przebieg leczenia przedwczesnego wytrysku zale\u017cy od przyczyny tego zaburzenia. Przedwczesny wytrysk ma wiele potencjalnych przyczyn, dlatego plan leczenia jest indywidualny i w zale\u017cno\u015bci od <span style=\"color: #0000ff;\"><a style=\"color: #0000ff;\" href=\"https:\/\/klinikadlamezczyzn.pl\/en\/articles\/premature-ejaculation\/causes-of-premature-ejaculation\/\">cause<\/a><\/span>, different methods can be offered to the patient. Diagnosis and <span style=\"color: #0000ff;\"><a style=\"color: #0000ff;\" href=\"https:\/\/klinikadlamezczyzn.pl\/en\/articles\/premature-ejaculation\/leczenie-przedwczesnego-wytrysku\/\">treatment<\/a> <\/span>begins by ruling out and possibly treating potential somatic causes, then move on to psychological causes, if any.<\/p><p>Often, in order to treat premature ejaculation effectively, it is first and foremost necessary to remain under the care of a urologist who is a specialist in dysfunctions related to the genitourinary system. This specialist will determine whether your difficulties with premature ejaculation are related to a systemic condition, such as a prostate problem or urinary tract inflammation, and will be able to implement appropriate treatment. In addition, the urologist will be able to order tests or consultations that will identify aspects of premature ejaculation potentially caused by other conditions.<\/p><p>Urolodzy cz\u0119sto s\u0142ysz\u0105 pytania \u201eA czy na przedwczesny wytrysk dapoksetyna pomo\u017ce?\u201d. <span style=\"color: #0000ff;\"><a style=\"color: #0000ff;\" href=\"https:\/\/klinikadlamezczyzn.pl\/en\/articles\/premature-ejaculation\/leczenie-przedwczesnego-wytrysku\/\">Leczenie<\/a> <\/span>farmakologiczne jest jedn\u0105 z potencjalnych terapii, i rzeczywi\u015bcie dapoksetyna jest lekiem z potwierdzon\u0105 skuteczno\u015bci\u0105 w op\u00f3\u017anieniu wytrysku. Jednak nale\u017cy najpierw wykluczy\u0107 jakiekolwiek inne zaburzenia kt\u00f3re mog\u0105 powodowa\u0107 przedwczesny wytrysk.<\/p><p>W Vedi Clinic przeprowadzamy kompleksow\u0105 diagnoz\u0119, gdzie uwzgl\u0119dniamy wszystkie mo\u017cliwe aspekty przedwczesnego wytrysku. Mo\u017cesz skorzysta\u0107 z pakietu Vedi, kt\u00f3ry pozwala na um\u00f3wienie wszystkich wizyt ze specjalistami tego samego dnia. To oznacza szybk\u0105 i wygodn\u0105 diagnoz\u0119 obejmuj\u0105ca wszystkie aspekty przedwczesnego wytrysku!<\/p>\t\t\t\t\t\t\t\t<\/div>\n\t\t\t\t<\/div>\n\t\t\t\t\t<\/div>\n\t\t<\/div>\n\t\t\t\t\t<\/div>\n\t\t<\/section>\n\t\t\t\t<section class=\"elementor-section elementor-top-section elementor-element elementor-element-e204249 elementor-section-boxed elementor-section-height-default elementor-section-height-default\" data-id=\"e204249\" data-element_type=\"section\" data-e-type=\"section\">\n\t\t\t\t\t\t<div class=\"elementor-container elementor-column-gap-default\">\n\t\t\t\t\t<div class=\"elementor-column elementor-col-100 elementor-top-column elementor-element elementor-element-e5e4630\" data-id=\"e5e4630\" data-element_type=\"column\" data-e-type=\"column\">\n\t\t\t<div class=\"elementor-widget-wrap elementor-element-populated\">\n\t\t\t\t\t\t<div class=\"elementor-element elementor-element-f723483 elementor-widget elementor-widget-text-editor\" data-id=\"f723483\" data-element_type=\"widget\" data-e-type=\"widget\" data-widget_type=\"text-editor.default\">\n\t\t\t\t<div class=\"elementor-widget-container\">\n\t\t\t\t\t\t\t\t\t<p>Find out more about premature ejaculation:<\/p><ul><li><span style=\"color: #0000ff;\"><a style=\"color: #0000ff;\" href=\"https:\/\/klinikadlamezczyzn.pl\/en\/articles\/premature-ejaculation\/\">What is premature ejaculation<\/a><\/span><\/li><li><span style=\"color: #0000ff;\"><a style=\"color: #0000ff;\" href=\"https:\/\/klinikadlamezczyzn.pl\/en\/articles\/premature-ejaculation\/leczenie-przedwczesnego-wytrysku\/\">Treatment of premature ejaculation<\/a><\/span><\/li><li><span style=\"color: #0000ff;\"><a style=\"color: #0000ff;\" href=\"https:\/\/klinikadlamezczyzn.pl\/en\/articles\/premature-ejaculation\/causes-of-premature-ejaculation\/\">Causes of premature ejaculation<\/a><\/span><\/li><li><span style=\"color: #0000ff;\"><a style=\"color: #0000ff;\" href=\"https:\/\/klinikadlamezczyzn.pl\/en\/articles\/premature-ejaculation\/skutki-zbyt-szybkiego-wytrysku\/\">Effects of premature ejaculation<\/a><\/span><\/li><\/ul>\t\t\t\t\t\t\t\t<\/div>\n\t\t\t\t<\/div>\n\t\t\t\t\t<\/div>\n\t\t<\/div>\n\t\t\t\t\t<\/div>\n\t\t<\/section>\n\t\t\t\t<\/div>","protected":false},"excerpt":{"rendered":"<p>Przedwczesny wytrysk \u2013 co to? Wed\u0142ug Mi\u0119dzynarodowej Klasyfikacji Chor\u00f3b i Problem\u00f3w Zdrowotnych ICD-10 przedwczesny wytrysk charakteryzuje si\u0119 niezdolno\u015bci\u0105 do op\u00f3\u017anienia wytrysku wystarczaj\u0105cego do osi\u0105gni\u0119cia satysfakcji ze stosunku seksualnego. Zjawisko przedwczesnego wytrysku pojawia si\u0119 przed lub natychmiast po rozpocz\u0119ciu zbli\u017cenia. Mo\u017ce r\u00f3wnie\u017c wyst\u0119powa\u0107 w sytuacji wzwodu kt\u00f3ry nie jest wystarczaj\u0105cy aby dosz\u0142o do penetracji. Diagnoz\u0119 mo\u017cna [&hellip;]<\/p>\n","protected":false},"author":13,"featured_media":0,"parent":9461,"menu_order":0,"comment_status":"closed","ping_status":"closed","template":"","meta":{"footnotes":""},"class_list":["post-9466","page","type-page","status-publish","hentry"],"yoast_head":"<!-- This site is optimized with the Yoast SEO plugin v27.0 - https:\/\/yoast.com\/product\/yoast-seo-wordpress\/ -->\n<title>Przedwczesny wytrysk - Klinika dla m\u0119\u017cczyzn Warszawa<\/title>\n<meta name=\"robots\" content=\"index, follow, max-snippet:-1, max-image-preview:large, max-video-preview:-1\" \/>\n<link rel=\"canonical\" href=\"https:\/\/klinikadlamezczyzn.pl\/en\/articles\/premature-ejaculation\/\" \/>\n<meta property=\"og:locale\" content=\"en_GB\" \/>\n<meta property=\"og:type\" content=\"article\" \/>\n<meta property=\"og:title\" content=\"Przedwczesny wytrysk - Klinika dla m\u0119\u017cczyzn Warszawa\" \/>\n<meta property=\"og:description\" content=\"Przedwczesny wytrysk \u2013 co to? Wed\u0142ug Mi\u0119dzynarodowej Klasyfikacji Chor\u00f3b i Problem\u00f3w Zdrowotnych ICD-10 przedwczesny wytrysk charakteryzuje si\u0119 niezdolno\u015bci\u0105 do op\u00f3\u017anienia wytrysku wystarczaj\u0105cego do osi\u0105gni\u0119cia satysfakcji ze stosunku seksualnego. Zjawisko przedwczesnego wytrysku pojawia si\u0119 przed lub natychmiast po rozpocz\u0119ciu zbli\u017cenia. Mo\u017ce r\u00f3wnie\u017c wyst\u0119powa\u0107 w sytuacji wzwodu kt\u00f3ry nie jest wystarczaj\u0105cy aby dosz\u0142o do penetracji. Diagnoz\u0119 mo\u017cna [&hellip;]\" \/>\n<meta property=\"og:url\" content=\"https:\/\/klinikadlamezczyzn.pl\/en\/articles\/premature-ejaculation\/\" \/>\n<meta property=\"og:site_name\" content=\"Klinika dla m\u0119\u017cczyzn Warszawa\" \/>\n<meta property=\"article:publisher\" content=\"https:\/\/www.facebook.com\/vediclinic\" \/>\n<meta property=\"article:modified_time\" content=\"2023-10-03T10:13:12+00:00\" \/>\n<meta name=\"twitter:card\" content=\"summary_large_image\" \/>\n<meta name=\"twitter:label1\" content=\"Estimated reading time\" \/>\n\t<meta name=\"twitter:data1\" content=\"6 minutes\" \/>\n<script type=\"application\/ld+json\" class=\"yoast-schema-graph\">{\"@context\":\"https:\/\/schema.org\",\"@graph\":[{\"@type\":\"WebPage\",\"@id\":\"https:\/\/klinikadlamezczyzn.pl\/artykuly\/przedwczesny-wytrysk\/\",\"url\":\"https:\/\/klinikadlamezczyzn.pl\/artykuly\/przedwczesny-wytrysk\/\",\"name\":\"Przedwczesny wytrysk - Klinika dla m\u0119\u017cczyzn Warszawa\",\"isPartOf\":{\"@id\":\"https:\/\/klinikadlamezczyzn.pl\/#website\"},\"datePublished\":\"2023-09-20T10:22:11+00:00\",\"dateModified\":\"2023-10-03T10:13:12+00:00\",\"breadcrumb\":{\"@id\":\"https:\/\/klinikadlamezczyzn.pl\/artykuly\/przedwczesny-wytrysk\/#breadcrumb\"},\"inLanguage\":\"en-GB\",\"potentialAction\":[{\"@type\":\"ReadAction\",\"target\":[\"https:\/\/klinikadlamezczyzn.pl\/artykuly\/przedwczesny-wytrysk\/\"]}]},{\"@type\":\"BreadcrumbList\",\"@id\":\"https:\/\/klinikadlamezczyzn.pl\/artykuly\/przedwczesny-wytrysk\/#breadcrumb\",\"itemListElement\":[{\"@type\":\"ListItem\",\"position\":1,\"name\":\"Artyku\u0142y\",\"item\":\"https:\/\/klinikadlamezczyzn.pl\/artykuly\/\"},{\"@type\":\"ListItem\",\"position\":2,\"name\":\"Przedwczesny wytrysk\"}]},{\"@type\":\"WebSite\",\"@id\":\"https:\/\/klinikadlamezczyzn.pl\/#website\",\"url\":\"https:\/\/klinikadlamezczyzn.pl\/\",\"name\":\"Klinika dla m\u0119\u017cczyzn Warszawa\",\"description\":\"\",\"publisher\":{\"@id\":\"https:\/\/klinikadlamezczyzn.pl\/#organization\"},\"potentialAction\":[{\"@type\":\"SearchAction\",\"target\":{\"@type\":\"EntryPoint\",\"urlTemplate\":\"https:\/\/klinikadlamezczyzn.pl\/?s={search_term_string}\"},\"query-input\":{\"@type\":\"PropertyValueSpecification\",\"valueRequired\":true,\"valueName\":\"search_term_string\"}}],\"inLanguage\":\"en-GB\"},{\"@type\":\"Organization\",\"@id\":\"https:\/\/klinikadlamezczyzn.pl\/#organization\",\"name\":\"VEDI Clinic\",\"url\":\"https:\/\/klinikadlamezczyzn.pl\/\",\"logo\":{\"@type\":\"ImageObject\",\"inLanguage\":\"en-GB\",\"@id\":\"https:\/\/klinikadlamezczyzn.pl\/#\/schema\/logo\/image\/\",\"url\":\"https:\/\/klinikadlamezczyzn.pl\/wp-content\/uploads\/2021\/10\/VEDI-logo-dark.png\",\"contentUrl\":\"https:\/\/klinikadlamezczyzn.pl\/wp-content\/uploads\/2021\/10\/VEDI-logo-dark.png\",\"width\":120,\"height\":56,\"caption\":\"VEDI Clinic\"},\"image\":{\"@id\":\"https:\/\/klinikadlamezczyzn.pl\/#\/schema\/logo\/image\/\"},\"sameAs\":[\"https:\/\/www.facebook.com\/vediclinic\"]}]}<\/script>\n<!-- \/ Yoast SEO plugin. -->","yoast_head_json":{"title":"Przedwczesny wytrysk - Klinika dla m\u0119\u017cczyzn Warszawa","robots":{"index":"index","follow":"follow","max-snippet":"max-snippet:-1","max-image-preview":"max-image-preview:large","max-video-preview":"max-video-preview:-1"},"canonical":"https:\/\/klinikadlamezczyzn.pl\/en\/articles\/premature-ejaculation\/","og_locale":"en_GB","og_type":"article","og_title":"Przedwczesny wytrysk - Klinika dla m\u0119\u017cczyzn Warszawa","og_description":"Przedwczesny wytrysk \u2013 co to? Wed\u0142ug Mi\u0119dzynarodowej Klasyfikacji Chor\u00f3b i Problem\u00f3w Zdrowotnych ICD-10 przedwczesny wytrysk charakteryzuje si\u0119 niezdolno\u015bci\u0105 do op\u00f3\u017anienia wytrysku wystarczaj\u0105cego do osi\u0105gni\u0119cia satysfakcji ze stosunku seksualnego. Zjawisko przedwczesnego wytrysku pojawia si\u0119 przed lub natychmiast po rozpocz\u0119ciu zbli\u017cenia. Mo\u017ce r\u00f3wnie\u017c wyst\u0119powa\u0107 w sytuacji wzwodu kt\u00f3ry nie jest wystarczaj\u0105cy aby dosz\u0142o do penetracji. Diagnoz\u0119 mo\u017cna [&hellip;]","og_url":"https:\/\/klinikadlamezczyzn.pl\/en\/articles\/premature-ejaculation\/","og_site_name":"Klinika dla m\u0119\u017cczyzn Warszawa","article_publisher":"https:\/\/www.facebook.com\/vediclinic","article_modified_time":"2023-10-03T10:13:12+00:00","twitter_card":"summary_large_image","twitter_misc":{"Estimated reading time":"6 minutes"},"schema":{"@context":"https:\/\/schema.org","@graph":[{"@type":"WebPage","@id":"https:\/\/klinikadlamezczyzn.pl\/artykuly\/przedwczesny-wytrysk\/","url":"https:\/\/klinikadlamezczyzn.pl\/artykuly\/przedwczesny-wytrysk\/","name":"Przedwczesny wytrysk - Klinika dla m\u0119\u017cczyzn Warszawa","isPartOf":{"@id":"https:\/\/klinikadlamezczyzn.pl\/#website"},"datePublished":"2023-09-20T10:22:11+00:00","dateModified":"2023-10-03T10:13:12+00:00","breadcrumb":{"@id":"https:\/\/klinikadlamezczyzn.pl\/artykuly\/przedwczesny-wytrysk\/#breadcrumb"},"inLanguage":"en-GB","potentialAction":[{"@type":"ReadAction","target":["https:\/\/klinikadlamezczyzn.pl\/artykuly\/przedwczesny-wytrysk\/"]}]},{"@type":"BreadcrumbList","@id":"https:\/\/klinikadlamezczyzn.pl\/artykuly\/przedwczesny-wytrysk\/#breadcrumb","itemListElement":[{"@type":"ListItem","position":1,"name":"Artyku\u0142y","item":"https:\/\/klinikadlamezczyzn.pl\/artykuly\/"},{"@type":"ListItem","position":2,"name":"Przedwczesny wytrysk"}]},{"@type":"WebSite","@id":"https:\/\/klinikadlamezczyzn.pl\/#website","url":"https:\/\/klinikadlamezczyzn.pl\/","name":"Men's clinic Warsaw","description":"","publisher":{"@id":"https:\/\/klinikadlamezczyzn.pl\/#organization"},"potentialAction":[{"@type":"SearchAction","target":{"@type":"EntryPoint","urlTemplate":"https:\/\/klinikadlamezczyzn.pl\/?s={search_term_string}"},"query-input":{"@type":"PropertyValueSpecification","valueRequired":true,"valueName":"search_term_string"}}],"inLanguage":"en-GB"},{"@type":"Organization","@id":"https:\/\/klinikadlamezczyzn.pl\/#organization","name":"VEDI Clinic","url":"https:\/\/klinikadlamezczyzn.pl\/","logo":{"@type":"ImageObject","inLanguage":"en-GB","@id":"https:\/\/klinikadlamezczyzn.pl\/#\/schema\/logo\/image\/","url":"https:\/\/klinikadlamezczyzn.pl\/wp-content\/uploads\/2021\/10\/VEDI-logo-dark.png","contentUrl":"https:\/\/klinikadlamezczyzn.pl\/wp-content\/uploads\/2021\/10\/VEDI-logo-dark.png","width":120,"height":56,"caption":"VEDI Clinic"},"image":{"@id":"https:\/\/klinikadlamezczyzn.pl\/#\/schema\/logo\/image\/"},"sameAs":["https:\/\/www.facebook.com\/vediclinic"]}]}},"_links":{"self":[{"href":"https:\/\/klinikadlamezczyzn.pl\/en\/wp-json\/wp\/v2\/pages\/9466","targetHints":{"allow":["GET"]}}],"collection":[{"href":"https:\/\/klinikadlamezczyzn.pl\/en\/wp-json\/wp\/v2\/pages"}],"about":[{"href":"https:\/\/klinikadlamezczyzn.pl\/en\/wp-json\/wp\/v2\/types\/page"}],"author":[{"embeddable":true,"href":"https:\/\/klinikadlamezczyzn.pl\/en\/wp-json\/wp\/v2\/users\/13"}],"replies":[{"embeddable":true,"href":"https:\/\/klinikadlamezczyzn.pl\/en\/wp-json\/wp\/v2\/comments?post=9466"}],"version-history":[{"count":0,"href":"https:\/\/klinikadlamezczyzn.pl\/en\/wp-json\/wp\/v2\/pages\/9466\/revisions"}],"up":[{"embeddable":true,"href":"https:\/\/klinikadlamezczyzn.pl\/en\/wp-json\/wp\/v2\/pages\/9461"}],"wp:attachment":[{"href":"https:\/\/klinikadlamezczyzn.pl\/en\/wp-json\/wp\/v2\/media?parent=9466"}],"curies":[{"name":"wp","href":"https:\/\/api.w.org\/{rel}","templated":true}]}}