{"id":9317,"date":"2023-08-30T13:22:12","date_gmt":"2023-08-30T11:22:12","guid":{"rendered":"https:\/\/klinikadlamezczyzn.pl\/?page_id=9317"},"modified":"2024-11-07T10:21:14","modified_gmt":"2024-11-07T09:21:14","slug":"dr-n-med-i-n-o-zdr-ewa-zygmanowska-2","status":"publish","type":"page","link":"https:\/\/klinikadlamezczyzn.pl\/en\/nasi-specjalisci\/dr-n-med-i-n-o-zdr-ewa-zygmanowska\/","title":{"rendered":"Ewa Zygmanowska MD, PhD"},"content":{"rendered":"<div data-elementor-type=\"wp-page\" data-elementor-id=\"9317\" class=\"elementor elementor-9317\">\n\t\t\t\t\t\t<section class=\"elementor-section elementor-top-section elementor-element elementor-element-735df1d2 elementor-section-boxed elementor-section-height-default elementor-section-height-default\" data-id=\"735df1d2\" data-element_type=\"section\" data-e-type=\"section\">\n\t\t\t\t\t\t<div class=\"elementor-container elementor-column-gap-default\">\n\t\t\t\t\t<div class=\"elementor-column elementor-col-100 elementor-top-column elementor-element elementor-element-c3de3a8\" data-id=\"c3de3a8\" data-element_type=\"column\" data-e-type=\"column\">\n\t\t\t<div class=\"elementor-widget-wrap\">\n\t\t\t\t\t\t\t<\/div>\n\t\t<\/div>\n\t\t\t\t\t<\/div>\n\t\t<\/section>\n\t\t\t\t<section class=\"elementor-section elementor-top-section elementor-element elementor-element-917c855 elementor-section-boxed elementor-section-height-default elementor-section-height-default\" data-id=\"917c855\" data-element_type=\"section\" data-e-type=\"section\" data-settings=\"{&quot;background_background&quot;:&quot;classic&quot;}\">\n\t\t\t\t\t\t<div class=\"elementor-container elementor-column-gap-default\">\n\t\t\t\t\t<div class=\"elementor-column elementor-col-100 elementor-top-column elementor-element elementor-element-56727d7\" data-id=\"56727d7\" data-element_type=\"column\" data-e-type=\"column\">\n\t\t\t<div class=\"elementor-widget-wrap elementor-element-populated\">\n\t\t\t\t\t\t<div class=\"elementor-element elementor-element-1a6dc1b elementor-widget elementor-widget-heading\" data-id=\"1a6dc1b\" data-element_type=\"widget\" data-e-type=\"widget\" data-widget_type=\"heading.default\">\n\t\t\t\t<div class=\"elementor-widget-container\">\n\t\t\t\t\t<h1 class=\"elementor-heading-title elementor-size-default\">Ewa Zygmanowska MD, PhD\n\n<\/h1>\t\t\t\t<\/div>\n\t\t\t\t<\/div>\n\t\t\t\t\t<\/div>\n\t\t<\/div>\n\t\t\t\t\t<\/div>\n\t\t<\/section>\n\t\t\t\t<section class=\"elementor-section elementor-top-section elementor-element elementor-element-1996dc31 elementor-section-boxed elementor-section-height-default elementor-section-height-default\" data-id=\"1996dc31\" data-element_type=\"section\" data-e-type=\"section\">\n\t\t\t\t\t\t<div class=\"elementor-container elementor-column-gap-no\">\n\t\t\t\t\t<div class=\"elementor-column elementor-col-50 elementor-top-column elementor-element elementor-element-4dfab5db\" data-id=\"4dfab5db\" data-element_type=\"column\" data-e-type=\"column\">\n\t\t\t<div class=\"elementor-widget-wrap elementor-element-populated\">\n\t\t\t\t\t\t<div class=\"elementor-element elementor-element-24f48049 elementor-widget elementor-widget-image\" data-id=\"24f48049\" data-element_type=\"widget\" data-e-type=\"widget\" data-widget_type=\"image.default\">\n\t\t\t\t<div class=\"elementor-widget-container\">\n\t\t\t\t\t\t\t\t\t\t\t\t\t\t\t<picture><source srcset=\"https:\/\/klinikadlamezczyzn.pl\/wp-content\/webp-express\/webp-images\/uploads\/2023\/09\/Bez-nazwy-1.jpg.webp\" type=\"image\/webp\"><img fetchpriority=\"high\" decoding=\"async\" width=\"768\" height=\"624\" src=\"https:\/\/klinikadlamezczyzn.pl\/wp-content\/uploads\/2023\/09\/Bez-nazwy-1.jpg\" class=\"attachment-full size-full wp-image-9345 webpexpress-processed\" alt=\"\"><\/picture>\t\t\t\t\t\t\t\t\t\t\t\t\t\t\t<\/div>\n\t\t\t\t<\/div>\n\t\t\t\t\t<\/div>\n\t\t<\/div>\n\t\t\t\t<div class=\"elementor-column elementor-col-50 elementor-top-column elementor-element elementor-element-7258ac84\" data-id=\"7258ac84\" data-element_type=\"column\" data-e-type=\"column\">\n\t\t\t<div class=\"elementor-widget-wrap elementor-element-populated\">\n\t\t\t\t\t\t<div class=\"elementor-element elementor-element-7f13b5 elementor-widget elementor-widget-gva-heading-block\" data-id=\"7f13b5\" data-element_type=\"widget\" data-e-type=\"widget\" data-widget_type=\"gva-heading-block.default\">\n\t\t\t\t<div class=\"elementor-widget-container\">\n\t\t\t\t\t<div class=\"gva-element-gva-heading-block gva-element\">   <div class=\"align-left style-1 widget gsc-heading box-align-left auto-responsive\">\r\n      <div class=\"content-inner\">\r\n         \r\n         \r\n         <div class=\"heading-line\"><span><\/span><span><\/span><\/div>\r\n                     <div class=\"sub-title\">\r\n               <span class=\"tagline\">DIETITIST<\/span> \r\n            <\/div>\r\n           \r\n         \r\n                     <h2 class=\"title\">\r\n               <span>Ewa Zygmanowska MD, PhD\n\n<\/span>\r\n            <\/h2>\r\n                  \r\n         \r\n      <\/div>\r\n   <\/div>\r\n<\/div>\t\t\t\t<\/div>\n\t\t\t\t<\/div>\n\t\t\t\t<div class=\"elementor-element elementor-element-69cc8874 elementor-widget-divider--view-line elementor-widget elementor-widget-divider\" data-id=\"69cc8874\" data-element_type=\"widget\" data-e-type=\"widget\" data-widget_type=\"divider.default\">\n\t\t\t\t<div class=\"elementor-widget-container\">\n\t\t\t\t\t\t\t<div class=\"elementor-divider\">\n\t\t\t<span class=\"elementor-divider-separator\">\n\t\t\t\t\t\t<\/span>\n\t\t<\/div>\n\t\t\t\t\t\t<\/div>\n\t\t\t\t<\/div>\n\t\t\t\t<div class=\"elementor-element elementor-element-5dbafbab elementor-widget elementor-widget-text-editor\" data-id=\"5dbafbab\" data-element_type=\"widget\" data-e-type=\"widget\" data-widget_type=\"text-editor.default\">\n\t\t\t\t<div class=\"elementor-widget-container\">\n\t\t\t\t\t\t\t\t\t<p><strong>Dr n. med. i n. o zdr. Ewa Zygmanowska w Vedi Clinic Warszawa<\/strong> jest dietetyczk\u0105 konsultuj\u0105c\u0105 zar\u00f3wno doros\u0142ych, jak i dzieci. Pierwsza wizyta u Pani doktor to konsultacja dietetyczna z analiz\u0105 masy cia\u0142a.<\/p>\n<p>She obtained her doctoral degree at the Faculty of Health Sciences of the Warsaw Medical University. She is a specialist in clinical dietetics and human nutrition and a lecturer at the Warsaw Medical University.<\/p>\n<p>She gained her professional practice in Warsaw clinical hospitals and outpatient clinics, including the Children's Health Centre, the MSWiA Hospital, the Maria Sk\u0142odowska-Curie Oncology Centre - Institute, the Food and Nutrition Institute.<\/p>\n<p><b>Doctor Ewa Zygmanowska<\/b> has extensive experience in supporting treatment with nutritional therapy of various disease entities (internal medicine, endocrinology, surgery, immunology, in particular gastrointestinal diseases and allergies). She performs segmental body composition analysis by bioelectrical impedance analysis (BIA) with interpretation of results.<\/p>\n<p>As an expert, she gives lectures, training courses and numerous expert consultations in the media on nutrition prevention and supporting the treatment of diseases with the right diet.<\/p>\t\t\t\t\t\t\t\t<\/div>\n\t\t\t\t<\/div>\n\t\t\t\t<div class=\"elementor-element elementor-element-340ce81 elementor-widget-divider--view-line elementor-widget elementor-widget-divider\" data-id=\"340ce81\" data-element_type=\"widget\" data-e-type=\"widget\" data-widget_type=\"divider.default\">\n\t\t\t\t<div class=\"elementor-widget-container\">\n\t\t\t\t\t\t\t<div class=\"elementor-divider\">\n\t\t\t<span class=\"elementor-divider-separator\">\n\t\t\t\t\t\t<\/span>\n\t\t<\/div>\n\t\t\t\t\t\t<\/div>\n\t\t\t\t<\/div>\n\t\t\t\t<div class=\"elementor-element elementor-element-7c8b83e6 elementor-icon-list--layout-traditional elementor-list-item-link-full_width elementor-widget elementor-widget-icon-list\" data-id=\"7c8b83e6\" data-element_type=\"widget\" data-e-type=\"widget\" data-widget_type=\"icon-list.default\">\n\t\t\t\t<div class=\"elementor-widget-container\">\n\t\t\t\t\t\t\t<ul class=\"elementor-icon-list-items\">\n\t\t\t\t\t\t\t<li class=\"elementor-icon-list-item\">\n\t\t\t\t\t\t\t\t\t\t\t<span class=\"elementor-icon-list-icon\">\n\t\t\t\t\t\t\t<i aria-hidden=\"true\" class=\"las la-map-marker\"><\/i>\t\t\t\t\t\t<\/span>\n\t\t\t\t\t\t\t\t\t\t<span class=\"elementor-icon-list-text\"><strong>Address: <\/strong>AMEDS Medical Centre, VEDI CLINIC, Bracka 11\/13, Warsaw<\/span>\n\t\t\t\t\t\t\t\t\t<\/li>\n\t\t\t\t\t\t<\/ul>\n\t\t\t\t\t\t<\/div>\n\t\t\t\t<\/div>\n\t\t\t\t\t<\/div>\n\t\t<\/div>\n\t\t\t\t\t<\/div>\n\t\t<\/section>\n\t\t\t\t<section class=\"elementor-section elementor-top-section elementor-element elementor-element-73a7f6e8 elementor-section-boxed elementor-section-height-default elementor-section-height-default\" data-id=\"73a7f6e8\" data-element_type=\"section\" data-e-type=\"section\" data-settings=\"{&quot;background_background&quot;:&quot;classic&quot;}\">\n\t\t\t\t\t\t\t<div class=\"elementor-background-overlay\"><\/div>\n\t\t\t\t\t\t\t<div class=\"elementor-container elementor-column-gap-default\">\n\t\t\t\t\t<div class=\"elementor-column elementor-col-50 elementor-top-column elementor-element elementor-element-7225e938\" data-id=\"7225e938\" data-element_type=\"column\" data-e-type=\"column\">\n\t\t\t<div class=\"elementor-widget-wrap elementor-element-populated\">\n\t\t\t\t\t\t<div class=\"elementor-element elementor-element-5f506852 elementor-widget elementor-widget-gva-heading-block\" data-id=\"5f506852\" data-element_type=\"widget\" data-e-type=\"widget\" data-widget_type=\"gva-heading-block.default\">\n\t\t\t\t<div class=\"elementor-widget-container\">\n\t\t\t\t\t<div class=\"gva-element-gva-heading-block gva-element\">   <div class=\"align-left style-1 widget gsc-heading box-align-left auto-responsive\">\r\n      <div class=\"content-inner\">\r\n         \r\n         \r\n         \r\n           \r\n         \r\n                     <h2 class=\"title\">\r\n               <span>Do you need a specialist?\nAre you suffering from a similar problem?<\/span>\r\n            <\/h2>\r\n                  \r\n         \r\n      <\/div>\r\n   <\/div>\r\n<\/div>\t\t\t\t<\/div>\n\t\t\t\t<\/div>\n\t\t\t\t\t<\/div>\n\t\t<\/div>\n\t\t\t\t<div class=\"elementor-column elementor-col-50 elementor-top-column elementor-element elementor-element-24d14eac\" data-id=\"24d14eac\" data-element_type=\"column\" data-e-type=\"column\">\n\t\t\t<div class=\"elementor-widget-wrap elementor-element-populated\">\n\t\t\t\t\t\t<div class=\"elementor-element elementor-element-10cd16ce elementor-widget__width-auto elementor-widget elementor-widget-html\" data-id=\"10cd16ce\" data-element_type=\"widget\" data-e-type=\"widget\" data-widget_type=\"html.default\">\n\t\t\t\t<div class=\"elementor-widget-container\">\n\t\t\t\t\t<a class=\"btn-white\" href=\"https:\/\/aplikacja.medyc.pl\/AmedsPortal\">\n    Make an appointment\n<\/a>\t\t\t\t<\/div>\n\t\t\t\t<\/div>\n\t\t\t\t\t<\/div>\n\t\t<\/div>\n\t\t\t\t\t<\/div>\n\t\t<\/section>\n\t\t\t\t<\/div>","protected":false},"excerpt":{"rendered":"<p>Dr n. med. i n. o zdr. Ewa Zygmanowska DIETETYK Dr n. med. i n. o zdr. Ewa Zygmanowska Dr n. med. i n. o zdr. Ewa Zygmanowska w Vedi Clinic Warszawa jest dietetyczk\u0105 konsultuj\u0105c\u0105 zar\u00f3wno doros\u0142ych, jak i dzieci. Pierwsza wizyta u Pani doktor to konsultacja dietetyczna z analiz\u0105 masy cia\u0142a. Dyplom doktora uzyska\u0142a [&hellip;]<\/p>\n","protected":false},"author":13,"featured_media":11974,"parent":14,"menu_order":0,"comment_status":"closed","ping_status":"closed","template":"","meta":{"footnotes":""},"class_list":["post-9317","page","type-page","status-publish","has-post-thumbnail","hentry"],"yoast_head":"<!-- This site is optimized with the Yoast SEO plugin v27.0 - https:\/\/yoast.com\/product\/yoast-seo-wordpress\/ -->\n<title>Konsultacja dietetyczna WarszawaDr n. med. i n. o zdr. Ewa Zygmanowska - Klinika dla m\u0119\u017cczyzn Warszawa<\/title>\n<meta name=\"robots\" content=\"index, follow, max-snippet:-1, max-image-preview:large, max-video-preview:-1\" \/>\n<link rel=\"canonical\" href=\"https:\/\/klinikadlamezczyzn.pl\/en\/our-specialists\/dr-n-med-i-n-o-zdr-ewa-zygmanowska-2\/\" \/>\n<meta property=\"og:locale\" content=\"en_GB\" \/>\n<meta property=\"og:type\" content=\"article\" \/>\n<meta property=\"og:title\" content=\"Konsultacja dietetyczna WarszawaDr n. med. i n. o zdr. Ewa Zygmanowska - Klinika dla m\u0119\u017cczyzn Warszawa\" \/>\n<meta property=\"og:description\" content=\"Dr n. med. i n. o zdr. Ewa Zygmanowska DIETETYK Dr n. med. i n. o zdr. Ewa Zygmanowska Dr n. med. i n. o zdr. Ewa Zygmanowska w Vedi Clinic Warszawa jest dietetyczk\u0105 konsultuj\u0105c\u0105 zar\u00f3wno doros\u0142ych, jak i dzieci. Pierwsza wizyta u Pani doktor to konsultacja dietetyczna z analiz\u0105 masy cia\u0142a. Dyplom doktora uzyska\u0142a [&hellip;]\" \/>\n<meta property=\"og:url\" content=\"https:\/\/klinikadlamezczyzn.pl\/en\/our-specialists\/dr-n-med-i-n-o-zdr-ewa-zygmanowska-2\/\" \/>\n<meta property=\"og:site_name\" content=\"Klinika dla m\u0119\u017cczyzn Warszawa\" \/>\n<meta property=\"article:publisher\" content=\"https:\/\/www.facebook.com\/vediclinic\" \/>\n<meta property=\"article:modified_time\" content=\"2024-11-07T09:21:14+00:00\" \/>\n<meta property=\"og:image\" content=\"https:\/\/klinikadlamezczyzn.pl\/wp-content\/uploads\/2024\/11\/Bez-nazwy-1.jpg\" \/>\n\t<meta property=\"og:image:width\" content=\"768\" \/>\n\t<meta property=\"og:image:height\" content=\"624\" \/>\n\t<meta property=\"og:image:type\" content=\"image\/jpeg\" \/>\n<meta name=\"twitter:card\" content=\"summary_large_image\" \/>\n<meta name=\"twitter:label1\" content=\"Estimated reading time\" \/>\n\t<meta name=\"twitter:data1\" content=\"2 minutes\" \/>\n<script type=\"application\/ld+json\" class=\"yoast-schema-graph\">{\"@context\":\"https:\/\/schema.org\",\"@graph\":[{\"@type\":\"WebPage\",\"@id\":\"https:\/\/klinikadlamezczyzn.pl\/nasi-specjalisci\/dr-n-med-i-n-o-zdr-ewa-zygmanowska\/\",\"url\":\"https:\/\/klinikadlamezczyzn.pl\/nasi-specjalisci\/dr-n-med-i-n-o-zdr-ewa-zygmanowska\/\",\"name\":\"Konsultacja dietetyczna WarszawaDr n. med. i n. o zdr. Ewa Zygmanowska - Klinika dla m\u0119\u017cczyzn Warszawa\",\"isPartOf\":{\"@id\":\"https:\/\/klinikadlamezczyzn.pl\/#website\"},\"primaryImageOfPage\":{\"@id\":\"https:\/\/klinikadlamezczyzn.pl\/nasi-specjalisci\/dr-n-med-i-n-o-zdr-ewa-zygmanowska\/#primaryimage\"},\"image\":{\"@id\":\"https:\/\/klinikadlamezczyzn.pl\/nasi-specjalisci\/dr-n-med-i-n-o-zdr-ewa-zygmanowska\/#primaryimage\"},\"thumbnailUrl\":\"https:\/\/klinikadlamezczyzn.pl\/wp-content\/uploads\/2024\/11\/Bez-nazwy-1.jpg\",\"datePublished\":\"2023-08-30T11:22:12+00:00\",\"dateModified\":\"2024-11-07T09:21:14+00:00\",\"breadcrumb\":{\"@id\":\"https:\/\/klinikadlamezczyzn.pl\/nasi-specjalisci\/dr-n-med-i-n-o-zdr-ewa-zygmanowska\/#breadcrumb\"},\"inLanguage\":\"en-GB\",\"potentialAction\":[{\"@type\":\"ReadAction\",\"target\":[\"https:\/\/klinikadlamezczyzn.pl\/nasi-specjalisci\/dr-n-med-i-n-o-zdr-ewa-zygmanowska\/\"]}]},{\"@type\":\"ImageObject\",\"inLanguage\":\"en-GB\",\"@id\":\"https:\/\/klinikadlamezczyzn.pl\/nasi-specjalisci\/dr-n-med-i-n-o-zdr-ewa-zygmanowska\/#primaryimage\",\"url\":\"https:\/\/klinikadlamezczyzn.pl\/wp-content\/uploads\/2024\/11\/Bez-nazwy-1.jpg\",\"contentUrl\":\"https:\/\/klinikadlamezczyzn.pl\/wp-content\/uploads\/2024\/11\/Bez-nazwy-1.jpg\",\"width\":768,\"height\":624},{\"@type\":\"BreadcrumbList\",\"@id\":\"https:\/\/klinikadlamezczyzn.pl\/nasi-specjalisci\/dr-n-med-i-n-o-zdr-ewa-zygmanowska\/#breadcrumb\",\"itemListElement\":[{\"@type\":\"ListItem\",\"position\":1,\"name\":\"Nasi specjali\u015bci\",\"item\":\"https:\/\/klinikadlamezczyzn.pl\/nasi-specjalisci\/\"},{\"@type\":\"ListItem\",\"position\":2,\"name\":\"Dr n. med. i n. o zdr. Ewa Zygmanowska\"}]},{\"@type\":\"WebSite\",\"@id\":\"https:\/\/klinikadlamezczyzn.pl\/#website\",\"url\":\"https:\/\/klinikadlamezczyzn.pl\/\",\"name\":\"Klinika dla m\u0119\u017cczyzn Warszawa\",\"description\":\"\",\"publisher\":{\"@id\":\"https:\/\/klinikadlamezczyzn.pl\/#organization\"},\"potentialAction\":[{\"@type\":\"SearchAction\",\"target\":{\"@type\":\"EntryPoint\",\"urlTemplate\":\"https:\/\/klinikadlamezczyzn.pl\/?s={search_term_string}\"},\"query-input\":{\"@type\":\"PropertyValueSpecification\",\"valueRequired\":true,\"valueName\":\"search_term_string\"}}],\"inLanguage\":\"en-GB\"},{\"@type\":\"Organization\",\"@id\":\"https:\/\/klinikadlamezczyzn.pl\/#organization\",\"name\":\"VEDI Clinic\",\"url\":\"https:\/\/klinikadlamezczyzn.pl\/\",\"logo\":{\"@type\":\"ImageObject\",\"inLanguage\":\"en-GB\",\"@id\":\"https:\/\/klinikadlamezczyzn.pl\/#\/schema\/logo\/image\/\",\"url\":\"https:\/\/klinikadlamezczyzn.pl\/wp-content\/uploads\/2021\/10\/VEDI-logo-dark.png\",\"contentUrl\":\"https:\/\/klinikadlamezczyzn.pl\/wp-content\/uploads\/2021\/10\/VEDI-logo-dark.png\",\"width\":120,\"height\":56,\"caption\":\"VEDI Clinic\"},\"image\":{\"@id\":\"https:\/\/klinikadlamezczyzn.pl\/#\/schema\/logo\/image\/\"},\"sameAs\":[\"https:\/\/www.facebook.com\/vediclinic\"]}]}<\/script>\n<!-- \/ Yoast SEO plugin. -->","yoast_head_json":{"title":"Konsultacja dietetyczna WarszawaDr n. med. i n. o zdr. Ewa Zygmanowska - Klinika dla m\u0119\u017cczyzn Warszawa","robots":{"index":"index","follow":"follow","max-snippet":"max-snippet:-1","max-image-preview":"max-image-preview:large","max-video-preview":"max-video-preview:-1"},"canonical":"https:\/\/klinikadlamezczyzn.pl\/en\/our-specialists\/dr-n-med-i-n-o-zdr-ewa-zygmanowska-2\/","og_locale":"en_GB","og_type":"article","og_title":"Konsultacja dietetyczna WarszawaDr n. med. i n. o zdr. Ewa Zygmanowska - Klinika dla m\u0119\u017cczyzn Warszawa","og_description":"Dr n. med. i n. o zdr. Ewa Zygmanowska DIETETYK Dr n. med. i n. o zdr. Ewa Zygmanowska Dr n. med. i n. o zdr. Ewa Zygmanowska w Vedi Clinic Warszawa jest dietetyczk\u0105 konsultuj\u0105c\u0105 zar\u00f3wno doros\u0142ych, jak i dzieci. Pierwsza wizyta u Pani doktor to konsultacja dietetyczna z analiz\u0105 masy cia\u0142a. Dyplom doktora uzyska\u0142a [&hellip;]","og_url":"https:\/\/klinikadlamezczyzn.pl\/en\/our-specialists\/dr-n-med-i-n-o-zdr-ewa-zygmanowska-2\/","og_site_name":"Klinika dla m\u0119\u017cczyzn Warszawa","article_publisher":"https:\/\/www.facebook.com\/vediclinic","article_modified_time":"2024-11-07T09:21:14+00:00","og_image":[{"width":768,"height":624,"url":"https:\/\/klinikadlamezczyzn.pl\/wp-content\/uploads\/2024\/11\/Bez-nazwy-1.jpg","type":"image\/jpeg"}],"twitter_card":"summary_large_image","twitter_misc":{"Estimated reading time":"2 minutes"},"schema":{"@context":"https:\/\/schema.org","@graph":[{"@type":"WebPage","@id":"https:\/\/klinikadlamezczyzn.pl\/nasi-specjalisci\/dr-n-med-i-n-o-zdr-ewa-zygmanowska\/","url":"https:\/\/klinikadlamezczyzn.pl\/nasi-specjalisci\/dr-n-med-i-n-o-zdr-ewa-zygmanowska\/","name":"Konsultacja dietetyczna WarszawaDr n. med. i n. o zdr. Ewa Zygmanowska - Klinika dla m\u0119\u017cczyzn Warszawa","isPartOf":{"@id":"https:\/\/klinikadlamezczyzn.pl\/#website"},"primaryImageOfPage":{"@id":"https:\/\/klinikadlamezczyzn.pl\/nasi-specjalisci\/dr-n-med-i-n-o-zdr-ewa-zygmanowska\/#primaryimage"},"image":{"@id":"https:\/\/klinikadlamezczyzn.pl\/nasi-specjalisci\/dr-n-med-i-n-o-zdr-ewa-zygmanowska\/#primaryimage"},"thumbnailUrl":"https:\/\/klinikadlamezczyzn.pl\/wp-content\/uploads\/2024\/11\/Bez-nazwy-1.jpg","datePublished":"2023-08-30T11:22:12+00:00","dateModified":"2024-11-07T09:21:14+00:00","breadcrumb":{"@id":"https:\/\/klinikadlamezczyzn.pl\/nasi-specjalisci\/dr-n-med-i-n-o-zdr-ewa-zygmanowska\/#breadcrumb"},"inLanguage":"en-GB","potentialAction":[{"@type":"ReadAction","target":["https:\/\/klinikadlamezczyzn.pl\/nasi-specjalisci\/dr-n-med-i-n-o-zdr-ewa-zygmanowska\/"]}]},{"@type":"ImageObject","inLanguage":"en-GB","@id":"https:\/\/klinikadlamezczyzn.pl\/nasi-specjalisci\/dr-n-med-i-n-o-zdr-ewa-zygmanowska\/#primaryimage","url":"https:\/\/klinikadlamezczyzn.pl\/wp-content\/uploads\/2024\/11\/Bez-nazwy-1.jpg","contentUrl":"https:\/\/klinikadlamezczyzn.pl\/wp-content\/uploads\/2024\/11\/Bez-nazwy-1.jpg","width":768,"height":624},{"@type":"BreadcrumbList","@id":"https:\/\/klinikadlamezczyzn.pl\/nasi-specjalisci\/dr-n-med-i-n-o-zdr-ewa-zygmanowska\/#breadcrumb","itemListElement":[{"@type":"ListItem","position":1,"name":"Nasi specjali\u015bci","item":"https:\/\/klinikadlamezczyzn.pl\/nasi-specjalisci\/"},{"@type":"ListItem","position":2,"name":"Dr n. med. i n. o zdr. Ewa Zygmanowska"}]},{"@type":"WebSite","@id":"https:\/\/klinikadlamezczyzn.pl\/#website","url":"https:\/\/klinikadlamezczyzn.pl\/","name":"Men's clinic Warsaw","description":"","publisher":{"@id":"https:\/\/klinikadlamezczyzn.pl\/#organization"},"potentialAction":[{"@type":"SearchAction","target":{"@type":"EntryPoint","urlTemplate":"https:\/\/klinikadlamezczyzn.pl\/?s={search_term_string}"},"query-input":{"@type":"PropertyValueSpecification","valueRequired":true,"valueName":"search_term_string"}}],"inLanguage":"en-GB"},{"@type":"Organization","@id":"https:\/\/klinikadlamezczyzn.pl\/#organization","name":"VEDI Clinic","url":"https:\/\/klinikadlamezczyzn.pl\/","logo":{"@type":"ImageObject","inLanguage":"en-GB","@id":"https:\/\/klinikadlamezczyzn.pl\/#\/schema\/logo\/image\/","url":"https:\/\/klinikadlamezczyzn.pl\/wp-content\/uploads\/2021\/10\/VEDI-logo-dark.png","contentUrl":"https:\/\/klinikadlamezczyzn.pl\/wp-content\/uploads\/2021\/10\/VEDI-logo-dark.png","width":120,"height":56,"caption":"VEDI Clinic"},"image":{"@id":"https:\/\/klinikadlamezczyzn.pl\/#\/schema\/logo\/image\/"},"sameAs":["https:\/\/www.facebook.com\/vediclinic"]}]}},"_links":{"self":[{"href":"https:\/\/klinikadlamezczyzn.pl\/en\/wp-json\/wp\/v2\/pages\/9317","targetHints":{"allow":["GET"]}}],"collection":[{"href":"https:\/\/klinikadlamezczyzn.pl\/en\/wp-json\/wp\/v2\/pages"}],"about":[{"href":"https:\/\/klinikadlamezczyzn.pl\/en\/wp-json\/wp\/v2\/types\/page"}],"author":[{"embeddable":true,"href":"https:\/\/klinikadlamezczyzn.pl\/en\/wp-json\/wp\/v2\/users\/13"}],"replies":[{"embeddable":true,"href":"https:\/\/klinikadlamezczyzn.pl\/en\/wp-json\/wp\/v2\/comments?post=9317"}],"version-history":[{"count":0,"href":"https:\/\/klinikadlamezczyzn.pl\/en\/wp-json\/wp\/v2\/pages\/9317\/revisions"}],"up":[{"embeddable":true,"href":"https:\/\/klinikadlamezczyzn.pl\/en\/wp-json\/wp\/v2\/pages\/14"}],"wp:featuredmedia":[{"embeddable":true,"href":"https:\/\/klinikadlamezczyzn.pl\/en\/wp-json\/wp\/v2\/media\/11974"}],"wp:attachment":[{"href":"https:\/\/klinikadlamezczyzn.pl\/en\/wp-json\/wp\/v2\/media?parent=9317"}],"curies":[{"name":"WP","href":"https:\/\/api.w.org\/{rel}","templated":true}]}}