{"id":6978,"date":"2022-06-29T13:44:59","date_gmt":"2022-06-29T11:44:59","guid":{"rendered":"https:\/\/klinikadlamezczyzn.pl\/?page_id=6978"},"modified":"2025-12-08T11:47:10","modified_gmt":"2025-12-08T10:47:10","slug":"medirats","status":"publish","type":"page","link":"https:\/\/klinikadlamezczyzn.pl\/en\/comfino\/","title":{"rendered":"Comfino"},"content":{"rendered":"<div data-elementor-type=\"wp-page\" data-elementor-id=\"6978\" class=\"elementor elementor-6978\">\n\t\t\t\t\t\t<section class=\"elementor-section elementor-top-section elementor-element elementor-element-4e8e05b elementor-section-boxed elementor-section-height-default elementor-section-height-default\" data-id=\"4e8e05b\" data-element_type=\"section\" data-e-type=\"section\" data-settings=\"{&quot;background_background&quot;:&quot;classic&quot;}\">\n\t\t\t\t\t\t<div class=\"elementor-container elementor-column-gap-default\">\n\t\t\t\t\t<div class=\"elementor-column elementor-col-100 elementor-top-column elementor-element elementor-element-1688501\" data-id=\"1688501\" data-element_type=\"column\" data-e-type=\"column\">\n\t\t\t<div class=\"elementor-widget-wrap elementor-element-populated\">\n\t\t\t\t\t\t<div class=\"elementor-element elementor-element-7368545 elementor-widget elementor-widget-heading\" data-id=\"7368545\" data-element_type=\"widget\" data-e-type=\"widget\" data-widget_type=\"heading.default\">\n\t\t\t\t<div class=\"elementor-widget-container\">\n\t\t\t\t\t<h1 class=\"elementor-heading-title elementor-size-default\">Treatment in installments<\/h1>\t\t\t\t<\/div>\n\t\t\t\t<\/div>\n\t\t\t\t\t<\/div>\n\t\t<\/div>\n\t\t\t\t\t<\/div>\n\t\t<\/section>\n\t\t\t\t<section class=\"elementor-section elementor-top-section elementor-element elementor-element-2acb2d0c a-blue elementor-section-boxed elementor-section-height-default elementor-section-height-default\" data-id=\"2acb2d0c\" data-element_type=\"section\" data-e-type=\"section\">\n\t\t\t\t\t\t<div class=\"elementor-container elementor-column-gap-default\">\n\t\t\t\t\t<div class=\"elementor-column elementor-col-50 elementor-top-column elementor-element elementor-element-7cb10965\" data-id=\"7cb10965\" data-element_type=\"column\" data-e-type=\"column\">\n\t\t\t<div class=\"elementor-widget-wrap elementor-element-populated\">\n\t\t\t\t\t\t<div class=\"elementor-element elementor-element-357064cd elementor-widget elementor-widget-text-editor\" data-id=\"357064cd\" data-element_type=\"widget\" data-e-type=\"widget\" data-widget_type=\"text-editor.default\">\n\t\t\t\t<div class=\"elementor-widget-container\">\n\t\t\t\t\t\t\t\t\t<p>Thanks to our cooperation with the innovative <strong>Comfino<\/strong> payment platform, payments for all our commercial services can be made:<\/p><ul><li><strong>in convenient installments,<\/strong><\/li><li><strong>as part of the payment deferral up to 60 days.<\/strong><\/li><\/ul><p>Comfino offers modern and secure financing services tailored to the individual needs of each client. Loans range from <strong>PLN 50 to PLN 50 000<\/strong>.\u00a0<\/p><p>Our hotline and registration staff will provide you with the necessary information and help you choose the most advantageous form of payment for services.<\/p>\t\t\t\t\t\t\t\t<\/div>\n\t\t\t\t<\/div>\n\t\t\t\t\t<\/div>\n\t\t<\/div>\n\t\t\t\t<div class=\"elementor-column elementor-col-50 elementor-top-column elementor-element elementor-element-fbd714c\" data-id=\"fbd714c\" data-element_type=\"column\" data-e-type=\"column\">\n\t\t\t<div class=\"elementor-widget-wrap elementor-element-populated\">\n\t\t\t\t\t\t<div class=\"elementor-element elementor-element-9439525 elementor-widget elementor-widget-image\" data-id=\"9439525\" data-element_type=\"widget\" data-e-type=\"widget\" data-widget_type=\"image.default\">\n\t\t\t\t<div class=\"elementor-widget-container\">\n\t\t\t\t\t\t\t\t\t\t\t\t\t\t\t<picture><source srcset=\"https:\/\/klinikadlamezczyzn.pl\/wp-content\/webp-express\/webp-images\/uploads\/2025\/12\/comfino_color_whitebg-1-1024x355.jpg.webp 1024w, https:\/\/klinikadlamezczyzn.pl\/wp-content\/webp-express\/webp-images\/uploads\/2025\/12\/comfino_color_whitebg-1-768x266.jpg.webp 768w, https:\/\/klinikadlamezczyzn.pl\/wp-content\/webp-express\/webp-images\/uploads\/2025\/12\/comfino_color_whitebg-1-18x6.jpg.webp 18w, https:\/\/klinikadlamezczyzn.pl\/wp-content\/webp-express\/webp-images\/uploads\/2025\/12\/comfino_color_whitebg-1.jpg.webp 1189w\" sizes=\"(max-width: 1024px) 100vw, 1024px\" type=\"image\/webp\"><img fetchpriority=\"high\" decoding=\"async\" width=\"1024\" height=\"355\" src=\"https:\/\/klinikadlamezczyzn.pl\/wp-content\/uploads\/2025\/12\/comfino_color_whitebg-1-1024x355.jpg\" class=\"attachment-large size-large wp-image-13274 webpexpress-processed\" alt=\"\" srcset=\"https:\/\/klinikadlamezczyzn.pl\/wp-content\/uploads\/2025\/12\/comfino_color_whitebg-1-1024x355.jpg 1024w, https:\/\/klinikadlamezczyzn.pl\/wp-content\/uploads\/2025\/12\/comfino_color_whitebg-1-768x266.jpg 768w, https:\/\/klinikadlamezczyzn.pl\/wp-content\/uploads\/2025\/12\/comfino_color_whitebg-1-18x6.jpg 18w, https:\/\/klinikadlamezczyzn.pl\/wp-content\/uploads\/2025\/12\/comfino_color_whitebg-1.jpg 1189w\" sizes=\"(max-width: 1024px) 100vw, 1024px\"><\/picture>\t\t\t\t\t\t\t\t\t\t\t\t\t\t\t<\/div>\n\t\t\t\t<\/div>\n\t\t\t\t\t<\/div>\n\t\t<\/div>\n\t\t\t\t\t<\/div>\n\t\t<\/section>\n\t\t\t\t<section class=\"elementor-section elementor-top-section elementor-element elementor-element-ad8c6ae elementor-section-boxed elementor-section-height-default elementor-section-height-default\" data-id=\"ad8c6ae\" data-element_type=\"section\" data-e-type=\"section\">\n\t\t\t\t\t\t<div class=\"elementor-container elementor-column-gap-default\">\n\t\t\t\t\t<div class=\"elementor-column elementor-col-100 elementor-top-column elementor-element elementor-element-89a84d8\" data-id=\"89a84d8\" data-element_type=\"column\" data-e-type=\"column\">\n\t\t\t<div class=\"elementor-widget-wrap\">\n\t\t\t\t\t\t\t<\/div>\n\t\t<\/div>\n\t\t\t\t\t<\/div>\n\t\t<\/section>\n\t\t\t\t<\/div>","protected":false},"excerpt":{"rendered":"<p>Leczenie na raty Dzi\u0119ki wsp\u00f3\u0142pracy z innowacyjn\u0105 platform\u0105 p\u0142atnicz\u0105 Comfino op\u0142aty za wszystkie nasze us\u0142ugi komercyjne mog\u0105 by\u0107 realizowane: \uf0b7 w dogodnych ratach, \uf0b7 w ramach odroczenia p\u0142atno\u015bci nawet do 60 dni. Comfino oferuje nowoczesne i bezpieczne us\u0142ugi finansowania, kt\u00f3re s\u0105 dostosowane do indywidualnych potrzeb ka\u017cdego klienta. Mo\u017cna wnioskowa\u0107 o kwot\u0119 od 50 z\u0142 do [&hellip;]<\/p>\n","protected":false},"author":12,"featured_media":0,"parent":0,"menu_order":0,"comment_status":"closed","ping_status":"closed","template":"","meta":{"footnotes":""},"class_list":["post-6978","page","type-page","status-publish","hentry"],"yoast_head":"<!-- This site is optimized with the Yoast SEO plugin v27.0 - https:\/\/yoast.com\/product\/yoast-seo-wordpress\/ -->\n<title>Comfino - Klinika dla m\u0119\u017cczyzn Warszawa<\/title>\n<meta name=\"robots\" content=\"index, follow, max-snippet:-1, max-image-preview:large, max-video-preview:-1\" \/>\n<link rel=\"canonical\" href=\"https:\/\/klinikadlamezczyzn.pl\/en\/medirats\/\" \/>\n<meta property=\"og:locale\" content=\"en_GB\" \/>\n<meta property=\"og:type\" content=\"article\" \/>\n<meta property=\"og:title\" content=\"Comfino - Klinika dla m\u0119\u017cczyzn Warszawa\" \/>\n<meta property=\"og:description\" content=\"Leczenie na raty Dzi\u0119ki wsp\u00f3\u0142pracy z innowacyjn\u0105 platform\u0105 p\u0142atnicz\u0105 Comfino op\u0142aty za wszystkie nasze us\u0142ugi komercyjne mog\u0105 by\u0107 realizowane: \uf0b7 w dogodnych ratach, \uf0b7 w ramach odroczenia p\u0142atno\u015bci nawet do 60 dni. Comfino oferuje nowoczesne i bezpieczne us\u0142ugi finansowania, kt\u00f3re s\u0105 dostosowane do indywidualnych potrzeb ka\u017cdego klienta. Mo\u017cna wnioskowa\u0107 o kwot\u0119 od 50 z\u0142 do [&hellip;]\" \/>\n<meta property=\"og:url\" content=\"https:\/\/klinikadlamezczyzn.pl\/en\/medirats\/\" \/>\n<meta property=\"og:site_name\" content=\"Klinika dla m\u0119\u017cczyzn Warszawa\" \/>\n<meta property=\"article:publisher\" content=\"https:\/\/www.facebook.com\/vediclinic\" \/>\n<meta property=\"article:modified_time\" content=\"2025-12-08T10:47:10+00:00\" \/>\n<meta property=\"og:image\" content=\"https:\/\/klinikadlamezczyzn.pl\/wp-content\/uploads\/2025\/12\/comfino_color_whitebg-1-1024x355.jpg\" \/>\n<meta name=\"twitter:card\" content=\"summary_large_image\" \/>\n<meta name=\"twitter:label1\" content=\"Estimated reading time\" \/>\n\t<meta name=\"twitter:data1\" content=\"1 minute\" \/>\n<script type=\"application\/ld+json\" class=\"yoast-schema-graph\">{\"@context\":\"https:\/\/schema.org\",\"@graph\":[{\"@type\":\"WebPage\",\"@id\":\"https:\/\/klinikadlamezczyzn.pl\/comfino\/\",\"url\":\"https:\/\/klinikadlamezczyzn.pl\/comfino\/\",\"name\":\"Comfino - Klinika dla m\u0119\u017cczyzn Warszawa\",\"isPartOf\":{\"@id\":\"https:\/\/klinikadlamezczyzn.pl\/#website\"},\"primaryImageOfPage\":{\"@id\":\"https:\/\/klinikadlamezczyzn.pl\/comfino\/#primaryimage\"},\"image\":{\"@id\":\"https:\/\/klinikadlamezczyzn.pl\/comfino\/#primaryimage\"},\"thumbnailUrl\":\"https:\/\/klinikadlamezczyzn.pl\/wp-content\/uploads\/2025\/12\/comfino_color_whitebg-1-1024x355.jpg\",\"datePublished\":\"2022-06-29T11:44:59+00:00\",\"dateModified\":\"2025-12-08T10:47:10+00:00\",\"inLanguage\":\"en-GB\",\"potentialAction\":[{\"@type\":\"ReadAction\",\"target\":[\"https:\/\/klinikadlamezczyzn.pl\/comfino\/\"]}]},{\"@type\":\"ImageObject\",\"inLanguage\":\"en-GB\",\"@id\":\"https:\/\/klinikadlamezczyzn.pl\/comfino\/#primaryimage\",\"url\":\"https:\/\/klinikadlamezczyzn.pl\/wp-content\/uploads\/2025\/12\/comfino_color_whitebg-1-1024x355.jpg\",\"contentUrl\":\"https:\/\/klinikadlamezczyzn.pl\/wp-content\/uploads\/2025\/12\/comfino_color_whitebg-1-1024x355.jpg\"},{\"@type\":\"WebSite\",\"@id\":\"https:\/\/klinikadlamezczyzn.pl\/#website\",\"url\":\"https:\/\/klinikadlamezczyzn.pl\/\",\"name\":\"Klinika dla m\u0119\u017cczyzn Warszawa\",\"description\":\"\",\"publisher\":{\"@id\":\"https:\/\/klinikadlamezczyzn.pl\/#organization\"},\"potentialAction\":[{\"@type\":\"SearchAction\",\"target\":{\"@type\":\"EntryPoint\",\"urlTemplate\":\"https:\/\/klinikadlamezczyzn.pl\/?s={search_term_string}\"},\"query-input\":{\"@type\":\"PropertyValueSpecification\",\"valueRequired\":true,\"valueName\":\"search_term_string\"}}],\"inLanguage\":\"en-GB\"},{\"@type\":\"Organization\",\"@id\":\"https:\/\/klinikadlamezczyzn.pl\/#organization\",\"name\":\"VEDI Clinic\",\"url\":\"https:\/\/klinikadlamezczyzn.pl\/\",\"logo\":{\"@type\":\"ImageObject\",\"inLanguage\":\"en-GB\",\"@id\":\"https:\/\/klinikadlamezczyzn.pl\/#\/schema\/logo\/image\/\",\"url\":\"https:\/\/klinikadlamezczyzn.pl\/wp-content\/uploads\/2021\/10\/VEDI-logo-dark.png\",\"contentUrl\":\"https:\/\/klinikadlamezczyzn.pl\/wp-content\/uploads\/2021\/10\/VEDI-logo-dark.png\",\"width\":120,\"height\":56,\"caption\":\"VEDI Clinic\"},\"image\":{\"@id\":\"https:\/\/klinikadlamezczyzn.pl\/#\/schema\/logo\/image\/\"},\"sameAs\":[\"https:\/\/www.facebook.com\/vediclinic\"]}]}<\/script>\n<!-- \/ Yoast SEO plugin. -->","yoast_head_json":{"title":"Comfino - Clinic for men Warsaw","robots":{"index":"index","follow":"follow","max-snippet":"max-snippet:-1","max-image-preview":"max-image-preview:large","max-video-preview":"max-video-preview:-1"},"canonical":"https:\/\/klinikadlamezczyzn.pl\/en\/medirats\/","og_locale":"en_GB","og_type":"article","og_title":"Comfino - Klinika dla m\u0119\u017cczyzn Warszawa","og_description":"Leczenie na raty Dzi\u0119ki wsp\u00f3\u0142pracy z innowacyjn\u0105 platform\u0105 p\u0142atnicz\u0105 Comfino op\u0142aty za wszystkie nasze us\u0142ugi komercyjne mog\u0105 by\u0107 realizowane: \uf0b7 w dogodnych ratach, \uf0b7 w ramach odroczenia p\u0142atno\u015bci nawet do 60 dni. Comfino oferuje nowoczesne i bezpieczne us\u0142ugi finansowania, kt\u00f3re s\u0105 dostosowane do indywidualnych potrzeb ka\u017cdego klienta. Mo\u017cna wnioskowa\u0107 o kwot\u0119 od 50 z\u0142 do [&hellip;]","og_url":"https:\/\/klinikadlamezczyzn.pl\/en\/medirats\/","og_site_name":"Klinika dla m\u0119\u017cczyzn Warszawa","article_publisher":"https:\/\/www.facebook.com\/vediclinic","article_modified_time":"2025-12-08T10:47:10+00:00","og_image":[{"url":"https:\/\/klinikadlamezczyzn.pl\/wp-content\/uploads\/2025\/12\/comfino_color_whitebg-1-1024x355.jpg","type":"","width":"","height":""}],"twitter_card":"summary_large_image","twitter_misc":{"Estimated reading time":"1 minute"},"schema":{"@context":"https:\/\/schema.org","@graph":[{"@type":"WebPage","@id":"https:\/\/klinikadlamezczyzn.pl\/comfino\/","url":"https:\/\/klinikadlamezczyzn.pl\/comfino\/","name":"Comfino - Clinic for men Warsaw","isPartOf":{"@id":"https:\/\/klinikadlamezczyzn.pl\/#website"},"primaryImageOfPage":{"@id":"https:\/\/klinikadlamezczyzn.pl\/comfino\/#primaryimage"},"image":{"@id":"https:\/\/klinikadlamezczyzn.pl\/comfino\/#primaryimage"},"thumbnailUrl":"https:\/\/klinikadlamezczyzn.pl\/wp-content\/uploads\/2025\/12\/comfino_color_whitebg-1-1024x355.jpg","datePublished":"2022-06-29T11:44:59+00:00","dateModified":"2025-12-08T10:47:10+00:00","inLanguage":"en-GB","potentialAction":[{"@type":"ReadAction","target":["https:\/\/klinikadlamezczyzn.pl\/comfino\/"]}]},{"@type":"ImageObject","inLanguage":"en-GB","@id":"https:\/\/klinikadlamezczyzn.pl\/comfino\/#primaryimage","url":"https:\/\/klinikadlamezczyzn.pl\/wp-content\/uploads\/2025\/12\/comfino_color_whitebg-1-1024x355.jpg","contentUrl":"https:\/\/klinikadlamezczyzn.pl\/wp-content\/uploads\/2025\/12\/comfino_color_whitebg-1-1024x355.jpg"},{"@type":"WebSite","@id":"https:\/\/klinikadlamezczyzn.pl\/#website","url":"https:\/\/klinikadlamezczyzn.pl\/","name":"Men's clinic Warsaw","description":"","publisher":{"@id":"https:\/\/klinikadlamezczyzn.pl\/#organization"},"potentialAction":[{"@type":"SearchAction","target":{"@type":"EntryPoint","urlTemplate":"https:\/\/klinikadlamezczyzn.pl\/?s={search_term_string}"},"query-input":{"@type":"PropertyValueSpecification","valueRequired":true,"valueName":"search_term_string"}}],"inLanguage":"en-GB"},{"@type":"Organization","@id":"https:\/\/klinikadlamezczyzn.pl\/#organization","name":"VEDI Clinic","url":"https:\/\/klinikadlamezczyzn.pl\/","logo":{"@type":"ImageObject","inLanguage":"en-GB","@id":"https:\/\/klinikadlamezczyzn.pl\/#\/schema\/logo\/image\/","url":"https:\/\/klinikadlamezczyzn.pl\/wp-content\/uploads\/2021\/10\/VEDI-logo-dark.png","contentUrl":"https:\/\/klinikadlamezczyzn.pl\/wp-content\/uploads\/2021\/10\/VEDI-logo-dark.png","width":120,"height":56,"caption":"VEDI Clinic"},"image":{"@id":"https:\/\/klinikadlamezczyzn.pl\/#\/schema\/logo\/image\/"},"sameAs":["https:\/\/www.facebook.com\/vediclinic"]}]}},"_links":{"self":[{"href":"https:\/\/klinikadlamezczyzn.pl\/en\/wp-json\/wp\/v2\/pages\/6978","targetHints":{"allow":["GET"]}}],"collection":[{"href":"https:\/\/klinikadlamezczyzn.pl\/en\/wp-json\/wp\/v2\/pages"}],"about":[{"href":"https:\/\/klinikadlamezczyzn.pl\/en\/wp-json\/wp\/v2\/types\/page"}],"author":[{"embeddable":true,"href":"https:\/\/klinikadlamezczyzn.pl\/en\/wp-json\/wp\/v2\/users\/12"}],"replies":[{"embeddable":true,"href":"https:\/\/klinikadlamezczyzn.pl\/en\/wp-json\/wp\/v2\/comments?post=6978"}],"version-history":[{"count":0,"href":"https:\/\/klinikadlamezczyzn.pl\/en\/wp-json\/wp\/v2\/pages\/6978\/revisions"}],"wp:attachment":[{"href":"https:\/\/klinikadlamezczyzn.pl\/en\/wp-json\/wp\/v2\/media?parent=6978"}],"curies":[{"name":"WP","href":"https:\/\/api.w.org\/{rel}","templated":true}]}}