{"id":508,"date":"2015-04-30T12:39:09","date_gmt":"2015-04-30T12:39:09","guid":{"rendered":"https:\/\/klinikadlamezczyzn.pl\/?page_id=508"},"modified":"2021-11-03T20:17:29","modified_gmt":"2021-11-03T19:17:29","slug":"polityka-plikow-cookie","status":"publish","type":"page","link":"https:\/\/klinikadlamezczyzn.pl\/en\/polityka-plikow-cookie\/","title":{"rendered":"COOKIE POLICY"},"content":{"rendered":"<p style=\"text-align: justify;\">Using the website www.klinikadlamezczyzn.pl is unequivocally associated with consent to the installation of Cookies on the media device of the website user and their use by Applied Medical Sciences SA in accordance with this policy. The user may not consent to the use of Cookies by Applied Medical Sciences SA by changing the settings for managing Cookies in their web browser.<\/p>\n<hr \/>\n<h2 style=\"text-align: center;\">WHAT ARE COOKIES?<\/h2>\n<p style=\"text-align: justify;\">\u201cCookies\u201d are small text files that are downloaded to your computer when you use websites. Cookie files can only be read by the site that created them. Cookie files do not affect access to other information on your computer.<\/p>\n<hr \/>\n<h2 style=\"text-align: center;\">FOR WHAT PURPOSE DO WE USE COOKIES?<\/h2>\n<p style=\"text-align: justify;\">Cookies used by the website www.klinikadlamezczyzn.pl enable monitoring of the activity of the website users. The Cookies used by us serve to improve and enhance the functionality of the website www.klinikadlamezczyzn.pl. Cookies are also used to assess the effectiveness of the activities carried out on our website. Cookies provide us with the data necessary to adapt the website to the preferences of our users. The website www.klinikadlamezczyzn.pl does not use behavioral cookies.<\/p>\n<hr \/>\n<h2 style=\"text-align: center;\">WHAT COOKIES DO WE USE?<\/h2>\n<p style=\"text-align: justify;\">The website www.klinikadlamezczyzn.pl uses two types of cookies:<\/p>\n<p style=\"text-align: justify;\">session cookies \u2013 remain in the browser data until you close the web browser or leave the page you are viewing<\/p>\n<p style=\"text-align: justify;\">permanent \u2013 \u200b\u200bremain in the browser data for the time specified in the file parameters or until they are manually deleted<\/p>\n<hr \/>\n<h2 style=\"text-align: center;\">CAN I NOT ACCEPT COOKIES?<\/h2>\n<p style=\"text-align: justify;\">Cookies are supported by web browsers and their acceptance takes place via the web browser you have chosen. Browsers such as Opera, Firefox, Internet Explorer or Google Chrome accept Cookies by default, which makes activities related to Cookies invisible to the user. In your browser settings, you can disable automatic acceptance of Cookies. Detailed information on the handling of Cookies is available in the settings of the web browser you are using.<\/p>\n<hr \/>","protected":false},"excerpt":{"rendered":"<p>Korzystanie z serwisu internetowego\u00a0www.klinikadlamezczyzn.pl\u00a0jednoznacznie wi\u0105\u017ce si\u0119 z zgod\u0105 na instalacj\u0119 plik\u00f3w Cookies na urz\u0105dzeniu medialnym u\u017cytkownika serwisu oraz wykorzystywanie ich \u00a0przez Applied Medical Sciences S.A. zgodnie z niniejsz\u0105 polityk\u0105. U\u017cytkownik mo\u017ce nie zgodzi\u0107 si\u0119 na wykorzystywanie plik\u00f3w Cookies przez Applied Medical Sciences S.A. poprzez zmian\u0119 ustawie\u0144 zarz\u0105dzania plikami Cookies w swojej przegl\u0105darce internetowej. CZYM S\u0104 [&hellip;]<\/p>\n","protected":false},"author":12,"featured_media":0,"parent":0,"menu_order":27,"comment_status":"closed","ping_status":"open","template":"","meta":{"footnotes":""},"class_list":["post-508","page","type-page","status-publish","hentry"],"yoast_head":"<!-- This site is optimized with the Yoast SEO plugin v27.0 - https:\/\/yoast.com\/product\/yoast-seo-wordpress\/ -->\n<title>Polityka Plik\u00f3w Cookie<\/title>\n<meta name=\"description\" content=\"VEDI CLINIC - kompleksowa diagnostyka i terapia m\u0119skich problem\u00f3w z potencj\u0105.\" \/>\n<meta name=\"robots\" content=\"index, follow, max-snippet:-1, max-image-preview:large, max-video-preview:-1\" \/>\n<link rel=\"canonical\" href=\"https:\/\/klinikadlamezczyzn.pl\/en\/polityka-plikow-cookie\/\" \/>\n<meta property=\"og:locale\" content=\"en_GB\" \/>\n<meta property=\"og:type\" content=\"article\" \/>\n<meta property=\"og:title\" content=\"Polityka Plik\u00f3w Cookie\" \/>\n<meta property=\"og:description\" content=\"VEDI CLINIC - kompleksowa diagnostyka i terapia m\u0119skich problem\u00f3w z potencj\u0105.\" \/>\n<meta property=\"og:url\" content=\"https:\/\/klinikadlamezczyzn.pl\/en\/polityka-plikow-cookie\/\" \/>\n<meta property=\"og:site_name\" content=\"Klinika dla m\u0119\u017cczyzn Warszawa\" \/>\n<meta property=\"article:publisher\" content=\"https:\/\/www.facebook.com\/vediclinic\" \/>\n<meta property=\"article:modified_time\" content=\"2021-11-03T19:17:29+00:00\" \/>\n<meta name=\"twitter:card\" content=\"summary_large_image\" \/>\n<meta name=\"twitter:label1\" content=\"Estimated reading time\" \/>\n\t<meta name=\"twitter:data1\" content=\"2 minutes\" \/>\n<script type=\"application\/ld+json\" class=\"yoast-schema-graph\">{\"@context\":\"https:\/\/schema.org\",\"@graph\":[{\"@type\":\"WebPage\",\"@id\":\"https:\/\/klinikadlamezczyzn.pl\/polityka-plikow-cookie\/\",\"url\":\"https:\/\/klinikadlamezczyzn.pl\/polityka-plikow-cookie\/\",\"name\":\"Polityka Plik\u00f3w Cookie\",\"isPartOf\":{\"@id\":\"https:\/\/klinikadlamezczyzn.pl\/#website\"},\"datePublished\":\"2015-04-30T12:39:09+00:00\",\"dateModified\":\"2021-11-03T19:17:29+00:00\",\"description\":\"VEDI CLINIC - kompleksowa diagnostyka i terapia m\u0119skich problem\u00f3w z potencj\u0105.\",\"inLanguage\":\"en-GB\",\"potentialAction\":[{\"@type\":\"ReadAction\",\"target\":[\"https:\/\/klinikadlamezczyzn.pl\/polityka-plikow-cookie\/\"]}]},{\"@type\":\"WebSite\",\"@id\":\"https:\/\/klinikadlamezczyzn.pl\/#website\",\"url\":\"https:\/\/klinikadlamezczyzn.pl\/\",\"name\":\"Klinika dla m\u0119\u017cczyzn Warszawa\",\"description\":\"\",\"publisher\":{\"@id\":\"https:\/\/klinikadlamezczyzn.pl\/#organization\"},\"potentialAction\":[{\"@type\":\"SearchAction\",\"target\":{\"@type\":\"EntryPoint\",\"urlTemplate\":\"https:\/\/klinikadlamezczyzn.pl\/?s={search_term_string}\"},\"query-input\":{\"@type\":\"PropertyValueSpecification\",\"valueRequired\":true,\"valueName\":\"search_term_string\"}}],\"inLanguage\":\"en-GB\"},{\"@type\":\"Organization\",\"@id\":\"https:\/\/klinikadlamezczyzn.pl\/#organization\",\"name\":\"VEDI Clinic\",\"url\":\"https:\/\/klinikadlamezczyzn.pl\/\",\"logo\":{\"@type\":\"ImageObject\",\"inLanguage\":\"en-GB\",\"@id\":\"https:\/\/klinikadlamezczyzn.pl\/#\/schema\/logo\/image\/\",\"url\":\"https:\/\/klinikadlamezczyzn.pl\/wp-content\/uploads\/2021\/10\/VEDI-logo-dark.png\",\"contentUrl\":\"https:\/\/klinikadlamezczyzn.pl\/wp-content\/uploads\/2021\/10\/VEDI-logo-dark.png\",\"width\":120,\"height\":56,\"caption\":\"VEDI Clinic\"},\"image\":{\"@id\":\"https:\/\/klinikadlamezczyzn.pl\/#\/schema\/logo\/image\/\"},\"sameAs\":[\"https:\/\/www.facebook.com\/vediclinic\"]}]}<\/script>\n<!-- \/ Yoast SEO plugin. -->","yoast_head_json":{"title":"Polityka Plik\u00f3w Cookie","description":"VEDI CLINIC - comprehensive diagnosis and therapy of male potency problems.","robots":{"index":"index","follow":"follow","max-snippet":"max-snippet:-1","max-image-preview":"max-image-preview:large","max-video-preview":"max-video-preview:-1"},"canonical":"https:\/\/klinikadlamezczyzn.pl\/en\/polityka-plikow-cookie\/","og_locale":"en_GB","og_type":"article","og_title":"Polityka Plik\u00f3w Cookie","og_description":"VEDI CLINIC - kompleksowa diagnostyka i terapia m\u0119skich problem\u00f3w z potencj\u0105.","og_url":"https:\/\/klinikadlamezczyzn.pl\/en\/polityka-plikow-cookie\/","og_site_name":"Klinika dla m\u0119\u017cczyzn Warszawa","article_publisher":"https:\/\/www.facebook.com\/vediclinic","article_modified_time":"2021-11-03T19:17:29+00:00","twitter_card":"summary_large_image","twitter_misc":{"Estimated reading time":"2 minutes"},"schema":{"@context":"https:\/\/schema.org","@graph":[{"@type":"WebPage","@id":"https:\/\/klinikadlamezczyzn.pl\/polityka-plikow-cookie\/","url":"https:\/\/klinikadlamezczyzn.pl\/polityka-plikow-cookie\/","name":"Polityka Plik\u00f3w Cookie","isPartOf":{"@id":"https:\/\/klinikadlamezczyzn.pl\/#website"},"datePublished":"2015-04-30T12:39:09+00:00","dateModified":"2021-11-03T19:17:29+00:00","description":"VEDI CLINIC - comprehensive diagnosis and therapy of male potency problems.","inLanguage":"en-GB","potentialAction":[{"@type":"ReadAction","target":["https:\/\/klinikadlamezczyzn.pl\/polityka-plikow-cookie\/"]}]},{"@type":"WebSite","@id":"https:\/\/klinikadlamezczyzn.pl\/#website","url":"https:\/\/klinikadlamezczyzn.pl\/","name":"Men's clinic Warsaw","description":"","publisher":{"@id":"https:\/\/klinikadlamezczyzn.pl\/#organization"},"potentialAction":[{"@type":"SearchAction","target":{"@type":"EntryPoint","urlTemplate":"https:\/\/klinikadlamezczyzn.pl\/?s={search_term_string}"},"query-input":{"@type":"PropertyValueSpecification","valueRequired":true,"valueName":"search_term_string"}}],"inLanguage":"en-GB"},{"@type":"Organization","@id":"https:\/\/klinikadlamezczyzn.pl\/#organization","name":"VEDI Clinic","url":"https:\/\/klinikadlamezczyzn.pl\/","logo":{"@type":"ImageObject","inLanguage":"en-GB","@id":"https:\/\/klinikadlamezczyzn.pl\/#\/schema\/logo\/image\/","url":"https:\/\/klinikadlamezczyzn.pl\/wp-content\/uploads\/2021\/10\/VEDI-logo-dark.png","contentUrl":"https:\/\/klinikadlamezczyzn.pl\/wp-content\/uploads\/2021\/10\/VEDI-logo-dark.png","width":120,"height":56,"caption":"VEDI Clinic"},"image":{"@id":"https:\/\/klinikadlamezczyzn.pl\/#\/schema\/logo\/image\/"},"sameAs":["https:\/\/www.facebook.com\/vediclinic"]}]}},"_links":{"self":[{"href":"https:\/\/klinikadlamezczyzn.pl\/en\/wp-json\/wp\/v2\/pages\/508","targetHints":{"allow":["GET"]}}],"collection":[{"href":"https:\/\/klinikadlamezczyzn.pl\/en\/wp-json\/wp\/v2\/pages"}],"about":[{"href":"https:\/\/klinikadlamezczyzn.pl\/en\/wp-json\/wp\/v2\/types\/page"}],"author":[{"embeddable":true,"href":"https:\/\/klinikadlamezczyzn.pl\/en\/wp-json\/wp\/v2\/users\/12"}],"replies":[{"embeddable":true,"href":"https:\/\/klinikadlamezczyzn.pl\/en\/wp-json\/wp\/v2\/comments?post=508"}],"version-history":[{"count":0,"href":"https:\/\/klinikadlamezczyzn.pl\/en\/wp-json\/wp\/v2\/pages\/508\/revisions"}],"wp:attachment":[{"href":"https:\/\/klinikadlamezczyzn.pl\/en\/wp-json\/wp\/v2\/media?parent=508"}],"curies":[{"name":"wp","href":"https:\/\/api.w.org\/{rel}","templated":true}]}}