{"id":3869,"date":"2022-04-21T09:43:30","date_gmt":"2022-04-21T07:43:30","guid":{"rendered":"https:\/\/klinikadlamezczyzn.pl\/?page_id=3869"},"modified":"2022-05-30T10:51:08","modified_gmt":"2022-05-30T08:51:08","slug":"dr-n-spol-paulina-trojanowska-malinowska","status":"publish","type":"page","link":"https:\/\/klinikadlamezczyzn.pl\/en\/nasi-specjalisci\/dr-n-spol-paulina-trojanowska-malinowska\/","title":{"rendered":"Dr. n. social. Paulina Trojanowska-Malinowska"},"content":{"rendered":"<div data-elementor-type=\"wp-page\" data-elementor-id=\"3869\" class=\"elementor elementor-3869\">\n\t\t\t\t\t\t<section class=\"elementor-section elementor-top-section elementor-element elementor-element-5400a351 elementor-section-full_width elementor-section-height-default elementor-section-height-default\" data-id=\"5400a351\" data-element_type=\"section\" data-e-type=\"section\">\n\t\t\t\t\t\t<div class=\"elementor-container elementor-column-gap-default\">\n\t\t\t\t\t<div class=\"elementor-column elementor-col-100 elementor-top-column elementor-element elementor-element-e9c738e\" data-id=\"e9c738e\" data-element_type=\"column\" data-e-type=\"column\">\n\t\t\t<div class=\"elementor-widget-wrap elementor-element-populated\">\n\t\t\t\t\t\t<div class=\"elementor-element elementor-element-34a3aa28 elementor-widget elementor-widget-gva_post_breadcrumb\" data-id=\"34a3aa28\" data-element_type=\"widget\" data-e-type=\"widget\" data-widget_type=\"gva_post_breadcrumb.default\">\n\t\t\t\t<div class=\"elementor-widget-container\">\n\t\t\t\t\t<div class=\"gva-element-gva_post_breadcrumb gva-element\">   \r\n<div class=\"post-breadcrumb\">\r\n   <div class=\"custom-breadcrumb\" >\r\n            <div class=\"breadcrumb-main\">\r\n        <div class=\"container\">\r\n          <div class=\"breadcrumb-container-inner\">\r\n            <h2 class=\"heading-title\">Dr. n. social. Paulina Trojanowska-Malinowska<\/h2><ol class=\"breadcrumb\"><li><a href=\"https:\/\/klinikadlamezczyzn.pl\/en\">Home<\/a> <\/li> <li class=\"active\">Page<\/li><\/ol>          <\/div>  \r\n        <\/div>   \r\n      <\/div>  \r\n   <\/div>\r\n<\/div>      \r\n\r\n<\/div>\t\t\t\t<\/div>\n\t\t\t\t<\/div>\n\t\t\t\t\t<\/div>\n\t\t<\/div>\n\t\t\t\t\t<\/div>\n\t\t<\/section>\n\t\t\t\t<section class=\"elementor-section elementor-top-section elementor-element elementor-element-96aef57 elementor-section-boxed elementor-section-height-default elementor-section-height-default\" data-id=\"96aef57\" data-element_type=\"section\" data-e-type=\"section\">\n\t\t\t\t\t\t<div class=\"elementor-container elementor-column-gap-no\">\n\t\t\t\t\t<div class=\"elementor-column elementor-col-50 elementor-top-column elementor-element elementor-element-578a9dc4\" data-id=\"578a9dc4\" data-element_type=\"column\" data-e-type=\"column\">\n\t\t\t<div class=\"elementor-widget-wrap elementor-element-populated\">\n\t\t\t\t\t\t<div class=\"elementor-element elementor-element-1b7cf4d1 elementor-widget elementor-widget-image\" data-id=\"1b7cf4d1\" data-element_type=\"widget\" data-e-type=\"widget\" data-widget_type=\"image.default\">\n\t\t\t\t<div class=\"elementor-widget-container\">\n\t\t\t\t\t\t\t\t\t\t\t\t\t\t\t<picture><source srcset=\"https:\/\/klinikadlamezczyzn.pl\/wp-content\/webp-express\/webp-images\/uploads\/2022\/04\/avatar.jpg.webp\" type=\"image\/webp\"><img decoding=\"async\" src=\"https:\/\/klinikadlamezczyzn.pl\/wp-content\/uploads\/2022\/04\/avatar.jpg\" title=\"\" alt=\"\" loading=\"lazy\" class=\"webpexpress-processed\"><\/picture>\t\t\t\t\t\t\t\t\t\t\t\t\t\t\t<\/div>\n\t\t\t\t<\/div>\n\t\t\t\t\t<\/div>\n\t\t<\/div>\n\t\t\t\t<div class=\"elementor-column elementor-col-50 elementor-top-column elementor-element elementor-element-6fc8fae8\" data-id=\"6fc8fae8\" data-element_type=\"column\" data-e-type=\"column\">\n\t\t\t<div class=\"elementor-widget-wrap elementor-element-populated\">\n\t\t\t\t\t\t<div class=\"elementor-element elementor-element-a37318a elementor-widget elementor-widget-gva-heading-block\" data-id=\"a37318a\" data-element_type=\"widget\" data-e-type=\"widget\" data-widget_type=\"gva-heading-block.default\">\n\t\t\t\t<div class=\"elementor-widget-container\">\n\t\t\t\t\t<div class=\"gva-element-gva-heading-block gva-element\">   <div class=\"align-left style-1 widget gsc-heading box-align-left auto-responsive\">\r\n      <div class=\"content-inner\">\r\n         \r\n         \r\n         <div class=\"heading-line\"><span><\/span><span><\/span><\/div>\r\n                     <div class=\"sub-title\">\r\n               <span class=\"tagline\">SEksuolog, psychoterapeuta<\/span> \r\n            <\/div>\r\n           \r\n         \r\n                     <h2 class=\"title\">\r\n               <span>dr n. spo\u0142. Paulina Trojanowska-Malinowska\n<\/span>\r\n            <\/h2>\r\n                  \r\n         \r\n      <\/div>\r\n   <\/div>\r\n<\/div>\t\t\t\t<\/div>\n\t\t\t\t<\/div>\n\t\t\t\t<div class=\"elementor-element elementor-element-6bc708e6 elementor-widget-divider--view-line elementor-widget elementor-widget-divider\" data-id=\"6bc708e6\" data-element_type=\"widget\" data-e-type=\"widget\" data-widget_type=\"divider.default\">\n\t\t\t\t<div class=\"elementor-widget-container\">\n\t\t\t\t\t\t\t<div class=\"elementor-divider\">\n\t\t\t<span class=\"elementor-divider-separator\">\n\t\t\t\t\t\t<\/span>\n\t\t<\/div>\n\t\t\t\t\t\t<\/div>\n\t\t\t\t<\/div>\n\t\t\t\t<div class=\"elementor-element elementor-element-43b5a5ef elementor-widget elementor-widget-text-editor\" data-id=\"43b5a5ef\" data-element_type=\"widget\" data-e-type=\"widget\" data-widget_type=\"text-editor.default\">\n\t\t\t\t<div class=\"elementor-widget-container\">\n\t\t\t\t\t\t\t\t\t<p style=\"text-align:justify;\">Pracuje jako psychoterapeutka, seksuolo\u017cka i\u00a0edukatorka seksualna, wspieraj\u0105c rozw\u00f3j jednostki w\u00a0obszarze seksualno\u015bci w\u00a0ramach terapii, pracy w\u00a0telefonach zaufania, prowadz\u0105c warsztaty i\u00a0wyk\u0142ady. Jest absolwentk\u0105 Wydzia\u0142u Psychologii Uniwersytetu Warszawskiego oraz\u00a0Instytutu Stosowanych Nauk Spo\u0142ecznych Uniwersytetu Warszawskiego, gdzie uzyska\u0142a tytu\u0142 doktora nauk spo\u0142ecznych.<\/p>\n\n<p style=\"text-align:justify;\">Uko\u0144czy\u0142a studia podyplomowe \u201eSeksuologia Kliniczna\u201d na\u00a0Warszawskim Uniwersytecie Medycznym oraz\u00a0szko\u0142\u0119 trenersk\u0105 i\u00a04-letni\u0105 szko\u0142\u0119 psychoterapii w\u00a0O\u015brodku Pomocy i\u00a0Edukacji Psychologicznej Intra, a\u00a0tak\u017ce roczny kurs podstawowy terapii systemowej w\u00a0Wielkopolskim Towarzystwie Terapii Systemowej. Do\u015bwiadczenie zawodowe zdoby\u0142a w\u00a0ramach sta\u017cy w\u00a0Poradni Seksuologii i\u00a0Patologii Wsp\u00f3\u0142\u017cycia, ul.\u00a0Dolna 42 w\u00a0SWZPZPOZ w\u00a0Warszawie, Poradni Odwykowej, ul.\u00a0Zgierska 18 A\u00a0w\u00a0SPZOZ Centrum Odwykowe, I\u00a0Klinice Psychiatrycznej, Instytutu Psychiatrii i\u00a0Neurologii, ul.\u00a0Sobieskiego 9, Warszawa oraz\u00a0pracuj\u0105c w\u00a0Zak\u0142adzie Seksuologii, Psychiatrii i\u00a0Psychoterapii w\u00a0SPSK im.\u00a0prof.\u00a0W. Or\u0142owskiego w\u00a0Warszawie i\u00a0Poradni Zdrowia Psychicznego Harmonia Grupy LUX MED.<\/p>\n\n<p style=\"text-align:justify;\">Swoj\u0105 prac\u0119 poddaje sta\u0142ej superwizji. Stara si\u0119 nieustannie rozwija\u0107 uczestnicz\u0105c w\u00a0konferencjach naukowych, a\u00a0przede wszystkim dzi\u0119ki spotkaniom, s\u0142uchaniu i\u00a0towarzyszeniu drugiemu cz\u0142owiekowi w\u00a0zaciszu gabinetu.<\/p>\t\t\t\t\t\t\t\t<\/div>\n\t\t\t\t<\/div>\n\t\t\t\t<div class=\"elementor-element elementor-element-5e49a9d1 elementor-widget-divider--view-line elementor-widget elementor-widget-divider\" data-id=\"5e49a9d1\" data-element_type=\"widget\" data-e-type=\"widget\" data-widget_type=\"divider.default\">\n\t\t\t\t<div class=\"elementor-widget-container\">\n\t\t\t\t\t\t\t<div class=\"elementor-divider\">\n\t\t\t<span class=\"elementor-divider-separator\">\n\t\t\t\t\t\t<\/span>\n\t\t<\/div>\n\t\t\t\t\t\t<\/div>\n\t\t\t\t<\/div>\n\t\t\t\t<div class=\"elementor-element elementor-element-6c4a051e elementor-icon-list--layout-traditional elementor-list-item-link-full_width elementor-widget elementor-widget-icon-list\" data-id=\"6c4a051e\" data-element_type=\"widget\" data-e-type=\"widget\" data-widget_type=\"icon-list.default\">\n\t\t\t\t<div class=\"elementor-widget-container\">\n\t\t\t\t\t\t\t<ul class=\"elementor-icon-list-items\">\n\t\t\t\t\t\t\t<li class=\"elementor-icon-list-item\">\n\t\t\t\t\t\t\t\t\t\t\t<span class=\"elementor-icon-list-icon\">\n\t\t\t\t\t\t\t<i aria-hidden=\"true\" class=\"las la-map-marker\"><\/i>\t\t\t\t\t\t<\/span>\n\t\t\t\t\t\t\t\t\t\t<span class=\"elementor-icon-list-text\"><strong>Address: <\/strong>AMEDS Medical Centre, VEDI CLINIC, Bracka 11\/13, Warsaw<\/span>\n\t\t\t\t\t\t\t\t\t<\/li>\n\t\t\t\t\t\t<\/ul>\n\t\t\t\t\t\t<\/div>\n\t\t\t\t<\/div>\n\t\t\t\t\t<\/div>\n\t\t<\/div>\n\t\t\t\t\t<\/div>\n\t\t<\/section>\n\t\t\t\t<section class=\"elementor-section elementor-top-section elementor-element elementor-element-4aa3dbc0 elementor-section-boxed elementor-section-height-default elementor-section-height-default\" data-id=\"4aa3dbc0\" data-element_type=\"section\" data-e-type=\"section\">\n\t\t\t\t\t\t<div class=\"elementor-container elementor-column-gap-no\">\n\t\t\t\t\t<div class=\"elementor-column elementor-col-50 elementor-top-column elementor-element elementor-element-2cc54ed8\" data-id=\"2cc54ed8\" data-element_type=\"column\" data-e-type=\"column\">\n\t\t\t<div class=\"elementor-widget-wrap elementor-element-populated\">\n\t\t\t\t\t\t<div class=\"elementor-element elementor-element-512cc6b elementor-widget elementor-widget-image\" data-id=\"512cc6b\" data-element_type=\"widget\" data-e-type=\"widget\" data-widget_type=\"image.default\">\n\t\t\t\t<div class=\"elementor-widget-container\">\n\t\t\t\t\t\t\t\t\t\t\t\t\t\t\t<img fetchpriority=\"high\" decoding=\"async\" width=\"303\" height=\"370\" src=\"https:\/\/klinikadlamezczyzn.pl\/wp-content\/uploads\/2022\/04\/VEDI-sygnet_small.svg\" class=\"attachment-large size-large wp-image-3777\" alt=\"\" \/>\t\t\t\t\t\t\t\t\t\t\t\t\t\t\t<\/div>\n\t\t\t\t<\/div>\n\t\t\t\t\t<\/div>\n\t\t<\/div>\n\t\t\t\t<div class=\"elementor-column elementor-col-50 elementor-top-column elementor-element elementor-element-52011c36\" data-id=\"52011c36\" data-element_type=\"column\" data-e-type=\"column\">\n\t\t\t<div class=\"elementor-widget-wrap elementor-element-populated\">\n\t\t\t\t\t\t<div class=\"elementor-element elementor-element-71a1f3c8 elementor-widget elementor-widget-text-editor\" data-id=\"71a1f3c8\" data-element_type=\"widget\" data-e-type=\"widget\" data-widget_type=\"text-editor.default\">\n\t\t\t\t<div class=\"elementor-widget-container\">\n\t\t\t\t\t\t\t\t\t<h2 style=\"box-sizing: border-box; overflow-wrap: break-word; margin-top: 15px; margin-bottom: 20px; font-family: var(--conult-heading-font-family); font-weight: bold; line-height: 1.3; color: var(--conult-heading-color); font-size: 1.8rem; font-style: normal; font-variant-ligatures: normal; font-variant-caps: normal; letter-spacing: normal; orphans: 2; text-indent: 0px; text-transform: none; white-space: normal; widows: 2; word-spacing: 0px; -webkit-text-stroke-width: 0px; background-color: #ffffff; text-decoration-thickness: initial; text-decoration-style: initial; text-decoration-color: initial; text-align: left;\">dr n. spo\u0142. Paulina Trojanowska-Malinowska<br \/>&#8211; obszary specjalizacji:<\/h2><ul><li>psychoterapia<\/li><li>edukacja seksuologiczna<\/li><li>seksuologia kliniczna<\/li><\/ul>\t\t\t\t\t\t\t\t<\/div>\n\t\t\t\t<\/div>\n\t\t\t\t\t<\/div>\n\t\t<\/div>\n\t\t\t\t\t<\/div>\n\t\t<\/section>\n\t\t\t\t<section class=\"elementor-section elementor-top-section elementor-element elementor-element-3f5cdb04 elementor-section-boxed elementor-section-height-default elementor-section-height-default\" data-id=\"3f5cdb04\" data-element_type=\"section\" data-e-type=\"section\" data-settings=\"{&quot;background_background&quot;:&quot;classic&quot;}\">\n\t\t\t\t\t\t\t<div class=\"elementor-background-overlay\"><\/div>\n\t\t\t\t\t\t\t<div class=\"elementor-container elementor-column-gap-default\">\n\t\t\t\t\t<div class=\"elementor-column elementor-col-50 elementor-top-column elementor-element elementor-element-579515d2\" data-id=\"579515d2\" data-element_type=\"column\" data-e-type=\"column\">\n\t\t\t<div class=\"elementor-widget-wrap elementor-element-populated\">\n\t\t\t\t\t\t<div class=\"elementor-element elementor-element-fb0b825 elementor-widget elementor-widget-gva-heading-block\" data-id=\"fb0b825\" data-element_type=\"widget\" data-e-type=\"widget\" data-widget_type=\"gva-heading-block.default\">\n\t\t\t\t<div class=\"elementor-widget-container\">\n\t\t\t\t\t<div class=\"gva-element-gva-heading-block gva-element\">   <div class=\"align-left style-1 widget gsc-heading box-align-left auto-responsive\">\r\n      <div class=\"content-inner\">\r\n         \r\n         \r\n         \r\n           \r\n         \r\n                     <h2 class=\"title\">\r\n               <span>Do you need a specialist?\nAre you suffering from a similar problem?<\/span>\r\n            <\/h2>\r\n                  \r\n         \r\n      <\/div>\r\n   <\/div>\r\n<\/div>\t\t\t\t<\/div>\n\t\t\t\t<\/div>\n\t\t\t\t\t<\/div>\n\t\t<\/div>\n\t\t\t\t<div class=\"elementor-column elementor-col-50 elementor-top-column elementor-element elementor-element-6e12fcdf\" data-id=\"6e12fcdf\" data-element_type=\"column\" data-e-type=\"column\">\n\t\t\t<div class=\"elementor-widget-wrap elementor-element-populated\">\n\t\t\t\t\t\t<div class=\"elementor-element elementor-element-5120725f elementor-widget__width-auto elementor-widget elementor-widget-html\" data-id=\"5120725f\" data-element_type=\"widget\" data-e-type=\"widget\" data-widget_type=\"html.default\">\n\t\t\t\t<div class=\"elementor-widget-container\">\n\t\t\t\t\t<a class=\"btn-white\" href=\"\/en\/contact\/\">\n    Make an appointment\n<\/a>\t\t\t\t<\/div>\n\t\t\t\t<\/div>\n\t\t\t\t\t<\/div>\n\t\t<\/div>\n\t\t\t\t\t<\/div>\n\t\t<\/section>\n\t\t\t\t<\/div>","protected":false},"excerpt":{"rendered":"<p>Dr n. spo\u0142. Paulina Trojanowska-Malinowska Home Strona SEksuolog, psychoterapeuta dr n. spo\u0142. Paulina Trojanowska-Malinowska Pracuje jako psychoterapeutka, seksuolo\u017cka i\u00a0edukatorka seksualna, wspieraj\u0105c rozw\u00f3j jednostki w\u00a0obszarze seksualno\u015bci w\u00a0ramach terapii, pracy w\u00a0telefonach zaufania, prowadz\u0105c warsztaty i\u00a0wyk\u0142ady. Jest absolwentk\u0105 Wydzia\u0142u Psychologii Uniwersytetu Warszawskiego oraz\u00a0Instytutu Stosowanych Nauk Spo\u0142ecznych Uniwersytetu Warszawskiego, gdzie uzyska\u0142a tytu\u0142 doktora nauk spo\u0142ecznych. Uko\u0144czy\u0142a studia podyplomowe \u201eSeksuologia [&hellip;]<\/p>\n","protected":false},"author":12,"featured_media":0,"parent":14,"menu_order":0,"comment_status":"closed","ping_status":"closed","template":"","meta":{"footnotes":""},"class_list":["post-3869","page","type-page","status-publish","hentry"],"yoast_head":"<!-- This site is optimized with the Yoast SEO plugin v27.0 - https:\/\/yoast.com\/product\/yoast-seo-wordpress\/ -->\n<title>Dr n. spo\u0142. Paulina Trojanowska-Malinowska - Klinika dla m\u0119\u017cczyzn Warszawa<\/title>\n<meta name=\"robots\" content=\"index, follow, max-snippet:-1, max-image-preview:large, max-video-preview:-1\" \/>\n<link rel=\"canonical\" href=\"https:\/\/klinikadlamezczyzn.pl\/en\/our-specialists\/dr-n-spol-paulina-trojanowska-malinowska\/\" \/>\n<meta property=\"og:locale\" content=\"en_GB\" \/>\n<meta property=\"og:type\" content=\"article\" \/>\n<meta property=\"og:title\" content=\"Dr n. spo\u0142. Paulina Trojanowska-Malinowska - Klinika dla m\u0119\u017cczyzn Warszawa\" \/>\n<meta property=\"og:description\" content=\"Dr n. spo\u0142. Paulina Trojanowska-Malinowska Home Strona SEksuolog, psychoterapeuta dr n. spo\u0142. Paulina Trojanowska-Malinowska Pracuje jako psychoterapeutka, seksuolo\u017cka i\u00a0edukatorka seksualna, wspieraj\u0105c rozw\u00f3j jednostki w\u00a0obszarze seksualno\u015bci w\u00a0ramach terapii, pracy w\u00a0telefonach zaufania, prowadz\u0105c warsztaty i\u00a0wyk\u0142ady. Jest absolwentk\u0105 Wydzia\u0142u Psychologii Uniwersytetu Warszawskiego oraz\u00a0Instytutu Stosowanych Nauk Spo\u0142ecznych Uniwersytetu Warszawskiego, gdzie uzyska\u0142a tytu\u0142 doktora nauk spo\u0142ecznych. Uko\u0144czy\u0142a studia podyplomowe \u201eSeksuologia [&hellip;]\" \/>\n<meta property=\"og:url\" content=\"https:\/\/klinikadlamezczyzn.pl\/en\/our-specialists\/dr-n-spol-paulina-trojanowska-malinowska\/\" \/>\n<meta property=\"og:site_name\" content=\"Klinika dla m\u0119\u017cczyzn Warszawa\" \/>\n<meta property=\"article:publisher\" content=\"https:\/\/www.facebook.com\/vediclinic\" \/>\n<meta property=\"article:modified_time\" content=\"2022-05-30T08:51:08+00:00\" \/>\n<meta property=\"og:image\" content=\"https:\/\/klinikadlamezczyzn.pl\/wp-content\/uploads\/2022\/04\/avatar.jpg\" \/>\n<meta name=\"twitter:card\" content=\"summary_large_image\" \/>\n<meta name=\"twitter:label1\" content=\"Estimated reading time\" \/>\n\t<meta name=\"twitter:data1\" content=\"2 minutes\" \/>\n<script type=\"application\/ld+json\" class=\"yoast-schema-graph\">{\"@context\":\"https:\/\/schema.org\",\"@graph\":[{\"@type\":\"WebPage\",\"@id\":\"https:\/\/klinikadlamezczyzn.pl\/nasi-specjalisci\/dr-n-spol-paulina-trojanowska-malinowska\/\",\"url\":\"https:\/\/klinikadlamezczyzn.pl\/nasi-specjalisci\/dr-n-spol-paulina-trojanowska-malinowska\/\",\"name\":\"Dr n. spo\u0142. Paulina Trojanowska-Malinowska - Klinika dla m\u0119\u017cczyzn Warszawa\",\"isPartOf\":{\"@id\":\"https:\/\/klinikadlamezczyzn.pl\/#website\"},\"primaryImageOfPage\":{\"@id\":\"https:\/\/klinikadlamezczyzn.pl\/nasi-specjalisci\/dr-n-spol-paulina-trojanowska-malinowska\/#primaryimage\"},\"image\":{\"@id\":\"https:\/\/klinikadlamezczyzn.pl\/nasi-specjalisci\/dr-n-spol-paulina-trojanowska-malinowska\/#primaryimage\"},\"thumbnailUrl\":\"https:\/\/klinikadlamezczyzn.pl\/wp-content\/uploads\/2022\/04\/avatar.jpg\",\"datePublished\":\"2022-04-21T07:43:30+00:00\",\"dateModified\":\"2022-05-30T08:51:08+00:00\",\"breadcrumb\":{\"@id\":\"https:\/\/klinikadlamezczyzn.pl\/nasi-specjalisci\/dr-n-spol-paulina-trojanowska-malinowska\/#breadcrumb\"},\"inLanguage\":\"en-GB\",\"potentialAction\":[{\"@type\":\"ReadAction\",\"target\":[\"https:\/\/klinikadlamezczyzn.pl\/nasi-specjalisci\/dr-n-spol-paulina-trojanowska-malinowska\/\"]}]},{\"@type\":\"ImageObject\",\"inLanguage\":\"en-GB\",\"@id\":\"https:\/\/klinikadlamezczyzn.pl\/nasi-specjalisci\/dr-n-spol-paulina-trojanowska-malinowska\/#primaryimage\",\"url\":\"https:\/\/klinikadlamezczyzn.pl\/wp-content\/uploads\/2022\/04\/avatar.jpg\",\"contentUrl\":\"https:\/\/klinikadlamezczyzn.pl\/wp-content\/uploads\/2022\/04\/avatar.jpg\"},{\"@type\":\"BreadcrumbList\",\"@id\":\"https:\/\/klinikadlamezczyzn.pl\/nasi-specjalisci\/dr-n-spol-paulina-trojanowska-malinowska\/#breadcrumb\",\"itemListElement\":[{\"@type\":\"ListItem\",\"position\":1,\"name\":\"Nasi specjali\u015bci\",\"item\":\"https:\/\/klinikadlamezczyzn.pl\/nasi-specjalisci\/\"},{\"@type\":\"ListItem\",\"position\":2,\"name\":\"Dr n. spo\u0142. Paulina Trojanowska-Malinowska\"}]},{\"@type\":\"WebSite\",\"@id\":\"https:\/\/klinikadlamezczyzn.pl\/#website\",\"url\":\"https:\/\/klinikadlamezczyzn.pl\/\",\"name\":\"Klinika dla m\u0119\u017cczyzn Warszawa\",\"description\":\"\",\"publisher\":{\"@id\":\"https:\/\/klinikadlamezczyzn.pl\/#organization\"},\"potentialAction\":[{\"@type\":\"SearchAction\",\"target\":{\"@type\":\"EntryPoint\",\"urlTemplate\":\"https:\/\/klinikadlamezczyzn.pl\/?s={search_term_string}\"},\"query-input\":{\"@type\":\"PropertyValueSpecification\",\"valueRequired\":true,\"valueName\":\"search_term_string\"}}],\"inLanguage\":\"en-GB\"},{\"@type\":\"Organization\",\"@id\":\"https:\/\/klinikadlamezczyzn.pl\/#organization\",\"name\":\"VEDI Clinic\",\"url\":\"https:\/\/klinikadlamezczyzn.pl\/\",\"logo\":{\"@type\":\"ImageObject\",\"inLanguage\":\"en-GB\",\"@id\":\"https:\/\/klinikadlamezczyzn.pl\/#\/schema\/logo\/image\/\",\"url\":\"https:\/\/klinikadlamezczyzn.pl\/wp-content\/uploads\/2021\/10\/VEDI-logo-dark.png\",\"contentUrl\":\"https:\/\/klinikadlamezczyzn.pl\/wp-content\/uploads\/2021\/10\/VEDI-logo-dark.png\",\"width\":120,\"height\":56,\"caption\":\"VEDI Clinic\"},\"image\":{\"@id\":\"https:\/\/klinikadlamezczyzn.pl\/#\/schema\/logo\/image\/\"},\"sameAs\":[\"https:\/\/www.facebook.com\/vediclinic\"]}]}<\/script>\n<!-- \/ Yoast SEO plugin. -->","yoast_head_json":{"title":"Dr n. spo\u0142. Paulina Trojanowska-Malinowska - Klinika dla m\u0119\u017cczyzn Warszawa","robots":{"index":"index","follow":"follow","max-snippet":"max-snippet:-1","max-image-preview":"max-image-preview:large","max-video-preview":"max-video-preview:-1"},"canonical":"https:\/\/klinikadlamezczyzn.pl\/en\/our-specialists\/dr-n-spol-paulina-trojanowska-malinowska\/","og_locale":"en_GB","og_type":"article","og_title":"Dr n. spo\u0142. Paulina Trojanowska-Malinowska - Klinika dla m\u0119\u017cczyzn Warszawa","og_description":"Dr n. spo\u0142. Paulina Trojanowska-Malinowska Home Strona SEksuolog, psychoterapeuta dr n. spo\u0142. Paulina Trojanowska-Malinowska Pracuje jako psychoterapeutka, seksuolo\u017cka i\u00a0edukatorka seksualna, wspieraj\u0105c rozw\u00f3j jednostki w\u00a0obszarze seksualno\u015bci w\u00a0ramach terapii, pracy w\u00a0telefonach zaufania, prowadz\u0105c warsztaty i\u00a0wyk\u0142ady. Jest absolwentk\u0105 Wydzia\u0142u Psychologii Uniwersytetu Warszawskiego oraz\u00a0Instytutu Stosowanych Nauk Spo\u0142ecznych Uniwersytetu Warszawskiego, gdzie uzyska\u0142a tytu\u0142 doktora nauk spo\u0142ecznych. Uko\u0144czy\u0142a studia podyplomowe \u201eSeksuologia [&hellip;]","og_url":"https:\/\/klinikadlamezczyzn.pl\/en\/our-specialists\/dr-n-spol-paulina-trojanowska-malinowska\/","og_site_name":"Klinika dla m\u0119\u017cczyzn Warszawa","article_publisher":"https:\/\/www.facebook.com\/vediclinic","article_modified_time":"2022-05-30T08:51:08+00:00","og_image":[{"url":"https:\/\/klinikadlamezczyzn.pl\/wp-content\/uploads\/2022\/04\/avatar.jpg","type":"","width":"","height":""}],"twitter_card":"summary_large_image","twitter_misc":{"Estimated reading time":"2 minutes"},"schema":{"@context":"https:\/\/schema.org","@graph":[{"@type":"WebPage","@id":"https:\/\/klinikadlamezczyzn.pl\/nasi-specjalisci\/dr-n-spol-paulina-trojanowska-malinowska\/","url":"https:\/\/klinikadlamezczyzn.pl\/nasi-specjalisci\/dr-n-spol-paulina-trojanowska-malinowska\/","name":"Dr n. spo\u0142. Paulina Trojanowska-Malinowska - Klinika dla m\u0119\u017cczyzn Warszawa","isPartOf":{"@id":"https:\/\/klinikadlamezczyzn.pl\/#website"},"primaryImageOfPage":{"@id":"https:\/\/klinikadlamezczyzn.pl\/nasi-specjalisci\/dr-n-spol-paulina-trojanowska-malinowska\/#primaryimage"},"image":{"@id":"https:\/\/klinikadlamezczyzn.pl\/nasi-specjalisci\/dr-n-spol-paulina-trojanowska-malinowska\/#primaryimage"},"thumbnailUrl":"https:\/\/klinikadlamezczyzn.pl\/wp-content\/uploads\/2022\/04\/avatar.jpg","datePublished":"2022-04-21T07:43:30+00:00","dateModified":"2022-05-30T08:51:08+00:00","breadcrumb":{"@id":"https:\/\/klinikadlamezczyzn.pl\/nasi-specjalisci\/dr-n-spol-paulina-trojanowska-malinowska\/#breadcrumb"},"inLanguage":"en-GB","potentialAction":[{"@type":"ReadAction","target":["https:\/\/klinikadlamezczyzn.pl\/nasi-specjalisci\/dr-n-spol-paulina-trojanowska-malinowska\/"]}]},{"@type":"ImageObject","inLanguage":"en-GB","@id":"https:\/\/klinikadlamezczyzn.pl\/nasi-specjalisci\/dr-n-spol-paulina-trojanowska-malinowska\/#primaryimage","url":"https:\/\/klinikadlamezczyzn.pl\/wp-content\/uploads\/2022\/04\/avatar.jpg","contentUrl":"https:\/\/klinikadlamezczyzn.pl\/wp-content\/uploads\/2022\/04\/avatar.jpg"},{"@type":"BreadcrumbList","@id":"https:\/\/klinikadlamezczyzn.pl\/nasi-specjalisci\/dr-n-spol-paulina-trojanowska-malinowska\/#breadcrumb","itemListElement":[{"@type":"ListItem","position":1,"name":"Nasi specjali\u015bci","item":"https:\/\/klinikadlamezczyzn.pl\/nasi-specjalisci\/"},{"@type":"ListItem","position":2,"name":"Dr n. spo\u0142. Paulina Trojanowska-Malinowska"}]},{"@type":"WebSite","@id":"https:\/\/klinikadlamezczyzn.pl\/#website","url":"https:\/\/klinikadlamezczyzn.pl\/","name":"Men's clinic Warsaw","description":"","publisher":{"@id":"https:\/\/klinikadlamezczyzn.pl\/#organization"},"potentialAction":[{"@type":"SearchAction","target":{"@type":"EntryPoint","urlTemplate":"https:\/\/klinikadlamezczyzn.pl\/?s={search_term_string}"},"query-input":{"@type":"PropertyValueSpecification","valueRequired":true,"valueName":"search_term_string"}}],"inLanguage":"en-GB"},{"@type":"Organization","@id":"https:\/\/klinikadlamezczyzn.pl\/#organization","name":"VEDI Clinic","url":"https:\/\/klinikadlamezczyzn.pl\/","logo":{"@type":"ImageObject","inLanguage":"en-GB","@id":"https:\/\/klinikadlamezczyzn.pl\/#\/schema\/logo\/image\/","url":"https:\/\/klinikadlamezczyzn.pl\/wp-content\/uploads\/2021\/10\/VEDI-logo-dark.png","contentUrl":"https:\/\/klinikadlamezczyzn.pl\/wp-content\/uploads\/2021\/10\/VEDI-logo-dark.png","width":120,"height":56,"caption":"VEDI Clinic"},"image":{"@id":"https:\/\/klinikadlamezczyzn.pl\/#\/schema\/logo\/image\/"},"sameAs":["https:\/\/www.facebook.com\/vediclinic"]}]}},"_links":{"self":[{"href":"https:\/\/klinikadlamezczyzn.pl\/en\/wp-json\/wp\/v2\/pages\/3869","targetHints":{"allow":["GET"]}}],"collection":[{"href":"https:\/\/klinikadlamezczyzn.pl\/en\/wp-json\/wp\/v2\/pages"}],"about":[{"href":"https:\/\/klinikadlamezczyzn.pl\/en\/wp-json\/wp\/v2\/types\/page"}],"author":[{"embeddable":true,"href":"https:\/\/klinikadlamezczyzn.pl\/en\/wp-json\/wp\/v2\/users\/12"}],"replies":[{"embeddable":true,"href":"https:\/\/klinikadlamezczyzn.pl\/en\/wp-json\/wp\/v2\/comments?post=3869"}],"version-history":[{"count":0,"href":"https:\/\/klinikadlamezczyzn.pl\/en\/wp-json\/wp\/v2\/pages\/3869\/revisions"}],"up":[{"embeddable":true,"href":"https:\/\/klinikadlamezczyzn.pl\/en\/wp-json\/wp\/v2\/pages\/14"}],"wp:attachment":[{"href":"https:\/\/klinikadlamezczyzn.pl\/en\/wp-json\/wp\/v2\/media?parent=3869"}],"curies":[{"name":"WP","href":"https:\/\/api.w.org\/{rel}","templated":true}]}}