{"id":2830,"date":"2020-12-29T10:30:00","date_gmt":"2020-12-29T09:30:00","guid":{"rendered":"https:\/\/klinikadlamezczyzn.pl\/?page_id=2830"},"modified":"2022-05-13T13:33:07","modified_gmt":"2022-05-13T11:33:07","slug":"dr-hab-n-med-artur-antoniewicz","status":"publish","type":"page","link":"https:\/\/klinikadlamezczyzn.pl\/en\/nasi-specjalisci\/dr-hab-n-med-artur-antoniewicz\/","title":{"rendered":"Dr hab. n. med. Artur Antoniewicz, Urolog"},"content":{"rendered":"<div data-elementor-type=\"wp-page\" data-elementor-id=\"2830\" class=\"elementor elementor-2830\">\n\t\t\t\t\t\t<section class=\"elementor-section elementor-top-section elementor-element elementor-element-735df1d2 elementor-section-boxed elementor-section-height-default elementor-section-height-default\" data-id=\"735df1d2\" data-element_type=\"section\" data-e-type=\"section\">\n\t\t\t\t\t\t<div class=\"elementor-container elementor-column-gap-default\">\n\t\t\t\t\t<div class=\"elementor-column elementor-col-100 elementor-top-column elementor-element elementor-element-c3de3a8\" data-id=\"c3de3a8\" data-element_type=\"column\" data-e-type=\"column\">\n\t\t\t<div class=\"elementor-widget-wrap\">\n\t\t\t\t\t\t\t<\/div>\n\t\t<\/div>\n\t\t\t\t\t<\/div>\n\t\t<\/section>\n\t\t\t\t<section class=\"elementor-section elementor-top-section elementor-element elementor-element-2f35f5a4 elementor-section-full_width elementor-section-height-default elementor-section-height-default\" data-id=\"2f35f5a4\" data-element_type=\"section\" data-e-type=\"section\">\n\t\t\t\t\t\t<div class=\"elementor-container elementor-column-gap-default\">\n\t\t\t\t\t<div class=\"elementor-column elementor-col-100 elementor-top-column elementor-element elementor-element-7a6707dd\" data-id=\"7a6707dd\" data-element_type=\"column\" data-e-type=\"column\">\n\t\t\t<div class=\"elementor-widget-wrap elementor-element-populated\">\n\t\t\t\t\t\t<div class=\"elementor-element elementor-element-2660aa2 elementor-widget elementor-widget-gva_post_breadcrumb\" data-id=\"2660aa2\" data-element_type=\"widget\" data-e-type=\"widget\" data-widget_type=\"gva_post_breadcrumb.default\">\n\t\t\t\t<div class=\"elementor-widget-container\">\n\t\t\t\t\t<div class=\"gva-element-gva_post_breadcrumb gva-element\">   \r\n<div class=\"post-breadcrumb\">\r\n   <div class=\"custom-breadcrumb\" >\r\n            <div class=\"breadcrumb-main\">\r\n        <div class=\"container\">\r\n          <div class=\"breadcrumb-container-inner\">\r\n            <h2 class=\"heading-title\">Dr hab. n. med. Artur Antoniewicz, Urolog<\/h2><ol class=\"breadcrumb\"><li><a href=\"https:\/\/klinikadlamezczyzn.pl\/en\">Home<\/a> <\/li> <li class=\"active\">Page<\/li><\/ol>          <\/div>  \r\n        <\/div>   \r\n      <\/div>  \r\n   <\/div>\r\n<\/div>      \r\n\r\n<\/div>\t\t\t\t<\/div>\n\t\t\t\t<\/div>\n\t\t\t\t\t<\/div>\n\t\t<\/div>\n\t\t\t\t\t<\/div>\n\t\t<\/section>\n\t\t\t\t<section class=\"elementor-section elementor-top-section elementor-element elementor-element-1996dc31 elementor-section-boxed elementor-section-height-default elementor-section-height-default\" data-id=\"1996dc31\" data-element_type=\"section\" data-e-type=\"section\">\n\t\t\t\t\t\t<div class=\"elementor-container elementor-column-gap-no\">\n\t\t\t\t\t<div class=\"elementor-column elementor-col-50 elementor-top-column elementor-element elementor-element-4dfab5db\" data-id=\"4dfab5db\" data-element_type=\"column\" data-e-type=\"column\">\n\t\t\t<div class=\"elementor-widget-wrap elementor-element-populated\">\n\t\t\t\t\t\t<div class=\"elementor-element elementor-element-24f48049 elementor-widget elementor-widget-image\" data-id=\"24f48049\" data-element_type=\"widget\" data-e-type=\"widget\" data-widget_type=\"image.default\">\n\t\t\t\t<div class=\"elementor-widget-container\">\n\t\t\t\t\t\t\t\t\t\t\t\t\t\t\t<picture><source srcset=\"https:\/\/klinikadlamezczyzn.pl\/wp-content\/webp-express\/webp-images\/uploads\/2020\/12\/vedi-antoniewicz-urolog.jpg.webp 768w, https:\/\/klinikadlamezczyzn.pl\/wp-content\/webp-express\/webp-images\/uploads\/2020\/12\/vedi-antoniewicz-urolog-300x244.jpg.webp 300w\" sizes=\"(max-width: 768px) 100vw, 768px\" type=\"image\/webp\"><img fetchpriority=\"high\" decoding=\"async\" width=\"768\" height=\"624\" src=\"https:\/\/klinikadlamezczyzn.pl\/wp-content\/uploads\/2020\/12\/vedi-antoniewicz-urolog.jpg\" class=\"attachment-full size-full wp-image-2836 webpexpress-processed\" alt=\"\" srcset=\"https:\/\/klinikadlamezczyzn.pl\/wp-content\/uploads\/2020\/12\/vedi-antoniewicz-urolog.jpg 768w, https:\/\/klinikadlamezczyzn.pl\/wp-content\/uploads\/2020\/12\/vedi-antoniewicz-urolog-300x244.jpg 300w\" sizes=\"(max-width: 768px) 100vw, 768px\"><\/picture>\t\t\t\t\t\t\t\t\t\t\t\t\t\t\t<\/div>\n\t\t\t\t<\/div>\n\t\t\t\t\t<\/div>\n\t\t<\/div>\n\t\t\t\t<div class=\"elementor-column elementor-col-50 elementor-top-column elementor-element elementor-element-7258ac84\" data-id=\"7258ac84\" data-element_type=\"column\" data-e-type=\"column\">\n\t\t\t<div class=\"elementor-widget-wrap elementor-element-populated\">\n\t\t\t\t\t\t<div class=\"elementor-element elementor-element-7f13b5 elementor-widget elementor-widget-gva-heading-block\" data-id=\"7f13b5\" data-element_type=\"widget\" data-e-type=\"widget\" data-widget_type=\"gva-heading-block.default\">\n\t\t\t\t<div class=\"elementor-widget-container\">\n\t\t\t\t\t<div class=\"gva-element-gva-heading-block gva-element\">   <div class=\"align-left style-1 widget gsc-heading box-align-left auto-responsive\">\r\n      <div class=\"content-inner\">\r\n         \r\n         \r\n         <div class=\"heading-line\"><span><\/span><span><\/span><\/div>\r\n                     <div class=\"sub-title\">\r\n               <span class=\"tagline\">Urologist<\/span> \r\n            <\/div>\r\n           \r\n         \r\n                     <h2 class=\"title\">\r\n               <span>Artur A. Antoniewicz, MD, PhD,<\/span>\r\n            <\/h2>\r\n                  \r\n         \r\n      <\/div>\r\n   <\/div>\r\n<\/div>\t\t\t\t<\/div>\n\t\t\t\t<\/div>\n\t\t\t\t<div class=\"elementor-element elementor-element-69cc8874 elementor-widget-divider--view-line elementor-widget elementor-widget-divider\" data-id=\"69cc8874\" data-element_type=\"widget\" data-e-type=\"widget\" data-widget_type=\"divider.default\">\n\t\t\t\t<div class=\"elementor-widget-container\">\n\t\t\t\t\t\t\t<div class=\"elementor-divider\">\n\t\t\t<span class=\"elementor-divider-separator\">\n\t\t\t\t\t\t<\/span>\n\t\t<\/div>\n\t\t\t\t\t\t<\/div>\n\t\t\t\t<\/div>\n\t\t\t\t<div class=\"elementor-element elementor-element-5dbafbab elementor-widget elementor-widget-text-editor\" data-id=\"5dbafbab\" data-element_type=\"widget\" data-e-type=\"widget\" data-widget_type=\"text-editor.default\">\n\t\t\t\t<div class=\"elementor-widget-container\">\n\t\t\t\t\t\t\t\t\t<p style=\"text-align:justify;\"><b>Artur A. Antoniewicz, MD, PhD,\u00a0<\/b>jest ekspertem w dziedzinie urologii z ponad dwudziestoletnim do\u015bwiadczeniem zawodowym.\u00a0 Od 2010 r. jest Ordynatorem Oddzia\u0142u Urologicznego w Mi\u0119dzyleskim Szpitalu Specjalistycznym w Warszawie, z kt\u00f3rym jest zwi\u0105zany od ponad 20 lat. Do 2017 roku by\u0142 przewodnicz\u0105cym Komitetu Egzaminacyjnego European Board of Urology (EBU) z siedzib\u0105 w Holandii<\/p>\n\n<p style=\"text-align:justify;\">Dr Artur A. Antoniewicz uko\u0144czy\u0142 studia medyczne na I Wydziale Lekarskim Akademii Medycznej w Warszawie. Poza specjalizacj\u0105 II stopnia z urologii, w 1992 roku uzyska\u0142 specjalizacj\u0119 z chirurgii og\u00f3lnej. Swoje bogate do\u015bwiadczenie zawodowe zdobywa\u0142 z najlepszych o\u015brodkach medycznych w kraju i za granic\u0105. By\u0142 zwi\u0105zany mi\u0119dzy innymi: z Pa\u0144stwowym Szpitalem Klinicznym nr 1 w Warszawie, Klinik\u0105 Urologii Akademii Medycznej w Warszawie, Szpitalem Kolejowym w Warszawie. Doktor odby\u0142 r\u00f3wnie\u017c szereg sta\u017cy oraz szkole\u0144 w wiod\u0105cych o\u015brodkach urologicznych, m.in. w Niemczech, Francji, S\u0142owenii czy we W\u0142oszech.<\/p>\n\n<p style=\"text-align:justify;\">W 1999 roku dr hab. n. med.\u00a0Artur A. Antoniewicz uzyska\u0142 presti\u017cowy tytu\u0142\u00a0<em>Fellow of the European Board of Urology (FEBU).<\/em>\u00a0(FEBU). Od 2000 roku jest cz\u0142onkiem Komitetu Naukowego PTU. Doktor jest aktywnym cz\u0142onkiem:\u00a0<em>Polskiego Towarzystwa Urologicznego, European Board of Urology, Europejskiego Towarzystwa Urologicznego, Societe Internationale d\u2019Urologie.<\/em><\/p>\n\n<p style=\"text-align:justify;\">Dr hab. n. med.\u00a0Artur A. Antoniewicz jest autorem licznych prac naukowym. M\u00f3wi biegle w j\u0119zyku angielskim i niemieckim.<\/p>\t\t\t\t\t\t\t\t<\/div>\n\t\t\t\t<\/div>\n\t\t\t\t<div class=\"elementor-element elementor-element-340ce81 elementor-widget-divider--view-line elementor-widget elementor-widget-divider\" data-id=\"340ce81\" data-element_type=\"widget\" data-e-type=\"widget\" data-widget_type=\"divider.default\">\n\t\t\t\t<div class=\"elementor-widget-container\">\n\t\t\t\t\t\t\t<div class=\"elementor-divider\">\n\t\t\t<span class=\"elementor-divider-separator\">\n\t\t\t\t\t\t<\/span>\n\t\t<\/div>\n\t\t\t\t\t\t<\/div>\n\t\t\t\t<\/div>\n\t\t\t\t<div class=\"elementor-element elementor-element-7c8b83e6 elementor-icon-list--layout-traditional elementor-list-item-link-full_width elementor-widget elementor-widget-icon-list\" data-id=\"7c8b83e6\" data-element_type=\"widget\" data-e-type=\"widget\" data-widget_type=\"icon-list.default\">\n\t\t\t\t<div class=\"elementor-widget-container\">\n\t\t\t\t\t\t\t<ul class=\"elementor-icon-list-items\">\n\t\t\t\t\t\t\t<li class=\"elementor-icon-list-item\">\n\t\t\t\t\t\t\t\t\t\t\t<span class=\"elementor-icon-list-icon\">\n\t\t\t\t\t\t\t<i aria-hidden=\"true\" class=\"las la-map-marker\"><\/i>\t\t\t\t\t\t<\/span>\n\t\t\t\t\t\t\t\t\t\t<span class=\"elementor-icon-list-text\"><strong>Address: <\/strong>AMEDS Medical Centre, VEDI CLINIC, Bracka 11\/13, Warsaw<\/span>\n\t\t\t\t\t\t\t\t\t<\/li>\n\t\t\t\t\t\t<\/ul>\n\t\t\t\t\t\t<\/div>\n\t\t\t\t<\/div>\n\t\t\t\t\t<\/div>\n\t\t<\/div>\n\t\t\t\t\t<\/div>\n\t\t<\/section>\n\t\t\t\t<section class=\"elementor-section elementor-top-section elementor-element elementor-element-73a7f6e8 elementor-section-boxed elementor-section-height-default elementor-section-height-default\" data-id=\"73a7f6e8\" data-element_type=\"section\" data-e-type=\"section\" data-settings=\"{&quot;background_background&quot;:&quot;classic&quot;}\">\n\t\t\t\t\t\t\t<div class=\"elementor-background-overlay\"><\/div>\n\t\t\t\t\t\t\t<div class=\"elementor-container elementor-column-gap-default\">\n\t\t\t\t\t<div class=\"elementor-column elementor-col-50 elementor-top-column elementor-element elementor-element-7225e938\" data-id=\"7225e938\" data-element_type=\"column\" data-e-type=\"column\">\n\t\t\t<div class=\"elementor-widget-wrap elementor-element-populated\">\n\t\t\t\t\t\t<div class=\"elementor-element elementor-element-5f506852 elementor-widget elementor-widget-gva-heading-block\" data-id=\"5f506852\" data-element_type=\"widget\" data-e-type=\"widget\" data-widget_type=\"gva-heading-block.default\">\n\t\t\t\t<div class=\"elementor-widget-container\">\n\t\t\t\t\t<div class=\"gva-element-gva-heading-block gva-element\">   <div class=\"align-left style-1 widget gsc-heading box-align-left auto-responsive\">\r\n      <div class=\"content-inner\">\r\n         \r\n         \r\n         \r\n           \r\n         \r\n                     <h2 class=\"title\">\r\n               <span>Do you need a specialist?\nAre you suffering from a similar problem?<\/span>\r\n            <\/h2>\r\n                  \r\n         \r\n      <\/div>\r\n   <\/div>\r\n<\/div>\t\t\t\t<\/div>\n\t\t\t\t<\/div>\n\t\t\t\t\t<\/div>\n\t\t<\/div>\n\t\t\t\t<div class=\"elementor-column elementor-col-50 elementor-top-column elementor-element elementor-element-24d14eac\" data-id=\"24d14eac\" data-element_type=\"column\" data-e-type=\"column\">\n\t\t\t<div class=\"elementor-widget-wrap elementor-element-populated\">\n\t\t\t\t\t\t<div class=\"elementor-element elementor-element-10cd16ce elementor-widget__width-auto elementor-widget elementor-widget-html\" data-id=\"10cd16ce\" data-element_type=\"widget\" data-e-type=\"widget\" data-widget_type=\"html.default\">\n\t\t\t\t<div class=\"elementor-widget-container\">\n\t\t\t\t\t<a class=\"btn-white\" href=\"\/en\/contact\/\">\n    Make an appointment\n<\/a>\t\t\t\t<\/div>\n\t\t\t\t<\/div>\n\t\t\t\t\t<\/div>\n\t\t<\/div>\n\t\t\t\t\t<\/div>\n\t\t<\/section>\n\t\t\t\t<\/div>","protected":false},"excerpt":{"rendered":"<p>Dr hab. n. med. Artur Antoniewicz, Urolog Home Strona Urolog Dr hab. n. med. Artur A. Antoniewicz Dr hab. n. med. Artur A. Antoniewicz\u00a0jest ekspertem w dziedzinie urologii z ponad dwudziestoletnim do\u015bwiadczeniem zawodowym.\u00a0 Od 2010 r. jest Ordynatorem Oddzia\u0142u Urologicznego w Mi\u0119dzyleskim Szpitalu Specjalistycznym w Warszawie, z kt\u00f3rym jest zwi\u0105zany od ponad 20 lat. Do [&hellip;]<\/p>\n","protected":false},"author":12,"featured_media":2836,"parent":14,"menu_order":0,"comment_status":"closed","ping_status":"closed","template":"","meta":{"footnotes":""},"class_list":["post-2830","page","type-page","status-publish","has-post-thumbnail","hentry"],"yoast_head":"<!-- This site is optimized with the Yoast SEO plugin v27.0 - https:\/\/yoast.com\/product\/yoast-seo-wordpress\/ -->\n<title>Dr hab. n. med. Artur Antoniewicz, Urolog - Klinika dla m\u0119\u017cczyzn Warszawa<\/title>\n<meta name=\"robots\" content=\"index, follow, max-snippet:-1, max-image-preview:large, max-video-preview:-1\" \/>\n<link rel=\"canonical\" href=\"https:\/\/klinikadlamezczyzn.pl\/en\/our-specialists\/dr-hab-n-med-artur-antoniewicz\/\" \/>\n<meta property=\"og:locale\" content=\"en_GB\" \/>\n<meta property=\"og:type\" content=\"article\" \/>\n<meta property=\"og:title\" content=\"Dr hab. n. med. Artur Antoniewicz, Urolog - Klinika dla m\u0119\u017cczyzn Warszawa\" \/>\n<meta property=\"og:description\" content=\"Dr hab. n. med. Artur Antoniewicz, Urolog Home Strona Urolog Dr hab. n. med. Artur A. Antoniewicz Dr hab. n. med. Artur A. Antoniewicz\u00a0jest ekspertem w dziedzinie urologii z ponad dwudziestoletnim do\u015bwiadczeniem zawodowym.\u00a0 Od 2010 r. jest Ordynatorem Oddzia\u0142u Urologicznego w Mi\u0119dzyleskim Szpitalu Specjalistycznym w Warszawie, z kt\u00f3rym jest zwi\u0105zany od ponad 20 lat. Do [&hellip;]\" \/>\n<meta property=\"og:url\" content=\"https:\/\/klinikadlamezczyzn.pl\/en\/our-specialists\/dr-hab-n-med-artur-antoniewicz\/\" \/>\n<meta property=\"og:site_name\" content=\"Klinika dla m\u0119\u017cczyzn Warszawa\" \/>\n<meta property=\"article:publisher\" content=\"https:\/\/www.facebook.com\/vediclinic\" \/>\n<meta property=\"article:modified_time\" content=\"2022-05-13T11:33:07+00:00\" \/>\n<meta property=\"og:image\" content=\"https:\/\/klinikadlamezczyzn.pl\/wp-content\/uploads\/2020\/12\/vedi-antoniewicz-urolog.jpg\" \/>\n\t<meta property=\"og:image:width\" content=\"768\" \/>\n\t<meta property=\"og:image:height\" content=\"624\" \/>\n\t<meta property=\"og:image:type\" content=\"image\/jpeg\" \/>\n<meta name=\"twitter:card\" content=\"summary_large_image\" \/>\n<meta name=\"twitter:label1\" content=\"Estimated reading time\" \/>\n\t<meta name=\"twitter:data1\" content=\"2 minutes\" \/>\n<script type=\"application\/ld+json\" class=\"yoast-schema-graph\">{\"@context\":\"https:\/\/schema.org\",\"@graph\":[{\"@type\":\"WebPage\",\"@id\":\"https:\/\/klinikadlamezczyzn.pl\/nasi-specjalisci\/dr-hab-n-med-artur-antoniewicz\/\",\"url\":\"https:\/\/klinikadlamezczyzn.pl\/nasi-specjalisci\/dr-hab-n-med-artur-antoniewicz\/\",\"name\":\"Dr hab. n. med. Artur Antoniewicz, Urolog - Klinika dla m\u0119\u017cczyzn Warszawa\",\"isPartOf\":{\"@id\":\"https:\/\/klinikadlamezczyzn.pl\/#website\"},\"primaryImageOfPage\":{\"@id\":\"https:\/\/klinikadlamezczyzn.pl\/nasi-specjalisci\/dr-hab-n-med-artur-antoniewicz\/#primaryimage\"},\"image\":{\"@id\":\"https:\/\/klinikadlamezczyzn.pl\/nasi-specjalisci\/dr-hab-n-med-artur-antoniewicz\/#primaryimage\"},\"thumbnailUrl\":\"https:\/\/klinikadlamezczyzn.pl\/wp-content\/uploads\/2020\/12\/vedi-antoniewicz-urolog.jpg\",\"datePublished\":\"2020-12-29T09:30:00+00:00\",\"dateModified\":\"2022-05-13T11:33:07+00:00\",\"breadcrumb\":{\"@id\":\"https:\/\/klinikadlamezczyzn.pl\/nasi-specjalisci\/dr-hab-n-med-artur-antoniewicz\/#breadcrumb\"},\"inLanguage\":\"en-GB\",\"potentialAction\":[{\"@type\":\"ReadAction\",\"target\":[\"https:\/\/klinikadlamezczyzn.pl\/nasi-specjalisci\/dr-hab-n-med-artur-antoniewicz\/\"]}]},{\"@type\":\"ImageObject\",\"inLanguage\":\"en-GB\",\"@id\":\"https:\/\/klinikadlamezczyzn.pl\/nasi-specjalisci\/dr-hab-n-med-artur-antoniewicz\/#primaryimage\",\"url\":\"https:\/\/klinikadlamezczyzn.pl\/wp-content\/uploads\/2020\/12\/vedi-antoniewicz-urolog.jpg\",\"contentUrl\":\"https:\/\/klinikadlamezczyzn.pl\/wp-content\/uploads\/2020\/12\/vedi-antoniewicz-urolog.jpg\",\"width\":768,\"height\":624},{\"@type\":\"BreadcrumbList\",\"@id\":\"https:\/\/klinikadlamezczyzn.pl\/nasi-specjalisci\/dr-hab-n-med-artur-antoniewicz\/#breadcrumb\",\"itemListElement\":[{\"@type\":\"ListItem\",\"position\":1,\"name\":\"Nasi specjali\u015bci\",\"item\":\"https:\/\/klinikadlamezczyzn.pl\/nasi-specjalisci\/\"},{\"@type\":\"ListItem\",\"position\":2,\"name\":\"Dr hab. n. med. Artur Antoniewicz, Urolog\"}]},{\"@type\":\"WebSite\",\"@id\":\"https:\/\/klinikadlamezczyzn.pl\/#website\",\"url\":\"https:\/\/klinikadlamezczyzn.pl\/\",\"name\":\"Klinika dla m\u0119\u017cczyzn Warszawa\",\"description\":\"\",\"publisher\":{\"@id\":\"https:\/\/klinikadlamezczyzn.pl\/#organization\"},\"potentialAction\":[{\"@type\":\"SearchAction\",\"target\":{\"@type\":\"EntryPoint\",\"urlTemplate\":\"https:\/\/klinikadlamezczyzn.pl\/?s={search_term_string}\"},\"query-input\":{\"@type\":\"PropertyValueSpecification\",\"valueRequired\":true,\"valueName\":\"search_term_string\"}}],\"inLanguage\":\"en-GB\"},{\"@type\":\"Organization\",\"@id\":\"https:\/\/klinikadlamezczyzn.pl\/#organization\",\"name\":\"VEDI Clinic\",\"url\":\"https:\/\/klinikadlamezczyzn.pl\/\",\"logo\":{\"@type\":\"ImageObject\",\"inLanguage\":\"en-GB\",\"@id\":\"https:\/\/klinikadlamezczyzn.pl\/#\/schema\/logo\/image\/\",\"url\":\"https:\/\/klinikadlamezczyzn.pl\/wp-content\/uploads\/2021\/10\/VEDI-logo-dark.png\",\"contentUrl\":\"https:\/\/klinikadlamezczyzn.pl\/wp-content\/uploads\/2021\/10\/VEDI-logo-dark.png\",\"width\":120,\"height\":56,\"caption\":\"VEDI Clinic\"},\"image\":{\"@id\":\"https:\/\/klinikadlamezczyzn.pl\/#\/schema\/logo\/image\/\"},\"sameAs\":[\"https:\/\/www.facebook.com\/vediclinic\"]}]}<\/script>\n<!-- \/ Yoast SEO plugin. -->","yoast_head_json":{"title":"Dr hab. n. med. Artur Antoniewicz, Urolog - Klinika dla m\u0119\u017cczyzn Warszawa","robots":{"index":"index","follow":"follow","max-snippet":"max-snippet:-1","max-image-preview":"max-image-preview:large","max-video-preview":"max-video-preview:-1"},"canonical":"https:\/\/klinikadlamezczyzn.pl\/en\/our-specialists\/dr-hab-n-med-artur-antoniewicz\/","og_locale":"en_GB","og_type":"article","og_title":"Dr hab. n. med. Artur Antoniewicz, Urolog - Klinika dla m\u0119\u017cczyzn Warszawa","og_description":"Dr hab. n. med. Artur Antoniewicz, Urolog Home Strona Urolog Dr hab. n. med. Artur A. Antoniewicz Dr hab. n. med. Artur A. Antoniewicz\u00a0jest ekspertem w dziedzinie urologii z ponad dwudziestoletnim do\u015bwiadczeniem zawodowym.\u00a0 Od 2010 r. jest Ordynatorem Oddzia\u0142u Urologicznego w Mi\u0119dzyleskim Szpitalu Specjalistycznym w Warszawie, z kt\u00f3rym jest zwi\u0105zany od ponad 20 lat. Do [&hellip;]","og_url":"https:\/\/klinikadlamezczyzn.pl\/en\/our-specialists\/dr-hab-n-med-artur-antoniewicz\/","og_site_name":"Klinika dla m\u0119\u017cczyzn Warszawa","article_publisher":"https:\/\/www.facebook.com\/vediclinic","article_modified_time":"2022-05-13T11:33:07+00:00","og_image":[{"width":768,"height":624,"url":"https:\/\/klinikadlamezczyzn.pl\/wp-content\/uploads\/2020\/12\/vedi-antoniewicz-urolog.jpg","type":"image\/jpeg"}],"twitter_card":"summary_large_image","twitter_misc":{"Estimated reading time":"2 minutes"},"schema":{"@context":"https:\/\/schema.org","@graph":[{"@type":"WebPage","@id":"https:\/\/klinikadlamezczyzn.pl\/nasi-specjalisci\/dr-hab-n-med-artur-antoniewicz\/","url":"https:\/\/klinikadlamezczyzn.pl\/nasi-specjalisci\/dr-hab-n-med-artur-antoniewicz\/","name":"Dr hab. n. med. Artur Antoniewicz, Urolog - Klinika dla m\u0119\u017cczyzn Warszawa","isPartOf":{"@id":"https:\/\/klinikadlamezczyzn.pl\/#website"},"primaryImageOfPage":{"@id":"https:\/\/klinikadlamezczyzn.pl\/nasi-specjalisci\/dr-hab-n-med-artur-antoniewicz\/#primaryimage"},"image":{"@id":"https:\/\/klinikadlamezczyzn.pl\/nasi-specjalisci\/dr-hab-n-med-artur-antoniewicz\/#primaryimage"},"thumbnailUrl":"https:\/\/klinikadlamezczyzn.pl\/wp-content\/uploads\/2020\/12\/vedi-antoniewicz-urolog.jpg","datePublished":"2020-12-29T09:30:00+00:00","dateModified":"2022-05-13T11:33:07+00:00","breadcrumb":{"@id":"https:\/\/klinikadlamezczyzn.pl\/nasi-specjalisci\/dr-hab-n-med-artur-antoniewicz\/#breadcrumb"},"inLanguage":"en-GB","potentialAction":[{"@type":"ReadAction","target":["https:\/\/klinikadlamezczyzn.pl\/nasi-specjalisci\/dr-hab-n-med-artur-antoniewicz\/"]}]},{"@type":"ImageObject","inLanguage":"en-GB","@id":"https:\/\/klinikadlamezczyzn.pl\/nasi-specjalisci\/dr-hab-n-med-artur-antoniewicz\/#primaryimage","url":"https:\/\/klinikadlamezczyzn.pl\/wp-content\/uploads\/2020\/12\/vedi-antoniewicz-urolog.jpg","contentUrl":"https:\/\/klinikadlamezczyzn.pl\/wp-content\/uploads\/2020\/12\/vedi-antoniewicz-urolog.jpg","width":768,"height":624},{"@type":"BreadcrumbList","@id":"https:\/\/klinikadlamezczyzn.pl\/nasi-specjalisci\/dr-hab-n-med-artur-antoniewicz\/#breadcrumb","itemListElement":[{"@type":"ListItem","position":1,"name":"Nasi specjali\u015bci","item":"https:\/\/klinikadlamezczyzn.pl\/nasi-specjalisci\/"},{"@type":"ListItem","position":2,"name":"Dr hab. n. med. Artur Antoniewicz, Urolog"}]},{"@type":"WebSite","@id":"https:\/\/klinikadlamezczyzn.pl\/#website","url":"https:\/\/klinikadlamezczyzn.pl\/","name":"Men's clinic Warsaw","description":"","publisher":{"@id":"https:\/\/klinikadlamezczyzn.pl\/#organization"},"potentialAction":[{"@type":"SearchAction","target":{"@type":"EntryPoint","urlTemplate":"https:\/\/klinikadlamezczyzn.pl\/?s={search_term_string}"},"query-input":{"@type":"PropertyValueSpecification","valueRequired":true,"valueName":"search_term_string"}}],"inLanguage":"en-GB"},{"@type":"Organization","@id":"https:\/\/klinikadlamezczyzn.pl\/#organization","name":"VEDI Clinic","url":"https:\/\/klinikadlamezczyzn.pl\/","logo":{"@type":"ImageObject","inLanguage":"en-GB","@id":"https:\/\/klinikadlamezczyzn.pl\/#\/schema\/logo\/image\/","url":"https:\/\/klinikadlamezczyzn.pl\/wp-content\/uploads\/2021\/10\/VEDI-logo-dark.png","contentUrl":"https:\/\/klinikadlamezczyzn.pl\/wp-content\/uploads\/2021\/10\/VEDI-logo-dark.png","width":120,"height":56,"caption":"VEDI Clinic"},"image":{"@id":"https:\/\/klinikadlamezczyzn.pl\/#\/schema\/logo\/image\/"},"sameAs":["https:\/\/www.facebook.com\/vediclinic"]}]}},"_links":{"self":[{"href":"https:\/\/klinikadlamezczyzn.pl\/en\/wp-json\/wp\/v2\/pages\/2830","targetHints":{"allow":["GET"]}}],"collection":[{"href":"https:\/\/klinikadlamezczyzn.pl\/en\/wp-json\/wp\/v2\/pages"}],"about":[{"href":"https:\/\/klinikadlamezczyzn.pl\/en\/wp-json\/wp\/v2\/types\/page"}],"author":[{"embeddable":true,"href":"https:\/\/klinikadlamezczyzn.pl\/en\/wp-json\/wp\/v2\/users\/12"}],"replies":[{"embeddable":true,"href":"https:\/\/klinikadlamezczyzn.pl\/en\/wp-json\/wp\/v2\/comments?post=2830"}],"version-history":[{"count":0,"href":"https:\/\/klinikadlamezczyzn.pl\/en\/wp-json\/wp\/v2\/pages\/2830\/revisions"}],"up":[{"embeddable":true,"href":"https:\/\/klinikadlamezczyzn.pl\/en\/wp-json\/wp\/v2\/pages\/14"}],"wp:featuredmedia":[{"embeddable":true,"href":"https:\/\/klinikadlamezczyzn.pl\/en\/wp-json\/wp\/v2\/media\/2836"}],"wp:attachment":[{"href":"https:\/\/klinikadlamezczyzn.pl\/en\/wp-json\/wp\/v2\/media?parent=2830"}],"curies":[{"name":"WP","href":"https:\/\/api.w.org\/{rel}","templated":true}]}}