{"id":1559,"date":"2016-04-20T15:52:40","date_gmt":"2016-04-20T13:52:40","guid":{"rendered":"https:\/\/klinikadlamezczyzn.pl\/?page_id=1559"},"modified":"2022-05-12T17:10:45","modified_gmt":"2022-05-12T15:10:45","slug":"raport-vedi-clinic-zaburzenia-erekcji-w-polsce","status":"publish","type":"page","link":"https:\/\/klinikadlamezczyzn.pl\/en\/impotencja-zaburzenia-erekcji\/raport-vedi-clinic-zaburzenia-erekcji-w-polsce\/","title":{"rendered":"VEDI CLINIC report erectile dysfunction in Poland"},"content":{"rendered":"<p style=\"text-align: justify;\">We are pleased to present you with an infographic based on the <strong>the VEDI CLINIC report<\/strong> on erectile dysfunction in Poland. The infographic was prepared based on data obtained in a group of 351 patients aged 18 to 80 who underwent comprehensive diagnostics at the VEDI CLINIC Men's Clinic in 2011-2015 and Q1 2016. The infographic was created based on the results of detailed laboratory and imaging tests, specialist consultations, as well as IIEF5, NEO-FFI and Beck Depression Scale questionnaires.<\/p>\n<p style=\"text-align: justify;\">The data presented in this infographic show that the problem of sexual dysfunctions among Polish men should not be underestimated, and the presented data indicate a growing need to educate Polish men about the prevention, diagnosis and treatment of sexual dysfunctions.<\/p>\n<p style=\"text-align: justify;\"><a name=\"_ftn1\" href=\"#_ftnref1\"><\/a><\/p>\n<h3 style=\"text-align: center;\"><strong>We encourage you to read the full report. The full VEDI CLINIC report can be read by clicking on the infographic below.<\/strong><\/h3>\n<p style=\"text-align: center;\"><a href=\"https:\/\/klinikadlamezczyzn.pl\/wp-content\/uploads\/2016\/04\/RAPORT-ZABURZENIA-EREKCJI-W-POLSCE.pdf\"><picture><source srcset=\"https:\/\/klinikadlamezczyzn.pl\/wp-content\/webp-express\/webp-images\/uploads\/2016\/04\/RAPORT-VEDI-CLINIC-ZABURZENIA-EREKCJI-W-POLSCE.jpg.webp 995w, https:\/\/klinikadlamezczyzn.pl\/wp-content\/webp-express\/webp-images\/uploads\/2016\/04\/RAPORT-VEDI-CLINIC-ZABURZENIA-EREKCJI-W-POLSCE-212x300.jpg.webp 212w, https:\/\/klinikadlamezczyzn.pl\/wp-content\/webp-express\/webp-images\/uploads\/2016\/04\/RAPORT-VEDI-CLINIC-ZABURZENIA-EREKCJI-W-POLSCE-724x1024.jpg.webp 724w\" sizes=\"(max-width: 601px) 100vw, 601px\" type=\"image\/webp\"><img fetchpriority=\"high\" decoding=\"async\" class=\"aligncenter wp-image-1581 webpexpress-processed\" src=\"https:\/\/klinikadlamezczyzn.pl\/wp-content\/uploads\/2016\/04\/RAPORT-VEDI-CLINIC-ZABURZENIA-EREKCJI-W-POLSCE.jpg\" alt=\"RAPORT-VEDI-CLINIC-ZABURZENIA-EREKCJI-W-POLSCE\" width=\"601\" height=\"850\" srcset=\"https:\/\/klinikadlamezczyzn.pl\/wp-content\/uploads\/2016\/04\/RAPORT-VEDI-CLINIC-ZABURZENIA-EREKCJI-W-POLSCE.jpg 995w, https:\/\/klinikadlamezczyzn.pl\/wp-content\/uploads\/2016\/04\/RAPORT-VEDI-CLINIC-ZABURZENIA-EREKCJI-W-POLSCE-212x300.jpg 212w, https:\/\/klinikadlamezczyzn.pl\/wp-content\/uploads\/2016\/04\/RAPORT-VEDI-CLINIC-ZABURZENIA-EREKCJI-W-POLSCE-724x1024.jpg 724w\" sizes=\"(max-width: 601px) 100vw, 601px\"><\/picture><\/a><\/p>\n<p>&nbsp;<\/p>","protected":false},"excerpt":{"rendered":"<p>Z przyjemno\u015bci\u0105 prezentujemy Pa\u0144stwu infografik\u0119 stworzon\u0105 w oparciu o raport VEDI CLINIC dotycz\u0105cy zaburze\u0144 erekcji w Polsce. Infografika\u00a0zosta\u0142a przygotowana na podstawie danych uzyskanych w grupie 351 pacjent\u00f3w w wieku od 18 do 80 lat poddanych kompleksowej diagnostyce w Klinice dla M\u0119\u017cczyzn VEDI CLINIC w latach 2011 \u2013 2015 oraz I kw. 2016. Infografik\u0119\u00a0stworzono w oparciu [&hellip;]<\/p>\n","protected":false},"author":12,"featured_media":0,"parent":178,"menu_order":24,"comment_status":"closed","ping_status":"closed","template":"","meta":{"footnotes":""},"class_list":["post-1559","page","type-page","status-publish","hentry"],"yoast_head":"<!-- This site is optimized with the Yoast SEO plugin v27.0 - https:\/\/yoast.com\/product\/yoast-seo-wordpress\/ -->\n<title>Raport VEDI CLINIC - Zaburzenia erekcji w Polsce<\/title>\n<meta name=\"description\" content=\"Raport VEDI CLINIC dotycz\u0105cy zaburze\u0144 erekcji w Polsce powsta\u0142 w oparciu o dane uzyskane w grupie 351 m\u0119\u017cczyzn w wieku od 18 do 80 lat.\" \/>\n<meta name=\"robots\" content=\"index, follow, max-snippet:-1, max-image-preview:large, max-video-preview:-1\" \/>\n<link rel=\"canonical\" href=\"https:\/\/klinikadlamezczyzn.pl\/en\/impotence-erectile-dysfunction\/raport-vedi-clinic-zaburzenia-erekcji-w-polsce\/\" \/>\n<meta property=\"og:locale\" content=\"en_GB\" \/>\n<meta property=\"og:type\" content=\"article\" \/>\n<meta property=\"og:title\" content=\"Raport VEDI CLINIC - Zaburzenia erekcji w Polsce\" \/>\n<meta property=\"og:description\" content=\"Raport VEDI CLINIC dotycz\u0105cy zaburze\u0144 erekcji w Polsce powsta\u0142 w oparciu o dane uzyskane w grupie 351 m\u0119\u017cczyzn w wieku od 18 do 80 lat.\" \/>\n<meta property=\"og:url\" content=\"https:\/\/klinikadlamezczyzn.pl\/en\/impotence-erectile-dysfunction\/raport-vedi-clinic-zaburzenia-erekcji-w-polsce\/\" \/>\n<meta property=\"og:site_name\" content=\"Klinika dla m\u0119\u017cczyzn Warszawa\" \/>\n<meta property=\"article:publisher\" content=\"https:\/\/www.facebook.com\/vediclinic\" \/>\n<meta property=\"article:modified_time\" content=\"2022-05-12T15:10:45+00:00\" \/>\n<meta property=\"og:image\" content=\"https:\/\/klinikadlamezczyzn.pl\/wp-content\/uploads\/2016\/04\/RAPORT-VEDI-CLINIC-ZABURZENIA-EREKCJI-W-POLSCE.jpg\" \/>\n<meta name=\"twitter:card\" content=\"summary_large_image\" \/>\n<meta name=\"twitter:label1\" content=\"Estimated reading time\" \/>\n\t<meta name=\"twitter:data1\" content=\"1 minute\" \/>\n<script type=\"application\/ld+json\" class=\"yoast-schema-graph\">{\"@context\":\"https:\/\/schema.org\",\"@graph\":[{\"@type\":\"WebPage\",\"@id\":\"https:\/\/klinikadlamezczyzn.pl\/impotencja-zaburzenia-erekcji\/raport-vedi-clinic-zaburzenia-erekcji-w-polsce\/\",\"url\":\"https:\/\/klinikadlamezczyzn.pl\/impotencja-zaburzenia-erekcji\/raport-vedi-clinic-zaburzenia-erekcji-w-polsce\/\",\"name\":\"Raport VEDI CLINIC - Zaburzenia erekcji w Polsce\",\"isPartOf\":{\"@id\":\"https:\/\/klinikadlamezczyzn.pl\/#website\"},\"primaryImageOfPage\":{\"@id\":\"https:\/\/klinikadlamezczyzn.pl\/impotencja-zaburzenia-erekcji\/raport-vedi-clinic-zaburzenia-erekcji-w-polsce\/#primaryimage\"},\"image\":{\"@id\":\"https:\/\/klinikadlamezczyzn.pl\/impotencja-zaburzenia-erekcji\/raport-vedi-clinic-zaburzenia-erekcji-w-polsce\/#primaryimage\"},\"thumbnailUrl\":\"https:\/\/klinikadlamezczyzn.pl\/wp-content\/uploads\/2016\/04\/RAPORT-VEDI-CLINIC-ZABURZENIA-EREKCJI-W-POLSCE.jpg\",\"datePublished\":\"2016-04-20T13:52:40+00:00\",\"dateModified\":\"2022-05-12T15:10:45+00:00\",\"description\":\"Raport VEDI CLINIC dotycz\u0105cy zaburze\u0144 erekcji w Polsce powsta\u0142 w oparciu o dane uzyskane w grupie 351 m\u0119\u017cczyzn w wieku od 18 do 80 lat.\",\"breadcrumb\":{\"@id\":\"https:\/\/klinikadlamezczyzn.pl\/impotencja-zaburzenia-erekcji\/raport-vedi-clinic-zaburzenia-erekcji-w-polsce\/#breadcrumb\"},\"inLanguage\":\"en-GB\",\"potentialAction\":[{\"@type\":\"ReadAction\",\"target\":[\"https:\/\/klinikadlamezczyzn.pl\/impotencja-zaburzenia-erekcji\/raport-vedi-clinic-zaburzenia-erekcji-w-polsce\/\"]}]},{\"@type\":\"ImageObject\",\"inLanguage\":\"en-GB\",\"@id\":\"https:\/\/klinikadlamezczyzn.pl\/impotencja-zaburzenia-erekcji\/raport-vedi-clinic-zaburzenia-erekcji-w-polsce\/#primaryimage\",\"url\":\"https:\/\/klinikadlamezczyzn.pl\/wp-content\/uploads\/2016\/04\/RAPORT-VEDI-CLINIC-ZABURZENIA-EREKCJI-W-POLSCE.jpg\",\"contentUrl\":\"https:\/\/klinikadlamezczyzn.pl\/wp-content\/uploads\/2016\/04\/RAPORT-VEDI-CLINIC-ZABURZENIA-EREKCJI-W-POLSCE.jpg\"},{\"@type\":\"BreadcrumbList\",\"@id\":\"https:\/\/klinikadlamezczyzn.pl\/impotencja-zaburzenia-erekcji\/raport-vedi-clinic-zaburzenia-erekcji-w-polsce\/#breadcrumb\",\"itemListElement\":[{\"@type\":\"ListItem\",\"position\":1,\"name\":\"Impotencja\",\"item\":\"https:\/\/klinikadlamezczyzn.pl\/impotencja-zaburzenia-erekcji\/\"},{\"@type\":\"ListItem\",\"position\":2,\"name\":\"Raport VEDI CLINIC zaburzenia erekcji w Polsce\"}]},{\"@type\":\"WebSite\",\"@id\":\"https:\/\/klinikadlamezczyzn.pl\/#website\",\"url\":\"https:\/\/klinikadlamezczyzn.pl\/\",\"name\":\"Klinika dla m\u0119\u017cczyzn Warszawa\",\"description\":\"\",\"publisher\":{\"@id\":\"https:\/\/klinikadlamezczyzn.pl\/#organization\"},\"potentialAction\":[{\"@type\":\"SearchAction\",\"target\":{\"@type\":\"EntryPoint\",\"urlTemplate\":\"https:\/\/klinikadlamezczyzn.pl\/?s={search_term_string}\"},\"query-input\":{\"@type\":\"PropertyValueSpecification\",\"valueRequired\":true,\"valueName\":\"search_term_string\"}}],\"inLanguage\":\"en-GB\"},{\"@type\":\"Organization\",\"@id\":\"https:\/\/klinikadlamezczyzn.pl\/#organization\",\"name\":\"VEDI Clinic\",\"url\":\"https:\/\/klinikadlamezczyzn.pl\/\",\"logo\":{\"@type\":\"ImageObject\",\"inLanguage\":\"en-GB\",\"@id\":\"https:\/\/klinikadlamezczyzn.pl\/#\/schema\/logo\/image\/\",\"url\":\"https:\/\/klinikadlamezczyzn.pl\/wp-content\/uploads\/2021\/10\/VEDI-logo-dark.png\",\"contentUrl\":\"https:\/\/klinikadlamezczyzn.pl\/wp-content\/uploads\/2021\/10\/VEDI-logo-dark.png\",\"width\":120,\"height\":56,\"caption\":\"VEDI Clinic\"},\"image\":{\"@id\":\"https:\/\/klinikadlamezczyzn.pl\/#\/schema\/logo\/image\/\"},\"sameAs\":[\"https:\/\/www.facebook.com\/vediclinic\"]}]}<\/script>\n<!-- \/ Yoast SEO plugin. -->","yoast_head_json":{"title":"Raport VEDI CLINIC - Zaburzenia erekcji w Polsce","description":"Raport VEDI CLINIC dotycz\u0105cy zaburze\u0144 erekcji w Polsce powsta\u0142 w oparciu o dane uzyskane w grupie 351 m\u0119\u017cczyzn w wieku od 18 do 80 lat.","robots":{"index":"index","follow":"follow","max-snippet":"max-snippet:-1","max-image-preview":"max-image-preview:large","max-video-preview":"max-video-preview:-1"},"canonical":"https:\/\/klinikadlamezczyzn.pl\/en\/impotence-erectile-dysfunction\/raport-vedi-clinic-zaburzenia-erekcji-w-polsce\/","og_locale":"en_GB","og_type":"article","og_title":"Raport VEDI CLINIC - Zaburzenia erekcji w Polsce","og_description":"Raport VEDI CLINIC dotycz\u0105cy zaburze\u0144 erekcji w Polsce powsta\u0142 w oparciu o dane uzyskane w grupie 351 m\u0119\u017cczyzn w wieku od 18 do 80 lat.","og_url":"https:\/\/klinikadlamezczyzn.pl\/en\/impotence-erectile-dysfunction\/raport-vedi-clinic-zaburzenia-erekcji-w-polsce\/","og_site_name":"Klinika dla m\u0119\u017cczyzn Warszawa","article_publisher":"https:\/\/www.facebook.com\/vediclinic","article_modified_time":"2022-05-12T15:10:45+00:00","og_image":[{"url":"https:\/\/klinikadlamezczyzn.pl\/wp-content\/uploads\/2016\/04\/RAPORT-VEDI-CLINIC-ZABURZENIA-EREKCJI-W-POLSCE.jpg","type":"","width":"","height":""}],"twitter_card":"summary_large_image","twitter_misc":{"Estimated reading time":"1 minute"},"schema":{"@context":"https:\/\/schema.org","@graph":[{"@type":"WebPage","@id":"https:\/\/klinikadlamezczyzn.pl\/impotencja-zaburzenia-erekcji\/raport-vedi-clinic-zaburzenia-erekcji-w-polsce\/","url":"https:\/\/klinikadlamezczyzn.pl\/impotencja-zaburzenia-erekcji\/raport-vedi-clinic-zaburzenia-erekcji-w-polsce\/","name":"Raport VEDI CLINIC - Zaburzenia erekcji w Polsce","isPartOf":{"@id":"https:\/\/klinikadlamezczyzn.pl\/#website"},"primaryImageOfPage":{"@id":"https:\/\/klinikadlamezczyzn.pl\/impotencja-zaburzenia-erekcji\/raport-vedi-clinic-zaburzenia-erekcji-w-polsce\/#primaryimage"},"image":{"@id":"https:\/\/klinikadlamezczyzn.pl\/impotencja-zaburzenia-erekcji\/raport-vedi-clinic-zaburzenia-erekcji-w-polsce\/#primaryimage"},"thumbnailUrl":"https:\/\/klinikadlamezczyzn.pl\/wp-content\/uploads\/2016\/04\/RAPORT-VEDI-CLINIC-ZABURZENIA-EREKCJI-W-POLSCE.jpg","datePublished":"2016-04-20T13:52:40+00:00","dateModified":"2022-05-12T15:10:45+00:00","description":"Raport VEDI CLINIC dotycz\u0105cy zaburze\u0144 erekcji w Polsce powsta\u0142 w oparciu o dane uzyskane w grupie 351 m\u0119\u017cczyzn w wieku od 18 do 80 lat.","breadcrumb":{"@id":"https:\/\/klinikadlamezczyzn.pl\/impotencja-zaburzenia-erekcji\/raport-vedi-clinic-zaburzenia-erekcji-w-polsce\/#breadcrumb"},"inLanguage":"en-GB","potentialAction":[{"@type":"ReadAction","target":["https:\/\/klinikadlamezczyzn.pl\/impotencja-zaburzenia-erekcji\/raport-vedi-clinic-zaburzenia-erekcji-w-polsce\/"]}]},{"@type":"ImageObject","inLanguage":"en-GB","@id":"https:\/\/klinikadlamezczyzn.pl\/impotencja-zaburzenia-erekcji\/raport-vedi-clinic-zaburzenia-erekcji-w-polsce\/#primaryimage","url":"https:\/\/klinikadlamezczyzn.pl\/wp-content\/uploads\/2016\/04\/RAPORT-VEDI-CLINIC-ZABURZENIA-EREKCJI-W-POLSCE.jpg","contentUrl":"https:\/\/klinikadlamezczyzn.pl\/wp-content\/uploads\/2016\/04\/RAPORT-VEDI-CLINIC-ZABURZENIA-EREKCJI-W-POLSCE.jpg"},{"@type":"BreadcrumbList","@id":"https:\/\/klinikadlamezczyzn.pl\/impotencja-zaburzenia-erekcji\/raport-vedi-clinic-zaburzenia-erekcji-w-polsce\/#breadcrumb","itemListElement":[{"@type":"ListItem","position":1,"name":"Impotencja","item":"https:\/\/klinikadlamezczyzn.pl\/impotencja-zaburzenia-erekcji\/"},{"@type":"ListItem","position":2,"name":"Raport VEDI CLINIC zaburzenia erekcji w Polsce"}]},{"@type":"WebSite","@id":"https:\/\/klinikadlamezczyzn.pl\/#website","url":"https:\/\/klinikadlamezczyzn.pl\/","name":"Men's clinic Warsaw","description":"","publisher":{"@id":"https:\/\/klinikadlamezczyzn.pl\/#organization"},"potentialAction":[{"@type":"SearchAction","target":{"@type":"EntryPoint","urlTemplate":"https:\/\/klinikadlamezczyzn.pl\/?s={search_term_string}"},"query-input":{"@type":"PropertyValueSpecification","valueRequired":true,"valueName":"search_term_string"}}],"inLanguage":"en-GB"},{"@type":"Organization","@id":"https:\/\/klinikadlamezczyzn.pl\/#organization","name":"VEDI Clinic","url":"https:\/\/klinikadlamezczyzn.pl\/","logo":{"@type":"ImageObject","inLanguage":"en-GB","@id":"https:\/\/klinikadlamezczyzn.pl\/#\/schema\/logo\/image\/","url":"https:\/\/klinikadlamezczyzn.pl\/wp-content\/uploads\/2021\/10\/VEDI-logo-dark.png","contentUrl":"https:\/\/klinikadlamezczyzn.pl\/wp-content\/uploads\/2021\/10\/VEDI-logo-dark.png","width":120,"height":56,"caption":"VEDI Clinic"},"image":{"@id":"https:\/\/klinikadlamezczyzn.pl\/#\/schema\/logo\/image\/"},"sameAs":["https:\/\/www.facebook.com\/vediclinic"]}]}},"_links":{"self":[{"href":"https:\/\/klinikadlamezczyzn.pl\/en\/wp-json\/wp\/v2\/pages\/1559","targetHints":{"allow":["GET"]}}],"collection":[{"href":"https:\/\/klinikadlamezczyzn.pl\/en\/wp-json\/wp\/v2\/pages"}],"about":[{"href":"https:\/\/klinikadlamezczyzn.pl\/en\/wp-json\/wp\/v2\/types\/page"}],"author":[{"embeddable":true,"href":"https:\/\/klinikadlamezczyzn.pl\/en\/wp-json\/wp\/v2\/users\/12"}],"replies":[{"embeddable":true,"href":"https:\/\/klinikadlamezczyzn.pl\/en\/wp-json\/wp\/v2\/comments?post=1559"}],"version-history":[{"count":0,"href":"https:\/\/klinikadlamezczyzn.pl\/en\/wp-json\/wp\/v2\/pages\/1559\/revisions"}],"up":[{"embeddable":true,"href":"https:\/\/klinikadlamezczyzn.pl\/en\/wp-json\/wp\/v2\/pages\/178"}],"wp:attachment":[{"href":"https:\/\/klinikadlamezczyzn.pl\/en\/wp-json\/wp\/v2\/media?parent=1559"}],"curies":[{"name":"WP","href":"https:\/\/api.w.org\/{rel}","templated":true}]}}