{"id":145,"date":"2015-04-23T12:58:37","date_gmt":"2015-04-23T10:58:37","guid":{"rendered":"https:\/\/klinikadlamezczyzn.pl\/?page_id=145"},"modified":"2024-08-12T13:42:51","modified_gmt":"2024-08-12T11:42:51","slug":"cardiologist-maciej-zarebinski-2","status":"publish","type":"page","link":"https:\/\/klinikadlamezczyzn.pl\/en\/nasi-specjalisci\/kardiolog-maciej-zarebinski\/","title":{"rendered":"Dr Maciej Zar\u0119bi\u0144ski, Cardiologist"},"content":{"rendered":"<div data-elementor-type=\"wp-page\" data-elementor-id=\"145\" class=\"elementor elementor-145\">\n\t\t\t\t\t\t<section class=\"elementor-section elementor-top-section elementor-element elementor-element-726ae8d elementor-section-boxed elementor-section-height-default elementor-section-height-default\" data-id=\"726ae8d\" data-element_type=\"section\" data-e-type=\"section\" data-settings=\"{&quot;background_background&quot;:&quot;classic&quot;}\">\n\t\t\t\t\t\t<div class=\"elementor-container elementor-column-gap-default\">\n\t\t\t\t\t<div class=\"elementor-column elementor-col-100 elementor-top-column elementor-element elementor-element-564aff6\" data-id=\"564aff6\" data-element_type=\"column\" data-e-type=\"column\">\n\t\t\t<div class=\"elementor-widget-wrap elementor-element-populated\">\n\t\t\t\t\t\t<div class=\"elementor-element elementor-element-5e86b8f elementor-widget elementor-widget-heading\" data-id=\"5e86b8f\" data-element_type=\"widget\" data-e-type=\"widget\" data-widget_type=\"heading.default\">\n\t\t\t\t<div class=\"elementor-widget-container\">\n\t\t\t\t\t<h1 class=\"elementor-heading-title elementor-size-default\">Maciej Zar\u0119bi\u0144ski, MD, PhD<\/h1>\t\t\t\t<\/div>\n\t\t\t\t<\/div>\n\t\t\t\t\t<\/div>\n\t\t<\/div>\n\t\t\t\t\t<\/div>\n\t\t<\/section>\n\t\t\t\t<section class=\"elementor-section elementor-top-section elementor-element elementor-element-167cd6c1 elementor-section-boxed elementor-section-height-default elementor-section-height-default\" data-id=\"167cd6c1\" data-element_type=\"section\" data-e-type=\"section\">\n\t\t\t\t\t\t<div class=\"elementor-container elementor-column-gap-no\">\n\t\t\t\t\t<div class=\"elementor-column elementor-col-50 elementor-top-column elementor-element elementor-element-5284bbda\" data-id=\"5284bbda\" data-element_type=\"column\" data-e-type=\"column\">\n\t\t\t<div class=\"elementor-widget-wrap elementor-element-populated\">\n\t\t\t\t\t\t<div class=\"elementor-element elementor-element-316295a2 elementor-widget elementor-widget-image\" data-id=\"316295a2\" data-element_type=\"widget\" data-e-type=\"widget\" data-widget_type=\"image.default\">\n\t\t\t\t<div class=\"elementor-widget-container\">\n\t\t\t\t\t\t\t\t\t\t\t\t\t\t\t<picture><source srcset=\"https:\/\/klinikadlamezczyzn.pl\/wp-content\/webp-express\/webp-images\/uploads\/2023\/10\/Dr-Zarebinski.jpg.webp 853w, https:\/\/klinikadlamezczyzn.pl\/wp-content\/webp-express\/webp-images\/uploads\/2023\/10\/Dr-Zarebinski-682x1024.jpg.webp 682w, https:\/\/klinikadlamezczyzn.pl\/wp-content\/webp-express\/webp-images\/uploads\/2023\/10\/Dr-Zarebinski-768x1152.jpg.webp 768w\" sizes=\"(max-width: 853px) 100vw, 853px\" type=\"image\/webp\"><img fetchpriority=\"high\" decoding=\"async\" width=\"853\" height=\"1280\" src=\"https:\/\/klinikadlamezczyzn.pl\/wp-content\/uploads\/2023\/10\/Dr-Zarebinski.jpg\" class=\"attachment-full size-full wp-image-9788 webpexpress-processed\" alt=\"\" srcset=\"https:\/\/klinikadlamezczyzn.pl\/wp-content\/uploads\/2023\/10\/Dr-Zarebinski.jpg 853w, https:\/\/klinikadlamezczyzn.pl\/wp-content\/uploads\/2023\/10\/Dr-Zarebinski-682x1024.jpg 682w, https:\/\/klinikadlamezczyzn.pl\/wp-content\/uploads\/2023\/10\/Dr-Zarebinski-768x1152.jpg 768w\" sizes=\"(max-width: 853px) 100vw, 853px\"><\/picture>\t\t\t\t\t\t\t\t\t\t\t\t\t\t\t<\/div>\n\t\t\t\t<\/div>\n\t\t\t\t\t<\/div>\n\t\t<\/div>\n\t\t\t\t<div class=\"elementor-column elementor-col-50 elementor-top-column elementor-element elementor-element-6fb0320e\" data-id=\"6fb0320e\" data-element_type=\"column\" data-e-type=\"column\">\n\t\t\t<div class=\"elementor-widget-wrap elementor-element-populated\">\n\t\t\t\t\t\t<div class=\"elementor-element elementor-element-3fedf4dd elementor-widget elementor-widget-gva-heading-block\" data-id=\"3fedf4dd\" data-element_type=\"widget\" data-e-type=\"widget\" data-widget_type=\"gva-heading-block.default\">\n\t\t\t\t<div class=\"elementor-widget-container\">\n\t\t\t\t\t<div class=\"gva-element-gva-heading-block gva-element\">   <div class=\"align-left style-1 widget gsc-heading box-align-left auto-responsive\">\r\n      <div class=\"content-inner\">\r\n         \r\n         \r\n         <div class=\"heading-line\"><span><\/span><span><\/span><\/div>\r\n                     <div class=\"sub-title\">\r\n               <span class=\"tagline\">cardiologist<\/span> \r\n            <\/div>\r\n           \r\n         \r\n                     <h2 class=\"title\">\r\n               <span>Maciej Zar\u0119bi\u0144ski, MD, PhD<\/span>\r\n            <\/h2>\r\n                  \r\n         \r\n      <\/div>\r\n   <\/div>\r\n<\/div>\t\t\t\t<\/div>\n\t\t\t\t<\/div>\n\t\t\t\t<div class=\"elementor-element elementor-element-72c45b5c elementor-widget-divider--view-line elementor-widget elementor-widget-divider\" data-id=\"72c45b5c\" data-element_type=\"widget\" data-e-type=\"widget\" data-widget_type=\"divider.default\">\n\t\t\t\t<div class=\"elementor-widget-container\">\n\t\t\t\t\t\t\t<div class=\"elementor-divider\">\n\t\t\t<span class=\"elementor-divider-separator\">\n\t\t\t\t\t\t<\/span>\n\t\t<\/div>\n\t\t\t\t\t\t<\/div>\n\t\t\t\t<\/div>\n\t\t\t\t<div class=\"elementor-element elementor-element-508b3d77 elementor-widget elementor-widget-text-editor\" data-id=\"508b3d77\" data-element_type=\"widget\" data-e-type=\"widget\" data-widget_type=\"text-editor.default\">\n\t\t\t\t<div class=\"elementor-widget-container\">\n\t\t\t\t\t\t\t\t\t<p style=\"text-align: justify;\">Internist and cardiologist, <strong>\u00a0Maciej Zar\u0119bi\u0144ski, MD, PhD<\/strong> is one of the pillars of the VEDI CLINIC medical team.  He is a graduate of the Warsaw Medical University. He obtained his specialisation in internal medicine in 1994 and 1997 respectively, has been a specialist cardiologist since 1999 and received his MD in 2005. He gained experience in interventional cardiology while working at the Cardiology Clinic of the Central Clinical Hospital of the Military Medical Academy in Warsaw at Szaser\u00f3w Street and at the Cardiology Clinic of the Warsaw Medical University at Banacha Street. He also worked at the Military Medical Institute in Warsaw and at the 'Allenort' Cardiology Centre, where he was a Consultant in Invasive Cardiology. <strong>Cardiologist, Maciej Zar\u0119bi\u0144ski, MD, PhD<\/strong> participates in many national and international conferences. He has authored and co-authored more than 30 publications and conference presentations. He takes an active part in ongoing clinical research. He graduated from universities in Libya and Malta and is fluent in English and French. He is an interventional cardiologist and an independent operator in diagnostic and therapeutic coronary interventions.  He currently holds the position of Chief of the Cardiac Diagnostic Unit of the Specialist Western Hospital in Grodzisk Mazowiecki.<\/p>\t\t\t\t\t\t\t\t<\/div>\n\t\t\t\t<\/div>\n\t\t\t\t<div class=\"elementor-element elementor-element-61516ea7 elementor-widget-divider--view-line elementor-widget elementor-widget-divider\" data-id=\"61516ea7\" data-element_type=\"widget\" data-e-type=\"widget\" data-widget_type=\"divider.default\">\n\t\t\t\t<div class=\"elementor-widget-container\">\n\t\t\t\t\t\t\t<div class=\"elementor-divider\">\n\t\t\t<span class=\"elementor-divider-separator\">\n\t\t\t\t\t\t<\/span>\n\t\t<\/div>\n\t\t\t\t\t\t<\/div>\n\t\t\t\t<\/div>\n\t\t\t\t<div class=\"elementor-element elementor-element-7e256855 elementor-icon-list--layout-traditional elementor-list-item-link-full_width elementor-widget elementor-widget-icon-list\" data-id=\"7e256855\" data-element_type=\"widget\" data-e-type=\"widget\" data-widget_type=\"icon-list.default\">\n\t\t\t\t<div class=\"elementor-widget-container\">\n\t\t\t\t\t\t\t<ul class=\"elementor-icon-list-items\">\n\t\t\t\t\t\t\t<li class=\"elementor-icon-list-item\">\n\t\t\t\t\t\t\t\t\t\t\t<span class=\"elementor-icon-list-icon\">\n\t\t\t\t\t\t\t<i aria-hidden=\"true\" class=\"las la-map-marker\"><\/i>\t\t\t\t\t\t<\/span>\n\t\t\t\t\t\t\t\t\t\t<span class=\"elementor-icon-list-text\"><strong>Address: <\/strong>AMEDS Medical Centre, VEDI CLINIC, Bracka 11\/13, Warsaw<\/span>\n\t\t\t\t\t\t\t\t\t<\/li>\n\t\t\t\t\t\t<\/ul>\n\t\t\t\t\t\t<\/div>\n\t\t\t\t<\/div>\n\t\t\t\t\t<\/div>\n\t\t<\/div>\n\t\t\t\t\t<\/div>\n\t\t<\/section>\n\t\t\t\t<section class=\"elementor-section elementor-top-section elementor-element elementor-element-565c9eeb elementor-section-boxed elementor-section-height-default elementor-section-height-default\" data-id=\"565c9eeb\" data-element_type=\"section\" data-e-type=\"section\">\n\t\t\t\t\t\t<div class=\"elementor-container elementor-column-gap-no\">\n\t\t\t\t\t<div class=\"elementor-column elementor-col-50 elementor-top-column elementor-element elementor-element-23d74b6\" data-id=\"23d74b6\" data-element_type=\"column\" data-e-type=\"column\">\n\t\t\t<div class=\"elementor-widget-wrap elementor-element-populated\">\n\t\t\t\t\t\t<div class=\"elementor-element elementor-element-aec5fc1 elementor-hidden-mobile elementor-widget elementor-widget-image\" data-id=\"aec5fc1\" data-element_type=\"widget\" data-e-type=\"widget\" data-widget_type=\"image.default\">\n\t\t\t\t<div class=\"elementor-widget-container\">\n\t\t\t\t\t\t\t\t\t\t\t\t\t\t\t<img decoding=\"async\" width=\"303\" height=\"370\" src=\"https:\/\/klinikadlamezczyzn.pl\/wp-content\/uploads\/2022\/04\/VEDI-sygnet_small.svg\" class=\"attachment-large size-large wp-image-3777\" alt=\"\" \/>\t\t\t\t\t\t\t\t\t\t\t\t\t\t\t<\/div>\n\t\t\t\t<\/div>\n\t\t\t\t\t<\/div>\n\t\t<\/div>\n\t\t\t\t<div class=\"elementor-column elementor-col-50 elementor-top-column elementor-element elementor-element-41a4e239\" data-id=\"41a4e239\" data-element_type=\"column\" data-e-type=\"column\">\n\t\t\t<div class=\"elementor-widget-wrap elementor-element-populated\">\n\t\t\t\t\t\t<div class=\"elementor-element elementor-element-1c7c04 elementor-widget elementor-widget-text-editor\" data-id=\"1c7c04\" data-element_type=\"widget\" data-e-type=\"widget\" data-widget_type=\"text-editor.default\">\n\t\t\t\t<div class=\"elementor-widget-container\">\n\t\t\t\t\t\t\t\t\t<h2>Internist and cardiologist, MACIEJ ZAR\u0118BI\u0143SKI, MD, PhD - areas of expertise:<\/h2><ul><li>conservative treatment of cardiovascular diseases: hypertension, coronary artery disease, heart defects and others.<\/li><li>endovascular procedures<\/li><\/ul><p>\u00a0<\/p>\t\t\t\t\t\t\t\t<\/div>\n\t\t\t\t<\/div>\n\t\t\t\t\t<\/div>\n\t\t<\/div>\n\t\t\t\t\t<\/div>\n\t\t<\/section>\n\t\t\t\t<section class=\"elementor-section elementor-top-section elementor-element elementor-element-640ff6fa elementor-section-boxed elementor-section-height-default elementor-section-height-default\" data-id=\"640ff6fa\" data-element_type=\"section\" data-e-type=\"section\" data-settings=\"{&quot;background_background&quot;:&quot;classic&quot;}\">\n\t\t\t\t\t\t\t<div class=\"elementor-background-overlay\"><\/div>\n\t\t\t\t\t\t\t<div class=\"elementor-container elementor-column-gap-default\">\n\t\t\t\t\t<div class=\"elementor-column elementor-col-50 elementor-top-column elementor-element elementor-element-2644b492\" data-id=\"2644b492\" data-element_type=\"column\" data-e-type=\"column\">\n\t\t\t<div class=\"elementor-widget-wrap elementor-element-populated\">\n\t\t\t\t\t\t<div class=\"elementor-element elementor-element-22388a33 elementor-widget elementor-widget-gva-heading-block\" data-id=\"22388a33\" data-element_type=\"widget\" data-e-type=\"widget\" data-widget_type=\"gva-heading-block.default\">\n\t\t\t\t<div class=\"elementor-widget-container\">\n\t\t\t\t\t<div class=\"gva-element-gva-heading-block gva-element\">   <div class=\"align-left style-1 widget gsc-heading box-align-left auto-responsive\">\r\n      <div class=\"content-inner\">\r\n         \r\n         \r\n         \r\n           \r\n         \r\n                     <h2 class=\"title\">\r\n               <span>Do you need a specialist?\nAre you suffering from a similar problem?<\/span>\r\n            <\/h2>\r\n                  \r\n         \r\n      <\/div>\r\n   <\/div>\r\n<\/div>\t\t\t\t<\/div>\n\t\t\t\t<\/div>\n\t\t\t\t\t<\/div>\n\t\t<\/div>\n\t\t\t\t<div class=\"elementor-column elementor-col-50 elementor-top-column elementor-element elementor-element-3ad98765\" data-id=\"3ad98765\" data-element_type=\"column\" data-e-type=\"column\">\n\t\t\t<div class=\"elementor-widget-wrap elementor-element-populated\">\n\t\t\t\t\t\t<div class=\"elementor-element elementor-element-1c71b9af elementor-widget__width-auto elementor-widget elementor-widget-html\" data-id=\"1c71b9af\" data-element_type=\"widget\" data-e-type=\"widget\" data-widget_type=\"html.default\">\n\t\t\t\t<div class=\"elementor-widget-container\">\n\t\t\t\t\t<a class=\"btn-white\" href=\"https:\/\/aplikacja.medyc.pl\/AmedsPortal\">\n    Make an appointment\n<\/a>\t\t\t\t<\/div>\n\t\t\t\t<\/div>\n\t\t\t\t\t<\/div>\n\t\t<\/div>\n\t\t\t\t\t<\/div>\n\t\t<\/section>\n\t\t\t\t<\/div>","protected":false},"excerpt":{"rendered":"<p>Dr n. med. Maciej Zar\u0119bi\u0144ski\u200b kardiolog Dr n. med. Maciej Zar\u0119bi\u0144ski Internista i kardiolog, dr n. med. \u00a0Maciej Zar\u0119bi\u0144ski to jeden z filar\u00f3w zespo\u0142u medycznego VEDI CLINIC.\u00a0 Jest absolwentem Warszawskiego Uniwersytetu Medycznego. Specjalizacje w dziedzinie chor\u00f3b wewn\u0119trznych uzyska\u0142 odpowiednio w 1994 i 1997 roku, od 1999 roku jest specjalist\u0105 kardiologiem, a w 2005 roku otrzyma\u0142 [&hellip;]<\/p>\n","protected":false},"author":12,"featured_media":2550,"parent":14,"menu_order":6,"comment_status":"closed","ping_status":"closed","template":"","meta":{"footnotes":""},"class_list":["post-145","page","type-page","status-publish","has-post-thumbnail","hentry"],"yoast_head":"<!-- This site is optimized with the Yoast SEO plugin v27.0 - https:\/\/yoast.com\/product\/yoast-seo-wordpress\/ -->\n<title>Kardiolog dr n. med. Maciej Zar\u0119bi\u0144ski - VEDI CLINIC<\/title>\n<meta name=\"description\" content=\"Dr n. med. kardiolog Maciej Zar\u0119bi\u0144ski. VEDI CLINIC - kompleksowa diagnostyka i leczenie m\u0119skich problem\u00f3w z potencj\u0105.\" \/>\n<meta name=\"robots\" content=\"index, follow, max-snippet:-1, max-image-preview:large, max-video-preview:-1\" \/>\n<link rel=\"canonical\" href=\"https:\/\/klinikadlamezczyzn.pl\/en\/our-specialists\/cardiologist-maciej-zarebinski-2\/\" \/>\n<meta property=\"og:locale\" content=\"en_GB\" \/>\n<meta property=\"og:type\" content=\"article\" \/>\n<meta property=\"og:title\" content=\"Kardiolog dr n. med. Maciej Zar\u0119bi\u0144ski - VEDI CLINIC\" \/>\n<meta property=\"og:description\" content=\"Dr n. med. kardiolog Maciej Zar\u0119bi\u0144ski. VEDI CLINIC - kompleksowa diagnostyka i leczenie m\u0119skich problem\u00f3w z potencj\u0105.\" \/>\n<meta property=\"og:url\" content=\"https:\/\/klinikadlamezczyzn.pl\/en\/our-specialists\/cardiologist-maciej-zarebinski-2\/\" \/>\n<meta property=\"og:site_name\" content=\"Klinika dla m\u0119\u017cczyzn Warszawa\" \/>\n<meta property=\"article:publisher\" content=\"https:\/\/www.facebook.com\/vediclinic\" \/>\n<meta property=\"article:modified_time\" content=\"2024-08-12T11:42:51+00:00\" \/>\n<meta property=\"og:image\" content=\"https:\/\/klinikadlamezczyzn.pl\/wp-content\/uploads\/2018\/08\/kardiolog-dr-n.-med.-Maciej-Zarebinski.jpg\" \/>\n\t<meta property=\"og:image:width\" content=\"776\" \/>\n\t<meta property=\"og:image:height\" content=\"630\" \/>\n\t<meta property=\"og:image:type\" content=\"image\/jpeg\" \/>\n<meta name=\"twitter:card\" content=\"summary_large_image\" \/>\n<meta name=\"twitter:label1\" content=\"Estimated reading time\" \/>\n\t<meta name=\"twitter:data1\" content=\"2 minutes\" \/>\n<script type=\"application\/ld+json\" class=\"yoast-schema-graph\">{\"@context\":\"https:\/\/schema.org\",\"@graph\":[{\"@type\":\"WebPage\",\"@id\":\"https:\/\/klinikadlamezczyzn.pl\/nasi-specjalisci\/kardiolog-maciej-zarebinski\/\",\"url\":\"https:\/\/klinikadlamezczyzn.pl\/nasi-specjalisci\/kardiolog-maciej-zarebinski\/\",\"name\":\"Kardiolog dr n. med. Maciej Zar\u0119bi\u0144ski - VEDI CLINIC\",\"isPartOf\":{\"@id\":\"https:\/\/klinikadlamezczyzn.pl\/#website\"},\"primaryImageOfPage\":{\"@id\":\"https:\/\/klinikadlamezczyzn.pl\/nasi-specjalisci\/kardiolog-maciej-zarebinski\/#primaryimage\"},\"image\":{\"@id\":\"https:\/\/klinikadlamezczyzn.pl\/nasi-specjalisci\/kardiolog-maciej-zarebinski\/#primaryimage\"},\"thumbnailUrl\":\"https:\/\/klinikadlamezczyzn.pl\/wp-content\/uploads\/2018\/08\/kardiolog-dr-n.-med.-Maciej-Zarebinski.jpg\",\"datePublished\":\"2015-04-23T10:58:37+00:00\",\"dateModified\":\"2024-08-12T11:42:51+00:00\",\"description\":\"Dr n. med. kardiolog Maciej Zar\u0119bi\u0144ski. VEDI CLINIC - kompleksowa diagnostyka i leczenie m\u0119skich problem\u00f3w z potencj\u0105.\",\"breadcrumb\":{\"@id\":\"https:\/\/klinikadlamezczyzn.pl\/nasi-specjalisci\/kardiolog-maciej-zarebinski\/#breadcrumb\"},\"inLanguage\":\"en-GB\",\"potentialAction\":[{\"@type\":\"ReadAction\",\"target\":[\"https:\/\/klinikadlamezczyzn.pl\/nasi-specjalisci\/kardiolog-maciej-zarebinski\/\"]}]},{\"@type\":\"ImageObject\",\"inLanguage\":\"en-GB\",\"@id\":\"https:\/\/klinikadlamezczyzn.pl\/nasi-specjalisci\/kardiolog-maciej-zarebinski\/#primaryimage\",\"url\":\"https:\/\/klinikadlamezczyzn.pl\/wp-content\/uploads\/2018\/08\/kardiolog-dr-n.-med.-Maciej-Zarebinski.jpg\",\"contentUrl\":\"https:\/\/klinikadlamezczyzn.pl\/wp-content\/uploads\/2018\/08\/kardiolog-dr-n.-med.-Maciej-Zarebinski.jpg\",\"width\":776,\"height\":630,\"caption\":\"kardiolog-dr-n.-med.-Maciej-Zarebinski\"},{\"@type\":\"BreadcrumbList\",\"@id\":\"https:\/\/klinikadlamezczyzn.pl\/nasi-specjalisci\/kardiolog-maciej-zarebinski\/#breadcrumb\",\"itemListElement\":[{\"@type\":\"ListItem\",\"position\":1,\"name\":\"Nasi specjali\u015bci\",\"item\":\"https:\/\/klinikadlamezczyzn.pl\/nasi-specjalisci\/\"},{\"@type\":\"ListItem\",\"position\":2,\"name\":\"Dr n. med. Maciej Zar\u0119bi\u0144ski, Kardiolog\"}]},{\"@type\":\"WebSite\",\"@id\":\"https:\/\/klinikadlamezczyzn.pl\/#website\",\"url\":\"https:\/\/klinikadlamezczyzn.pl\/\",\"name\":\"Klinika dla m\u0119\u017cczyzn Warszawa\",\"description\":\"\",\"publisher\":{\"@id\":\"https:\/\/klinikadlamezczyzn.pl\/#organization\"},\"potentialAction\":[{\"@type\":\"SearchAction\",\"target\":{\"@type\":\"EntryPoint\",\"urlTemplate\":\"https:\/\/klinikadlamezczyzn.pl\/?s={search_term_string}\"},\"query-input\":{\"@type\":\"PropertyValueSpecification\",\"valueRequired\":true,\"valueName\":\"search_term_string\"}}],\"inLanguage\":\"en-GB\"},{\"@type\":\"Organization\",\"@id\":\"https:\/\/klinikadlamezczyzn.pl\/#organization\",\"name\":\"VEDI Clinic\",\"url\":\"https:\/\/klinikadlamezczyzn.pl\/\",\"logo\":{\"@type\":\"ImageObject\",\"inLanguage\":\"en-GB\",\"@id\":\"https:\/\/klinikadlamezczyzn.pl\/#\/schema\/logo\/image\/\",\"url\":\"https:\/\/klinikadlamezczyzn.pl\/wp-content\/uploads\/2021\/10\/VEDI-logo-dark.png\",\"contentUrl\":\"https:\/\/klinikadlamezczyzn.pl\/wp-content\/uploads\/2021\/10\/VEDI-logo-dark.png\",\"width\":120,\"height\":56,\"caption\":\"VEDI Clinic\"},\"image\":{\"@id\":\"https:\/\/klinikadlamezczyzn.pl\/#\/schema\/logo\/image\/\"},\"sameAs\":[\"https:\/\/www.facebook.com\/vediclinic\"]}]}<\/script>\n<!-- \/ Yoast SEO plugin. -->","yoast_head_json":{"title":"Cardiologist Dr Maciej Zar\u0119bi\u0144ski, MD - VEDI CLINIC","description":"Dr Maciej Zar\u0119bi\u0144ski, MD, cardiologist. VEDI CLINIC - comprehensive diagnosis and treatment of male potency problems.","robots":{"index":"index","follow":"follow","max-snippet":"max-snippet:-1","max-image-preview":"max-image-preview:large","max-video-preview":"max-video-preview:-1"},"canonical":"https:\/\/klinikadlamezczyzn.pl\/en\/our-specialists\/cardiologist-maciej-zarebinski-2\/","og_locale":"en_GB","og_type":"article","og_title":"Kardiolog dr n. med. Maciej Zar\u0119bi\u0144ski - VEDI CLINIC","og_description":"Dr n. med. kardiolog Maciej Zar\u0119bi\u0144ski. VEDI CLINIC - kompleksowa diagnostyka i leczenie m\u0119skich problem\u00f3w z potencj\u0105.","og_url":"https:\/\/klinikadlamezczyzn.pl\/en\/our-specialists\/cardiologist-maciej-zarebinski-2\/","og_site_name":"Klinika dla m\u0119\u017cczyzn Warszawa","article_publisher":"https:\/\/www.facebook.com\/vediclinic","article_modified_time":"2024-08-12T11:42:51+00:00","og_image":[{"width":776,"height":630,"url":"https:\/\/klinikadlamezczyzn.pl\/wp-content\/uploads\/2018\/08\/kardiolog-dr-n.-med.-Maciej-Zarebinski.jpg","type":"image\/jpeg"}],"twitter_card":"summary_large_image","twitter_misc":{"Estimated reading time":"2 minutes"},"schema":{"@context":"https:\/\/schema.org","@graph":[{"@type":"WebPage","@id":"https:\/\/klinikadlamezczyzn.pl\/nasi-specjalisci\/kardiolog-maciej-zarebinski\/","url":"https:\/\/klinikadlamezczyzn.pl\/nasi-specjalisci\/kardiolog-maciej-zarebinski\/","name":"Cardiologist Dr Maciej Zar\u0119bi\u0144ski, MD - VEDI CLINIC","isPartOf":{"@id":"https:\/\/klinikadlamezczyzn.pl\/#website"},"primaryImageOfPage":{"@id":"https:\/\/klinikadlamezczyzn.pl\/nasi-specjalisci\/kardiolog-maciej-zarebinski\/#primaryimage"},"image":{"@id":"https:\/\/klinikadlamezczyzn.pl\/nasi-specjalisci\/kardiolog-maciej-zarebinski\/#primaryimage"},"thumbnailUrl":"https:\/\/klinikadlamezczyzn.pl\/wp-content\/uploads\/2018\/08\/kardiolog-dr-n.-med.-Maciej-Zarebinski.jpg","datePublished":"2015-04-23T10:58:37+00:00","dateModified":"2024-08-12T11:42:51+00:00","description":"Dr Maciej Zar\u0119bi\u0144ski, MD, cardiologist. VEDI CLINIC - comprehensive diagnosis and treatment of male potency problems.","breadcrumb":{"@id":"https:\/\/klinikadlamezczyzn.pl\/nasi-specjalisci\/kardiolog-maciej-zarebinski\/#breadcrumb"},"inLanguage":"en-GB","potentialAction":[{"@type":"ReadAction","target":["https:\/\/klinikadlamezczyzn.pl\/nasi-specjalisci\/kardiolog-maciej-zarebinski\/"]}]},{"@type":"ImageObject","inLanguage":"en-GB","@id":"https:\/\/klinikadlamezczyzn.pl\/nasi-specjalisci\/kardiolog-maciej-zarebinski\/#primaryimage","url":"https:\/\/klinikadlamezczyzn.pl\/wp-content\/uploads\/2018\/08\/kardiolog-dr-n.-med.-Maciej-Zarebinski.jpg","contentUrl":"https:\/\/klinikadlamezczyzn.pl\/wp-content\/uploads\/2018\/08\/kardiolog-dr-n.-med.-Maciej-Zarebinski.jpg","width":776,"height":630,"caption":"kardiolog-dr-n.-med.-Maciej-Zarebinski"},{"@type":"BreadcrumbList","@id":"https:\/\/klinikadlamezczyzn.pl\/nasi-specjalisci\/kardiolog-maciej-zarebinski\/#breadcrumb","itemListElement":[{"@type":"ListItem","position":1,"name":"Nasi specjali\u015bci","item":"https:\/\/klinikadlamezczyzn.pl\/nasi-specjalisci\/"},{"@type":"ListItem","position":2,"name":"Dr n. med. Maciej Zar\u0119bi\u0144ski, Kardiolog"}]},{"@type":"WebSite","@id":"https:\/\/klinikadlamezczyzn.pl\/#website","url":"https:\/\/klinikadlamezczyzn.pl\/","name":"Men's clinic Warsaw","description":"","publisher":{"@id":"https:\/\/klinikadlamezczyzn.pl\/#organization"},"potentialAction":[{"@type":"SearchAction","target":{"@type":"EntryPoint","urlTemplate":"https:\/\/klinikadlamezczyzn.pl\/?s={search_term_string}"},"query-input":{"@type":"PropertyValueSpecification","valueRequired":true,"valueName":"search_term_string"}}],"inLanguage":"en-GB"},{"@type":"Organization","@id":"https:\/\/klinikadlamezczyzn.pl\/#organization","name":"VEDI Clinic","url":"https:\/\/klinikadlamezczyzn.pl\/","logo":{"@type":"ImageObject","inLanguage":"en-GB","@id":"https:\/\/klinikadlamezczyzn.pl\/#\/schema\/logo\/image\/","url":"https:\/\/klinikadlamezczyzn.pl\/wp-content\/uploads\/2021\/10\/VEDI-logo-dark.png","contentUrl":"https:\/\/klinikadlamezczyzn.pl\/wp-content\/uploads\/2021\/10\/VEDI-logo-dark.png","width":120,"height":56,"caption":"VEDI Clinic"},"image":{"@id":"https:\/\/klinikadlamezczyzn.pl\/#\/schema\/logo\/image\/"},"sameAs":["https:\/\/www.facebook.com\/vediclinic"]}]}},"_links":{"self":[{"href":"https:\/\/klinikadlamezczyzn.pl\/en\/wp-json\/wp\/v2\/pages\/145","targetHints":{"allow":["GET"]}}],"collection":[{"href":"https:\/\/klinikadlamezczyzn.pl\/en\/wp-json\/wp\/v2\/pages"}],"about":[{"href":"https:\/\/klinikadlamezczyzn.pl\/en\/wp-json\/wp\/v2\/types\/page"}],"author":[{"embeddable":true,"href":"https:\/\/klinikadlamezczyzn.pl\/en\/wp-json\/wp\/v2\/users\/12"}],"replies":[{"embeddable":true,"href":"https:\/\/klinikadlamezczyzn.pl\/en\/wp-json\/wp\/v2\/comments?post=145"}],"version-history":[{"count":0,"href":"https:\/\/klinikadlamezczyzn.pl\/en\/wp-json\/wp\/v2\/pages\/145\/revisions"}],"up":[{"embeddable":true,"href":"https:\/\/klinikadlamezczyzn.pl\/en\/wp-json\/wp\/v2\/pages\/14"}],"wp:featuredmedia":[{"embeddable":true,"href":"https:\/\/klinikadlamezczyzn.pl\/en\/wp-json\/wp\/v2\/media\/2550"}],"wp:attachment":[{"href":"https:\/\/klinikadlamezczyzn.pl\/en\/wp-json\/wp\/v2\/media?parent=145"}],"curies":[{"name":"WP","href":"https:\/\/api.w.org\/{rel}","templated":true}]}}