{"id":13107,"date":"2025-07-29T13:34:24","date_gmt":"2025-07-29T11:34:24","guid":{"rendered":"https:\/\/klinikadlamezczyzn.pl\/?page_id=13107"},"modified":"2025-07-29T14:37:21","modified_gmt":"2025-07-29T12:37:21","slug":"urologist-dr-piotr-dzigowski-2","status":"publish","type":"page","link":"https:\/\/klinikadlamezczyzn.pl\/en\/nasi-specjalisci\/dr-ewa-wlazlowska-struzik\/","title":{"rendered":"Ewa Wlaz\u0142owska-Struzik, MD"},"content":{"rendered":"<div data-elementor-type=\"wp-page\" data-elementor-id=\"13107\" class=\"elementor elementor-13107\">\n\t\t\t\t\t\t<section class=\"elementor-section elementor-top-section elementor-element elementor-element-77008ad3 elementor-section-boxed elementor-section-height-default elementor-section-height-default\" data-id=\"77008ad3\" data-element_type=\"section\" data-e-type=\"section\">\n\t\t\t\t\t\t<div class=\"elementor-container elementor-column-gap-default\">\n\t\t\t\t\t<div class=\"elementor-column elementor-col-100 elementor-top-column elementor-element elementor-element-408bccf\" data-id=\"408bccf\" data-element_type=\"column\" data-e-type=\"column\">\n\t\t\t<div class=\"elementor-widget-wrap\">\n\t\t\t\t\t\t\t<\/div>\n\t\t<\/div>\n\t\t\t\t\t<\/div>\n\t\t<\/section>\n\t\t\t\t<section class=\"elementor-section elementor-top-section elementor-element elementor-element-a1dc8f8 elementor-section-boxed elementor-section-height-default elementor-section-height-default\" data-id=\"a1dc8f8\" data-element_type=\"section\" data-e-type=\"section\" data-settings=\"{&quot;background_background&quot;:&quot;classic&quot;}\">\n\t\t\t\t\t\t<div class=\"elementor-container elementor-column-gap-default\">\n\t\t\t\t\t<div class=\"elementor-column elementor-col-100 elementor-top-column elementor-element elementor-element-5498027\" data-id=\"5498027\" data-element_type=\"column\" data-e-type=\"column\">\n\t\t\t<div class=\"elementor-widget-wrap elementor-element-populated\">\n\t\t\t\t\t\t<div class=\"elementor-element elementor-element-230367a elementor-widget elementor-widget-heading\" data-id=\"230367a\" data-element_type=\"widget\" data-e-type=\"widget\" data-widget_type=\"heading.default\">\n\t\t\t\t<div class=\"elementor-widget-container\">\n\t\t\t\t\t<h1 class=\"elementor-heading-title elementor-size-default\">Ewa Wlaz\u0142owska-Struzik, MD<\/h1>\t\t\t\t<\/div>\n\t\t\t\t<\/div>\n\t\t\t\t\t<\/div>\n\t\t<\/div>\n\t\t\t\t\t<\/div>\n\t\t<\/section>\n\t\t\t\t<section class=\"elementor-section elementor-top-section elementor-element elementor-element-6a9aa943 elementor-section-boxed elementor-section-height-default elementor-section-height-default\" data-id=\"6a9aa943\" data-element_type=\"section\" data-e-type=\"section\">\n\t\t\t\t\t\t<div class=\"elementor-container elementor-column-gap-no\">\n\t\t\t\t\t<div class=\"elementor-column elementor-col-50 elementor-top-column elementor-element elementor-element-4a9baf3a\" data-id=\"4a9baf3a\" data-element_type=\"column\" data-e-type=\"column\">\n\t\t\t<div class=\"elementor-widget-wrap elementor-element-populated\">\n\t\t\t\t\t\t<div class=\"elementor-element elementor-element-3a9e150f elementor-widget elementor-widget-image\" data-id=\"3a9e150f\" data-element_type=\"widget\" data-e-type=\"widget\" data-widget_type=\"image.default\">\n\t\t\t\t<div class=\"elementor-widget-container\">\n\t\t\t\t\t\t\t\t\t\t\t\t\t\t\t<picture><source srcset=\"https:\/\/klinikadlamezczyzn.pl\/wp-content\/webp-express\/webp-images\/uploads\/2025\/07\/dr-ewa-wlazlowska-struzik.jpg.webp 851w, https:\/\/klinikadlamezczyzn.pl\/wp-content\/webp-express\/webp-images\/uploads\/2025\/07\/dr-ewa-wlazlowska-struzik-683x1024.jpg.webp 683w, https:\/\/klinikadlamezczyzn.pl\/wp-content\/webp-express\/webp-images\/uploads\/2025\/07\/dr-ewa-wlazlowska-struzik-768x1152.jpg.webp 768w, https:\/\/klinikadlamezczyzn.pl\/wp-content\/webp-express\/webp-images\/uploads\/2025\/07\/dr-ewa-wlazlowska-struzik-8x12.jpg.webp 8w\" sizes=\"(max-width: 851px) 100vw, 851px\" type=\"image\/webp\"><img fetchpriority=\"high\" decoding=\"async\" width=\"851\" height=\"1276\" src=\"https:\/\/klinikadlamezczyzn.pl\/wp-content\/uploads\/2025\/07\/dr-ewa-wlazlowska-struzik.jpg\" class=\"attachment-full size-full wp-image-13109 webpexpress-processed\" alt=\"\" srcset=\"https:\/\/klinikadlamezczyzn.pl\/wp-content\/uploads\/2025\/07\/dr-ewa-wlazlowska-struzik.jpg 851w, https:\/\/klinikadlamezczyzn.pl\/wp-content\/uploads\/2025\/07\/dr-ewa-wlazlowska-struzik-683x1024.jpg 683w, https:\/\/klinikadlamezczyzn.pl\/wp-content\/uploads\/2025\/07\/dr-ewa-wlazlowska-struzik-768x1152.jpg 768w, https:\/\/klinikadlamezczyzn.pl\/wp-content\/uploads\/2025\/07\/dr-ewa-wlazlowska-struzik-8x12.jpg 8w\" sizes=\"(max-width: 851px) 100vw, 851px\"><\/picture>\t\t\t\t\t\t\t\t\t\t\t\t\t\t\t<\/div>\n\t\t\t\t<\/div>\n\t\t\t\t\t<\/div>\n\t\t<\/div>\n\t\t\t\t<div class=\"elementor-column elementor-col-50 elementor-top-column elementor-element elementor-element-35428fff\" data-id=\"35428fff\" data-element_type=\"column\" data-e-type=\"column\">\n\t\t\t<div class=\"elementor-widget-wrap elementor-element-populated\">\n\t\t\t\t\t\t<div class=\"elementor-element elementor-element-5b40dbcd elementor-widget elementor-widget-gva-heading-block\" data-id=\"5b40dbcd\" data-element_type=\"widget\" data-e-type=\"widget\" data-widget_type=\"gva-heading-block.default\">\n\t\t\t\t<div class=\"elementor-widget-container\">\n\t\t\t\t\t<div class=\"gva-element-gva-heading-block gva-element\">   <div class=\"align-left style-1 widget gsc-heading box-align-left auto-responsive\">\r\n      <div class=\"content-inner\">\r\n         \r\n         \r\n         <div class=\"heading-line\"><span><\/span><span><\/span><\/div>\r\n                     <div class=\"sub-title\">\r\n               <span class=\"tagline\">Cardiologist<\/span> \r\n            <\/div>\r\n           \r\n         \r\n                     <h2 class=\"title\">\r\n               <span>Ewa Wlaz\u0142owska-Struzik, MD<\/span>\r\n            <\/h2>\r\n                  \r\n         \r\n      <\/div>\r\n   <\/div>\r\n<\/div>\t\t\t\t<\/div>\n\t\t\t\t<\/div>\n\t\t\t\t<div class=\"elementor-element elementor-element-66239875 elementor-widget-divider--view-line elementor-widget elementor-widget-divider\" data-id=\"66239875\" data-element_type=\"widget\" data-e-type=\"widget\" data-widget_type=\"divider.default\">\n\t\t\t\t<div class=\"elementor-widget-container\">\n\t\t\t\t\t\t\t<div class=\"elementor-divider\">\n\t\t\t<span class=\"elementor-divider-separator\">\n\t\t\t\t\t\t<\/span>\n\t\t<\/div>\n\t\t\t\t\t\t<\/div>\n\t\t\t\t<\/div>\n\t\t\t\t<div class=\"elementor-element elementor-element-657c568a elementor-widget elementor-widget-text-editor\" data-id=\"657c568a\" data-element_type=\"widget\" data-e-type=\"widget\" data-widget_type=\"text-editor.default\">\n\t\t\t\t<div class=\"elementor-widget-container\">\n\t\t\t\t\t\t\t\t\t<p><b>Ewa Wlaz\u0142owska-Struzik, MD<\/b> jest specjalistk\u0105 kardiologii z do\u015bwiadczeniem w elektrofizjologii i nowoczesnych metodach leczenia zaburze\u0144 rytmu serca.<\/p><p>On a daily basis, <b>dr Wlaz\u0142owska-Struzik<\/b> jest zwi\u0105zana z Pracowni\u0105 Elektrofizjologii Kliniki Kardiologii Szpitala Klinicznego Dzieci\u0105tka Jezus w Warszawie, gdzie wykonuje zabiegi implantacji stymulator\u00f3w obejmuj\u0105ce stymulacj\u0119 uk\u0142adu przewodz\u0105cego serca (CSP), przeprowadza zabiegi z wszczepieniem kardiowerter\u00f3w-defibrylator\u00f3w oraz rozwija kompetencje w zakresie zaawansowanych technik ablacji.<\/p><p>The doctor is a graduate of the Military Medical Faculty of the Medical University of Lodz. She gained experience in cardiology centers in Lodz, Zgierz and Grodzisk Mazowiecki. She regularly participates in international scientific conferences to expand her knowledge, and is also a co-author of publications in cardiology journals.<\/p><p>She is committed to combining clinical knowledge with an individual approach to the patient, offering care based on current standards and the latest medical achievements.<\/p>\t\t\t\t\t\t\t\t<\/div>\n\t\t\t\t<\/div>\n\t\t\t\t<div class=\"elementor-element elementor-element-33c40b40 elementor-widget-divider--view-line elementor-widget elementor-widget-divider\" data-id=\"33c40b40\" data-element_type=\"widget\" data-e-type=\"widget\" data-widget_type=\"divider.default\">\n\t\t\t\t<div class=\"elementor-widget-container\">\n\t\t\t\t\t\t\t<div class=\"elementor-divider\">\n\t\t\t<span class=\"elementor-divider-separator\">\n\t\t\t\t\t\t<\/span>\n\t\t<\/div>\n\t\t\t\t\t\t<\/div>\n\t\t\t\t<\/div>\n\t\t\t\t<div class=\"elementor-element elementor-element-132b213d elementor-icon-list--layout-traditional elementor-list-item-link-full_width elementor-widget elementor-widget-icon-list\" data-id=\"132b213d\" data-element_type=\"widget\" data-e-type=\"widget\" data-widget_type=\"icon-list.default\">\n\t\t\t\t<div class=\"elementor-widget-container\">\n\t\t\t\t\t\t\t<ul class=\"elementor-icon-list-items\">\n\t\t\t\t\t\t\t<li class=\"elementor-icon-list-item\">\n\t\t\t\t\t\t\t\t\t\t\t<span class=\"elementor-icon-list-icon\">\n\t\t\t\t\t\t\t<i aria-hidden=\"true\" class=\"las la-map-marker\"><\/i>\t\t\t\t\t\t<\/span>\n\t\t\t\t\t\t\t\t\t\t<span class=\"elementor-icon-list-text\"><strong>Address: <\/strong>AMEDS Medical Centre, VEDI CLINIC, Bracka 11\/13, Warsaw<\/span>\n\t\t\t\t\t\t\t\t\t<\/li>\n\t\t\t\t\t\t<\/ul>\n\t\t\t\t\t\t<\/div>\n\t\t\t\t<\/div>\n\t\t\t\t\t<\/div>\n\t\t<\/div>\n\t\t\t\t\t<\/div>\n\t\t<\/section>\n\t\t\t\t<section class=\"elementor-section elementor-top-section elementor-element elementor-element-3afd3a48 elementor-section-boxed elementor-section-height-default elementor-section-height-default\" data-id=\"3afd3a48\" data-element_type=\"section\" data-e-type=\"section\">\n\t\t\t\t\t\t<div class=\"elementor-container elementor-column-gap-no\">\n\t\t\t\t\t<div class=\"elementor-column elementor-col-50 elementor-top-column elementor-element elementor-element-3c7970dc\" data-id=\"3c7970dc\" data-element_type=\"column\" data-e-type=\"column\">\n\t\t\t<div class=\"elementor-widget-wrap elementor-element-populated\">\n\t\t\t\t\t\t<div class=\"elementor-element elementor-element-87f5cae elementor-hidden-mobile elementor-widget elementor-widget-image\" data-id=\"87f5cae\" data-element_type=\"widget\" data-e-type=\"widget\" data-widget_type=\"image.default\">\n\t\t\t\t<div class=\"elementor-widget-container\">\n\t\t\t\t\t\t\t\t\t\t\t\t\t\t\t<img decoding=\"async\" width=\"303\" height=\"370\" src=\"https:\/\/klinikadlamezczyzn.pl\/wp-content\/uploads\/2022\/04\/VEDI-sygnet_small.svg\" class=\"attachment-large size-large wp-image-3777\" alt=\"\" \/>\t\t\t\t\t\t\t\t\t\t\t\t\t\t\t<\/div>\n\t\t\t\t<\/div>\n\t\t\t\t\t<\/div>\n\t\t<\/div>\n\t\t\t\t<div class=\"elementor-column elementor-col-50 elementor-top-column elementor-element elementor-element-2bbb98ec\" data-id=\"2bbb98ec\" data-element_type=\"column\" data-e-type=\"column\">\n\t\t\t<div class=\"elementor-widget-wrap elementor-element-populated\">\n\t\t\t\t\t\t<div class=\"elementor-element elementor-element-26c89faf elementor-widget elementor-widget-text-editor\" data-id=\"26c89faf\" data-element_type=\"widget\" data-e-type=\"widget\" data-widget_type=\"text-editor.default\">\n\t\t\t\t<div class=\"elementor-widget-container\">\n\t\t\t\t\t\t\t\t\t<p><b>Cardiologist, EWA WLAZ\u0141OWSKA-STRUZIK MD \u2013 areas of specialization:<\/b><\/p><ul><li>cardiology<\/li><li>doctor undergoing training in electrophysiology<\/li><\/ul>\t\t\t\t\t\t\t\t<\/div>\n\t\t\t\t<\/div>\n\t\t\t\t\t<\/div>\n\t\t<\/div>\n\t\t\t\t\t<\/div>\n\t\t<\/section>\n\t\t\t\t<section class=\"elementor-section elementor-top-section elementor-element elementor-element-1f18e7d5 elementor-section-boxed elementor-section-height-default elementor-section-height-default\" data-id=\"1f18e7d5\" data-element_type=\"section\" data-e-type=\"section\" data-settings=\"{&quot;background_background&quot;:&quot;classic&quot;}\">\n\t\t\t\t\t\t\t<div class=\"elementor-background-overlay\"><\/div>\n\t\t\t\t\t\t\t<div class=\"elementor-container elementor-column-gap-default\">\n\t\t\t\t\t<div class=\"elementor-column elementor-col-50 elementor-top-column elementor-element elementor-element-4e94361c\" data-id=\"4e94361c\" data-element_type=\"column\" data-e-type=\"column\">\n\t\t\t<div class=\"elementor-widget-wrap elementor-element-populated\">\n\t\t\t\t\t\t<div class=\"elementor-element elementor-element-409a3c4b elementor-widget elementor-widget-gva-heading-block\" data-id=\"409a3c4b\" data-element_type=\"widget\" data-e-type=\"widget\" data-widget_type=\"gva-heading-block.default\">\n\t\t\t\t<div class=\"elementor-widget-container\">\n\t\t\t\t\t<div class=\"gva-element-gva-heading-block gva-element\">   <div class=\"align-left style-1 widget gsc-heading box-align-left auto-responsive\">\r\n      <div class=\"content-inner\">\r\n         \r\n         \r\n         \r\n           \r\n         \r\n                     <h2 class=\"title\">\r\n               <span>Do you need a specialist?\nAre you suffering from a similar problem?<\/span>\r\n            <\/h2>\r\n                  \r\n         \r\n      <\/div>\r\n   <\/div>\r\n<\/div>\t\t\t\t<\/div>\n\t\t\t\t<\/div>\n\t\t\t\t\t<\/div>\n\t\t<\/div>\n\t\t\t\t<div class=\"elementor-column elementor-col-50 elementor-top-column elementor-element elementor-element-dfdf591\" data-id=\"dfdf591\" data-element_type=\"column\" data-e-type=\"column\">\n\t\t\t<div class=\"elementor-widget-wrap elementor-element-populated\">\n\t\t\t\t\t\t<div class=\"elementor-element elementor-element-243d40c7 elementor-widget__width-auto elementor-widget elementor-widget-html\" data-id=\"243d40c7\" data-element_type=\"widget\" data-e-type=\"widget\" data-widget_type=\"html.default\">\n\t\t\t\t<div class=\"elementor-widget-container\">\n\t\t\t\t\t<a class=\"btn-white\" href=\"https:\/\/aplikacja.medyc.pl\/AmedsPortal\">\n    Make an appointment\n<\/a>\t\t\t\t<\/div>\n\t\t\t\t<\/div>\n\t\t\t\t\t<\/div>\n\t\t<\/div>\n\t\t\t\t\t<\/div>\n\t\t<\/section>\n\t\t\t\t<\/div>","protected":false},"excerpt":{"rendered":"<p>Dr Ewa Wlaz\u0142owska-Struzik Kardiolog Dr Ewa Wlaz\u0142owska-Struzik Dr Ewa Wlaz\u0142owska-Struzik jest specjalistk\u0105 kardiologii z do\u015bwiadczeniem w elektrofizjologii i nowoczesnych metodach leczenia zaburze\u0144 rytmu serca. Na co dzie\u0144 dr Wlaz\u0142owska-Struzik jest zwi\u0105zana z Pracowni\u0105 Elektrofizjologii Kliniki Kardiologii Szpitala Klinicznego Dzieci\u0105tka Jezus w Warszawie, gdzie wykonuje zabiegi implantacji stymulator\u00f3w obejmuj\u0105ce stymulacj\u0119 uk\u0142adu przewodz\u0105cego serca (CSP), przeprowadza zabiegi [&hellip;]<\/p>\n","protected":false},"author":16,"featured_media":2714,"parent":14,"menu_order":2,"comment_status":"closed","ping_status":"closed","template":"","meta":{"footnotes":""},"class_list":["post-13107","page","type-page","status-publish","has-post-thumbnail","hentry"],"yoast_head":"<!-- This site is optimized with the Yoast SEO plugin v27.0 - https:\/\/yoast.com\/product\/yoast-seo-wordpress\/ -->\n<title>dr Ewa Wlaz\u0142owska Struzik<\/title>\n<meta name=\"robots\" content=\"index, follow, max-snippet:-1, max-image-preview:large, max-video-preview:-1\" \/>\n<link rel=\"canonical\" href=\"https:\/\/klinikadlamezczyzn.pl\/en\/our-specialists\/urologist-dr-piotr-dzigowski-2\/\" \/>\n<meta property=\"og:locale\" content=\"en_GB\" \/>\n<meta property=\"og:type\" content=\"article\" \/>\n<meta property=\"og:title\" content=\"dr Ewa Wlaz\u0142owska Struzik\" \/>\n<meta property=\"og:description\" content=\"Dr Ewa Wlaz\u0142owska-Struzik Kardiolog Dr Ewa Wlaz\u0142owska-Struzik Dr Ewa Wlaz\u0142owska-Struzik jest specjalistk\u0105 kardiologii z do\u015bwiadczeniem w elektrofizjologii i nowoczesnych metodach leczenia zaburze\u0144 rytmu serca. Na co dzie\u0144 dr Wlaz\u0142owska-Struzik jest zwi\u0105zana z Pracowni\u0105 Elektrofizjologii Kliniki Kardiologii Szpitala Klinicznego Dzieci\u0105tka Jezus w Warszawie, gdzie wykonuje zabiegi implantacji stymulator\u00f3w obejmuj\u0105ce stymulacj\u0119 uk\u0142adu przewodz\u0105cego serca (CSP), przeprowadza zabiegi [&hellip;]\" \/>\n<meta property=\"og:url\" content=\"https:\/\/klinikadlamezczyzn.pl\/en\/our-specialists\/urologist-dr-piotr-dzigowski-2\/\" \/>\n<meta property=\"og:site_name\" content=\"Klinika dla m\u0119\u017cczyzn Warszawa\" \/>\n<meta property=\"article:publisher\" content=\"https:\/\/www.facebook.com\/vediclinic\" \/>\n<meta property=\"article:modified_time\" content=\"2025-07-29T12:37:21+00:00\" \/>\n<meta property=\"og:image\" content=\"https:\/\/klinikadlamezczyzn.pl\/wp-content\/uploads\/2019\/09\/Projekt-bez-tytu\u0142u-11.png\" \/>\n\t<meta property=\"og:image:width\" content=\"768\" \/>\n\t<meta property=\"og:image:height\" content=\"624\" \/>\n\t<meta property=\"og:image:type\" content=\"image\/png\" \/>\n<meta name=\"twitter:card\" content=\"summary_large_image\" \/>\n<meta name=\"twitter:label1\" content=\"Estimated reading time\" \/>\n\t<meta name=\"twitter:data1\" content=\"2 minutes\" \/>\n<script type=\"application\/ld+json\" class=\"yoast-schema-graph\">{\"@context\":\"https:\/\/schema.org\",\"@graph\":[{\"@type\":\"WebPage\",\"@id\":\"https:\/\/klinikadlamezczyzn.pl\/nasi-specjalisci\/dr-ewa-wlazlowska-struzik\/\",\"url\":\"https:\/\/klinikadlamezczyzn.pl\/nasi-specjalisci\/dr-ewa-wlazlowska-struzik\/\",\"name\":\"dr Ewa Wlaz\u0142owska Struzik\",\"isPartOf\":{\"@id\":\"https:\/\/klinikadlamezczyzn.pl\/#website\"},\"primaryImageOfPage\":{\"@id\":\"https:\/\/klinikadlamezczyzn.pl\/nasi-specjalisci\/dr-ewa-wlazlowska-struzik\/#primaryimage\"},\"image\":{\"@id\":\"https:\/\/klinikadlamezczyzn.pl\/nasi-specjalisci\/dr-ewa-wlazlowska-struzik\/#primaryimage\"},\"thumbnailUrl\":\"https:\/\/klinikadlamezczyzn.pl\/wp-content\/uploads\/2019\/09\/Projekt-bez-tytu\u0142u-11.png\",\"datePublished\":\"2025-07-29T11:34:24+00:00\",\"dateModified\":\"2025-07-29T12:37:21+00:00\",\"breadcrumb\":{\"@id\":\"https:\/\/klinikadlamezczyzn.pl\/nasi-specjalisci\/dr-ewa-wlazlowska-struzik\/#breadcrumb\"},\"inLanguage\":\"en-GB\",\"potentialAction\":[{\"@type\":\"ReadAction\",\"target\":[\"https:\/\/klinikadlamezczyzn.pl\/nasi-specjalisci\/dr-ewa-wlazlowska-struzik\/\"]}]},{\"@type\":\"ImageObject\",\"inLanguage\":\"en-GB\",\"@id\":\"https:\/\/klinikadlamezczyzn.pl\/nasi-specjalisci\/dr-ewa-wlazlowska-struzik\/#primaryimage\",\"url\":\"https:\/\/klinikadlamezczyzn.pl\/wp-content\/uploads\/2019\/09\/Projekt-bez-tytu\u0142u-11.png\",\"contentUrl\":\"https:\/\/klinikadlamezczyzn.pl\/wp-content\/uploads\/2019\/09\/Projekt-bez-tytu\u0142u-11.png\",\"width\":768,\"height\":624},{\"@type\":\"BreadcrumbList\",\"@id\":\"https:\/\/klinikadlamezczyzn.pl\/nasi-specjalisci\/dr-ewa-wlazlowska-struzik\/#breadcrumb\",\"itemListElement\":[{\"@type\":\"ListItem\",\"position\":1,\"name\":\"Nasi specjali\u015bci\",\"item\":\"https:\/\/klinikadlamezczyzn.pl\/nasi-specjalisci\/\"},{\"@type\":\"ListItem\",\"position\":2,\"name\":\"Dr Ewa Wlaz\u0142owska-Struzik\"}]},{\"@type\":\"WebSite\",\"@id\":\"https:\/\/klinikadlamezczyzn.pl\/#website\",\"url\":\"https:\/\/klinikadlamezczyzn.pl\/\",\"name\":\"Klinika dla m\u0119\u017cczyzn Warszawa\",\"description\":\"\",\"publisher\":{\"@id\":\"https:\/\/klinikadlamezczyzn.pl\/#organization\"},\"potentialAction\":[{\"@type\":\"SearchAction\",\"target\":{\"@type\":\"EntryPoint\",\"urlTemplate\":\"https:\/\/klinikadlamezczyzn.pl\/?s={search_term_string}\"},\"query-input\":{\"@type\":\"PropertyValueSpecification\",\"valueRequired\":true,\"valueName\":\"search_term_string\"}}],\"inLanguage\":\"en-GB\"},{\"@type\":\"Organization\",\"@id\":\"https:\/\/klinikadlamezczyzn.pl\/#organization\",\"name\":\"VEDI Clinic\",\"url\":\"https:\/\/klinikadlamezczyzn.pl\/\",\"logo\":{\"@type\":\"ImageObject\",\"inLanguage\":\"en-GB\",\"@id\":\"https:\/\/klinikadlamezczyzn.pl\/#\/schema\/logo\/image\/\",\"url\":\"https:\/\/klinikadlamezczyzn.pl\/wp-content\/uploads\/2021\/10\/VEDI-logo-dark.png\",\"contentUrl\":\"https:\/\/klinikadlamezczyzn.pl\/wp-content\/uploads\/2021\/10\/VEDI-logo-dark.png\",\"width\":120,\"height\":56,\"caption\":\"VEDI Clinic\"},\"image\":{\"@id\":\"https:\/\/klinikadlamezczyzn.pl\/#\/schema\/logo\/image\/\"},\"sameAs\":[\"https:\/\/www.facebook.com\/vediclinic\"]}]}<\/script>\n<!-- \/ Yoast SEO plugin. -->","yoast_head_json":{"title":"dr Ewa Wlaz\u0142owska Struzik","robots":{"index":"index","follow":"follow","max-snippet":"max-snippet:-1","max-image-preview":"max-image-preview:large","max-video-preview":"max-video-preview:-1"},"canonical":"https:\/\/klinikadlamezczyzn.pl\/en\/our-specialists\/urologist-dr-piotr-dzigowski-2\/","og_locale":"en_GB","og_type":"article","og_title":"dr Ewa Wlaz\u0142owska Struzik","og_description":"Dr Ewa Wlaz\u0142owska-Struzik Kardiolog Dr Ewa Wlaz\u0142owska-Struzik Dr Ewa Wlaz\u0142owska-Struzik jest specjalistk\u0105 kardiologii z do\u015bwiadczeniem w elektrofizjologii i nowoczesnych metodach leczenia zaburze\u0144 rytmu serca. Na co dzie\u0144 dr Wlaz\u0142owska-Struzik jest zwi\u0105zana z Pracowni\u0105 Elektrofizjologii Kliniki Kardiologii Szpitala Klinicznego Dzieci\u0105tka Jezus w Warszawie, gdzie wykonuje zabiegi implantacji stymulator\u00f3w obejmuj\u0105ce stymulacj\u0119 uk\u0142adu przewodz\u0105cego serca (CSP), przeprowadza zabiegi [&hellip;]","og_url":"https:\/\/klinikadlamezczyzn.pl\/en\/our-specialists\/urologist-dr-piotr-dzigowski-2\/","og_site_name":"Klinika dla m\u0119\u017cczyzn Warszawa","article_publisher":"https:\/\/www.facebook.com\/vediclinic","article_modified_time":"2025-07-29T12:37:21+00:00","og_image":[{"width":768,"height":624,"url":"https:\/\/klinikadlamezczyzn.pl\/wp-content\/uploads\/2019\/09\/Projekt-bez-tytu\u0142u-11.png","type":"image\/png"}],"twitter_card":"summary_large_image","twitter_misc":{"Estimated reading time":"2 minutes"},"schema":{"@context":"https:\/\/schema.org","@graph":[{"@type":"WebPage","@id":"https:\/\/klinikadlamezczyzn.pl\/nasi-specjalisci\/dr-ewa-wlazlowska-struzik\/","url":"https:\/\/klinikadlamezczyzn.pl\/nasi-specjalisci\/dr-ewa-wlazlowska-struzik\/","name":"dr Ewa Wlaz\u0142owska Struzik","isPartOf":{"@id":"https:\/\/klinikadlamezczyzn.pl\/#website"},"primaryImageOfPage":{"@id":"https:\/\/klinikadlamezczyzn.pl\/nasi-specjalisci\/dr-ewa-wlazlowska-struzik\/#primaryimage"},"image":{"@id":"https:\/\/klinikadlamezczyzn.pl\/nasi-specjalisci\/dr-ewa-wlazlowska-struzik\/#primaryimage"},"thumbnailUrl":"https:\/\/klinikadlamezczyzn.pl\/wp-content\/uploads\/2019\/09\/Projekt-bez-tytu\u0142u-11.png","datePublished":"2025-07-29T11:34:24+00:00","dateModified":"2025-07-29T12:37:21+00:00","breadcrumb":{"@id":"https:\/\/klinikadlamezczyzn.pl\/nasi-specjalisci\/dr-ewa-wlazlowska-struzik\/#breadcrumb"},"inLanguage":"en-GB","potentialAction":[{"@type":"ReadAction","target":["https:\/\/klinikadlamezczyzn.pl\/nasi-specjalisci\/dr-ewa-wlazlowska-struzik\/"]}]},{"@type":"ImageObject","inLanguage":"en-GB","@id":"https:\/\/klinikadlamezczyzn.pl\/nasi-specjalisci\/dr-ewa-wlazlowska-struzik\/#primaryimage","url":"https:\/\/klinikadlamezczyzn.pl\/wp-content\/uploads\/2019\/09\/Projekt-bez-tytu\u0142u-11.png","contentUrl":"https:\/\/klinikadlamezczyzn.pl\/wp-content\/uploads\/2019\/09\/Projekt-bez-tytu\u0142u-11.png","width":768,"height":624},{"@type":"BreadcrumbList","@id":"https:\/\/klinikadlamezczyzn.pl\/nasi-specjalisci\/dr-ewa-wlazlowska-struzik\/#breadcrumb","itemListElement":[{"@type":"ListItem","position":1,"name":"Nasi specjali\u015bci","item":"https:\/\/klinikadlamezczyzn.pl\/nasi-specjalisci\/"},{"@type":"ListItem","position":2,"name":"Dr Ewa Wlaz\u0142owska-Struzik"}]},{"@type":"WebSite","@id":"https:\/\/klinikadlamezczyzn.pl\/#website","url":"https:\/\/klinikadlamezczyzn.pl\/","name":"Men's clinic Warsaw","description":"","publisher":{"@id":"https:\/\/klinikadlamezczyzn.pl\/#organization"},"potentialAction":[{"@type":"SearchAction","target":{"@type":"EntryPoint","urlTemplate":"https:\/\/klinikadlamezczyzn.pl\/?s={search_term_string}"},"query-input":{"@type":"PropertyValueSpecification","valueRequired":true,"valueName":"search_term_string"}}],"inLanguage":"en-GB"},{"@type":"Organization","@id":"https:\/\/klinikadlamezczyzn.pl\/#organization","name":"VEDI Clinic","url":"https:\/\/klinikadlamezczyzn.pl\/","logo":{"@type":"ImageObject","inLanguage":"en-GB","@id":"https:\/\/klinikadlamezczyzn.pl\/#\/schema\/logo\/image\/","url":"https:\/\/klinikadlamezczyzn.pl\/wp-content\/uploads\/2021\/10\/VEDI-logo-dark.png","contentUrl":"https:\/\/klinikadlamezczyzn.pl\/wp-content\/uploads\/2021\/10\/VEDI-logo-dark.png","width":120,"height":56,"caption":"VEDI Clinic"},"image":{"@id":"https:\/\/klinikadlamezczyzn.pl\/#\/schema\/logo\/image\/"},"sameAs":["https:\/\/www.facebook.com\/vediclinic"]}]}},"_links":{"self":[{"href":"https:\/\/klinikadlamezczyzn.pl\/en\/wp-json\/wp\/v2\/pages\/13107","targetHints":{"allow":["GET"]}}],"collection":[{"href":"https:\/\/klinikadlamezczyzn.pl\/en\/wp-json\/wp\/v2\/pages"}],"about":[{"href":"https:\/\/klinikadlamezczyzn.pl\/en\/wp-json\/wp\/v2\/types\/page"}],"author":[{"embeddable":true,"href":"https:\/\/klinikadlamezczyzn.pl\/en\/wp-json\/wp\/v2\/users\/16"}],"replies":[{"embeddable":true,"href":"https:\/\/klinikadlamezczyzn.pl\/en\/wp-json\/wp\/v2\/comments?post=13107"}],"version-history":[{"count":0,"href":"https:\/\/klinikadlamezczyzn.pl\/en\/wp-json\/wp\/v2\/pages\/13107\/revisions"}],"up":[{"embeddable":true,"href":"https:\/\/klinikadlamezczyzn.pl\/en\/wp-json\/wp\/v2\/pages\/14"}],"wp:featuredmedia":[{"embeddable":true,"href":"https:\/\/klinikadlamezczyzn.pl\/en\/wp-json\/wp\/v2\/media\/2714"}],"wp:attachment":[{"href":"https:\/\/klinikadlamezczyzn.pl\/en\/wp-json\/wp\/v2\/media?parent=13107"}],"curies":[{"name":"WP","href":"https:\/\/api.w.org\/{rel}","templated":true}]}}